{"id":3691,"date":"2026-02-20T17:03:16","date_gmt":"2026-02-20T17:03:16","guid":{"rendered":"https:\/\/lavalovecacao.com\/product\/formacion-online-nivel-2\/"},"modified":"2026-03-20T18:27:53","modified_gmt":"2026-03-20T18:27:53","slug":"formacion-online-nivel-2","status":"publish","type":"product","link":"https:\/\/lavalovecacao.com\/es\/producto\/formacion-online-nivel-2\/","title":{"rendered":"Formaci\u00f3n online &#8211; Nivel 2"},"content":{"rendered":"<div class=\"page\" title=\"P\u00e1gina 3\">\n<div class=\"layoutArea\">\n<div class=\"column\">\n<p>Este Nivel 2 es para ti si&#8230;<br \/>\n\u2022 Ya trabajas con el cacao.<br \/>\n\u2022 Ya has facilitado o asistido en ceremonias.<br \/>\n\u2022 Conoces la cosmovisi\u00f3n maya y los cuadrantes.<\/p>\n<p>La Formaci\u00f3n de Facilitadores de Cacao \u2013 Nivel 2 es un proceso avanzado para personas que ya han completado el Nivel 1 con Lavalove Cacao y tienen experiencia previa en ceremonias de cacao y conocimientos de la cosmovisi\u00f3n maya.<\/p>\n<p>Este nivel se centra en la integraci\u00f3n profunda, la \u00e9tica ceremonial y el sost\u00e9n consciente del c\u00edrculo. Buscamos despertar, organizar y profundizar en lo aprendido, fortaleciendo la presencia del facilitador, su congruencia de vida y su capacidad para acompa\u00f1ar procesos individuales y colectivos con respeto al tiempo sagrado.<\/p>\n<\/div>\n<\/div>\n<\/div>\n","protected":false},"excerpt":{"rendered":"<p>Un proceso avanzado para personas que ya han completado el Nivel 1 con Lavalove Cacao y tienen experiencia previa en ceremonias de cacao y conocimientos de la cosmovisi\u00f3n maya.<\/p>\n","protected":false},"featured_media":2014,"template":"","meta":[],"product_brand":[],"product_cat":[56],"product_tag":[],"class_list":{"0":"post-3691","1":"product","2":"type-product","3":"status-publish","4":"has-post-thumbnail","6":"product_cat-formaciones","8":"first","9":"instock","10":"sold-individually","11":"purchasable","12":"product-type-variable"},"_links":{"self":[{"href":"https:\/\/lavalovecacao.com\/es\/wp-json\/wp\/v2\/product\/3691","targetHints":{"allow":["GET"]}}],"collection":[{"href":"https:\/\/lavalovecacao.com\/es\/wp-json\/wp\/v2\/product"}],"about":[{"href":"https:\/\/lavalovecacao.com\/es\/wp-json\/wp\/v2\/types\/product"}],"wp:featuredmedia":[{"embeddable":true,"href":"https:\/\/lavalovecacao.com\/es\/wp-json\/wp\/v2\/media\/2014"}],"wp:attachment":[{"href":"https:\/\/lavalovecacao.com\/es\/wp-json\/wp\/v2\/media?parent=3691"}],"wp:term":[{"taxonomy":"product_brand","embeddable":true,"href":"https:\/\/lavalovecacao.com\/es\/wp-json\/wp\/v2\/product_brand?post=3691"},{"taxonomy":"product_cat","embeddable":true,"href":"https:\/\/lavalovecacao.com\/es\/wp-json\/wp\/v2\/product_cat?post=3691"},{"taxonomy":"product_tag","embeddable":true,"href":"https:\/\/lavalovecacao.com\/es\/wp-json\/wp\/v2\/product_tag?post=3691"}],"curies":[{"name":"wp","href":"https:\/\/api.w.org\/{rel}","templated":true}]}}