{"id":3685,"date":"2025-11-24T21:51:03","date_gmt":"2025-11-24T21:51:03","guid":{"rendered":"https:\/\/lavalovecacao.com\/product\/barras-de-cacao-ceremonial\/"},"modified":"2025-11-24T21:51:03","modified_gmt":"2025-11-24T21:51:03","slug":"barras-de-cacao-ceremonial","status":"publish","type":"product","link":"https:\/\/lavalovecacao.com\/es\/producto\/barras-de-cacao-ceremonial\/","title":{"rendered":"Barras de Cacao Ceremonial"},"content":{"rendered":"<p>Cacao artesanal hecho a mano, sin az\u00facar, para uso ceremonial, colectivo y personal. Una barra de cacao puede preparar de 11 a 16 tazas de cacao, utilizando entre 4 y 28 gramos por taza. A tu gusto, a\u00f1ade: canela, cardamomo, vainilla, edulcorante (miel). \u00a1Disfruta!   <\/p>\n<p>Lavalove Cacao Bar es una barra de cacao ceremonial 100% artesanal, elaborada a mano en Guatemala con semillas ind\u00edgenas cuidadosamente seleccionadas. Creada con intenci\u00f3n y respeto ancestral, abre el coraz\u00f3n, nutre el cuerpo y acompa\u00f1a ceremonias, rituales y momentos de conexi\u00f3n consciente. <\/p>\n","protected":false},"excerpt":{"rendered":"<p>Lavalove Cacao Bar es una barra de cacao ceremonial 100% artesanal, elaborada a mano en Guatemala con semillas ind\u00edgenas cuidadosamente seleccionadas. Creada con intenci\u00f3n y respeto ancestral, abre el coraz\u00f3n, nutre el cuerpo y acompa\u00f1a ceremonias, rituales y momentos de conexi\u00f3n consciente. <\/p>\n<p><em>Los gastos de env\u00edo se a\u00f1adir\u00e1n al finalizar la compra<\/em><\/p>\n","protected":false},"featured_media":2649,"template":"","meta":[],"product_brand":[38],"product_cat":[53],"product_tag":[54,55],"class_list":{"0":"post-3685","1":"product","2":"type-product","3":"status-publish","4":"has-post-thumbnail","6":"product_brand-lavalove-cacao","7":"product_cat-cacao-ceremonial","8":"product_tag-cacao","9":"product_tag-cacao-ceremonial","11":"first","12":"instock","13":"taxable","14":"shipping-taxable","15":"purchasable","16":"product-type-variable"},"_links":{"self":[{"href":"https:\/\/lavalovecacao.com\/es\/wp-json\/wp\/v2\/product\/3685","targetHints":{"allow":["GET"]}}],"collection":[{"href":"https:\/\/lavalovecacao.com\/es\/wp-json\/wp\/v2\/product"}],"about":[{"href":"https:\/\/lavalovecacao.com\/es\/wp-json\/wp\/v2\/types\/product"}],"wp:featuredmedia":[{"embeddable":true,"href":"https:\/\/lavalovecacao.com\/es\/wp-json\/wp\/v2\/media\/2649"}],"wp:attachment":[{"href":"https:\/\/lavalovecacao.com\/es\/wp-json\/wp\/v2\/media?parent=3685"}],"wp:term":[{"taxonomy":"product_brand","embeddable":true,"href":"https:\/\/lavalovecacao.com\/es\/wp-json\/wp\/v2\/product_brand?post=3685"},{"taxonomy":"product_cat","embeddable":true,"href":"https:\/\/lavalovecacao.com\/es\/wp-json\/wp\/v2\/product_cat?post=3685"},{"taxonomy":"product_tag","embeddable":true,"href":"https:\/\/lavalovecacao.com\/es\/wp-json\/wp\/v2\/product_tag?post=3685"}],"curies":[{"name":"wp","href":"https:\/\/api.w.org\/{rel}","templated":true}]}}