{"id":3724,"date":"2023-01-29T22:58:41","date_gmt":"2023-01-29T22:58:41","guid":{"rendered":"https:\/\/lavalovecacao.com\/ceremonias-de-fuego-y-cacao\/"},"modified":"2026-02-21T22:20:53","modified_gmt":"2026-02-21T22:20:53","slug":"ceremonias-de-fuego-y-cacao","status":"publish","type":"page","link":"https:\/\/lavalovecacao.com\/es\/ceremonias-de-fuego-y-cacao\/","title":{"rendered":"Ceremonias de Fuego y Cacao"},"content":{"rendered":"\t\t<div data-elementor-type=\"wp-page\" data-elementor-id=\"3724\" class=\"elementor elementor-3724 elementor-1650\" data-elementor-post-type=\"page\">\n\t\t\t\t\t\t<section class=\"elementor-section elementor-inner-section elementor-element elementor-element-cf09ff0 elementor-section-full_width elementor-section-height-default elementor-section-height-default\" data-id=\"cf09ff0\" data-element_type=\"section\" data-e-type=\"section\" data-settings=\"{&quot;background_background&quot;:&quot;classic&quot;}\">\n\t\t\t\t\t\t<div class=\"elementor-container elementor-column-gap-default\">\n\t\t\t\t\t<div class=\"elementor-column elementor-col-16 elementor-inner-column elementor-element elementor-element-65a452a6\" data-id=\"65a452a6\" data-element_type=\"column\" data-e-type=\"column\" data-settings=\"{&quot;background_background&quot;:&quot;gradient&quot;}\">\n\t\t\t<div class=\"elementor-widget-wrap\">\n\t\t\t\t\t\t\t<\/div>\n\t\t<\/div>\n\t\t\t\t<div class=\"elementor-column elementor-col-66 elementor-inner-column elementor-element elementor-element-5a312fd6\" data-id=\"5a312fd6\" data-element_type=\"column\" data-e-type=\"column\">\n\t\t\t<div class=\"elementor-widget-wrap elementor-element-populated\">\n\t\t\t\t\t\t<div class=\"elementor-element elementor-element-3d681ad elementor-widget elementor-widget-heading\" data-id=\"3d681ad\" data-element_type=\"widget\" data-e-type=\"widget\" data-widget_type=\"heading.default\">\n\t\t\t\t\t<h1 class=\"elementor-heading-title elementor-size-default\">Ceremonias Sagradas de Fuego y Cacao <\/h1>\t\t\t\t<\/div>\n\t\t\t\t<div class=\"elementor-element elementor-element-3751b234 elementor-widget-divider--view-line elementor-widget elementor-widget-divider\" data-id=\"3751b234\" data-element_type=\"widget\" data-e-type=\"widget\" data-widget_type=\"divider.default\">\n\t\t\t\t\t\t\t<div class=\"elementor-divider\">\n\t\t\t<span class=\"elementor-divider-separator\">\n\t\t\t\t\t\t<\/span>\n\t\t<\/div>\n\t\t\t\t\t\t<\/div>\n\t\t\t\t<div class=\"elementor-element elementor-element-3598fcc5 elementor-widget elementor-widget-heading\" data-id=\"3598fcc5\" data-element_type=\"widget\" data-e-type=\"widget\" data-widget_type=\"heading.default\">\n\t\t\t\t\t<h4 class=\"elementor-heading-title elementor-size-default\">\"Compartiendo la sabidur\u00eda de nuestros Ancestros Los Mayas\"<\/h4>\t\t\t\t<\/div>\n\t\t\t\t<div class=\"elementor-element elementor-element-5a44e46 elementor-widget elementor-widget-image\" data-id=\"5a44e46\" data-element_type=\"widget\" data-e-type=\"widget\" data-widget_type=\"image.default\">\n\t\t\t\t\t\t\t\t\t\t\t\t\t\t\t<img fetchpriority=\"high\" decoding=\"async\" width=\"800\" height=\"533\" src=\"https:\/\/lavalovecacao.com\/wp-content\/uploads\/2022\/02\/4.jpg\" class=\"attachment-large size-large wp-image-1012\" alt=\"\" srcset=\"https:\/\/lavalovecacao.com\/wp-content\/uploads\/2022\/02\/4.jpg 949w, https:\/\/lavalovecacao.com\/wp-content\/uploads\/2022\/02\/4-600x400.jpg 600w, https:\/\/lavalovecacao.com\/wp-content\/uploads\/2022\/02\/4-300x200.jpg 300w, https:\/\/lavalovecacao.com\/wp-content\/uploads\/2022\/02\/4-768x511.jpg 768w\" sizes=\"(max-width: 800px) 100vw, 800px\" \/>\t\t\t\t\t\t\t\t\t\t\t\t\t\t\t<\/div>\n\t\t\t\t<div class=\"elementor-element elementor-element-4dd3d3d elementor-widget elementor-widget-text-editor\" data-id=\"4dd3d3d\" data-element_type=\"widget\" data-e-type=\"widget\" data-widget_type=\"text-editor.default\">\n\t\t\t\t\t\t\t\t\t<div>\n<p><span lang=\"EN-US\">La vida es una Ceremonia cuando vives con un prop\u00f3sito. Nuestras Ceremonias de Cacao son un espacio donde puedes rezar de forma sagrada, invitando a que tus sentimientos sean sentidos y conectando con tu Ser. En este espacio tus miedos, dolor y luchas tambi\u00e9n son bienvenidos como ofrenda al fuego sagrado, donde potencialmente ser\u00e1n transmutados en felicidad, salud, armon\u00eda, paz, amor y unidad.  <\/span><\/p>\n<\/div>\n<div>\n<p><span lang=\"EN-US\">En una Ceremonia Maya de Fuego Sagrado y Cacao podr\u00edas recibir una breve descripci\u00f3n de tu Nahual sagrado (Energ\u00eda Maya) seg\u00fan tu fecha de nacimiento. Este es un regalo de sabidur\u00eda ancestral, gu\u00eda, inspiraci\u00f3n, la experiencia y a\u00f1os practicando conocimiento antiguo y trabajo energ\u00e9tico diario en un camino de vida sagrado. <\/span><\/p>\n<\/div>\n<div>\n<p><span lang=\"EN-US\">Ven y reza junto a nosotros por ti y por tus seres queridos, para liberar lo que ya no se necesita, para mostrar gratitud, dar la bienvenida o sembrar cosas buenas en el coraz\u00f3n del fuego sagrado. <\/span><\/p>\n<p><span style=\"color: var( --e-global-color-53d9c0c );\">Damos la bienvenida a todos los seres, ya que todos somos hijos del Padre Cielo y la Madre Tierra.<\/span><\/p>\n<\/div>\n<div>\n<p><span lang=\"EN-US\">Utz A Petik \u2013 Bienvenido <\/span><\/p>\n<\/div>\t\t\t\t\t\t\t\t<\/div>\n\t\t\t\t<div class=\"elementor-element elementor-element-0a70417 elementor-widget elementor-widget-heading\" data-id=\"0a70417\" data-element_type=\"widget\" data-e-type=\"widget\" data-widget_type=\"heading.default\">\n\t\t\t\t\t<h3 class=\"elementor-heading-title elementor-size-medium\">ACERCA DE NUESTRAS CEREMONIAS<\/h3>\t\t\t\t<\/div>\n\t\t\t\t<div class=\"elementor-element elementor-element-79b9fb5 elementor-widget elementor-widget-text-editor\" data-id=\"79b9fb5\" data-element_type=\"widget\" data-e-type=\"widget\" data-widget_type=\"text-editor.default\">\n\t\t\t\t\t\t\t\t\t<p>\u27d0\u27d0\u27d0\u27d0\u27d0<\/p>\t\t\t\t\t\t\t\t<\/div>\n\t\t\t\t<div class=\"elementor-element elementor-element-427e0bcd elementor-widget elementor-widget-heading\" data-id=\"427e0bcd\" data-element_type=\"widget\" data-e-type=\"widget\" data-widget_type=\"heading.default\">\n\t\t\t\t\t<h4 class=\"elementor-heading-title elementor-size-default\">Hablemos con el Esp\u00edritu de la vida, comuniquemos nuestros sentimientos y devolvamos a trav\u00e9s de las oraciones.<\/h4>\t\t\t\t<\/div>\n\t\t\t\t<div class=\"elementor-element elementor-element-63773db0 elementor-widget elementor-widget-heading\" data-id=\"63773db0\" data-element_type=\"widget\" data-e-type=\"widget\" data-widget_type=\"heading.default\">\n\t\t\t\t\t<h6 class=\"elementor-heading-title elementor-size-medium\">Ceremonia de Fuego TOJ (Ofrenda Sagrada)<\/h6>\t\t\t\t<\/div>\n\t\t\t\t<div class=\"elementor-element elementor-element-4c0ba83d elementor-widget-divider--view-line elementor-widget elementor-widget-divider\" data-id=\"4c0ba83d\" data-element_type=\"widget\" data-e-type=\"widget\" data-widget_type=\"divider.default\">\n\t\t\t\t\t\t\t<div class=\"elementor-divider\">\n\t\t\t<span class=\"elementor-divider-separator\">\n\t\t\t\t\t\t<\/span>\n\t\t<\/div>\n\t\t\t\t\t\t<\/div>\n\t\t\t\t<div class=\"elementor-element elementor-element-72710b04 elementor-widget elementor-widget-image\" data-id=\"72710b04\" data-element_type=\"widget\" data-e-type=\"widget\" data-widget_type=\"image.default\">\n\t\t\t\t\t\t\t\t\t\t\t\t\t\t\t<img decoding=\"async\" width=\"421\" height=\"632\" src=\"https:\/\/lavalovecacao.com\/wp-content\/uploads\/2022\/02\/15.jpg\" class=\"attachment-large size-large wp-image-1022\" alt=\"\" srcset=\"https:\/\/lavalovecacao.com\/wp-content\/uploads\/2022\/02\/15.jpg 421w, https:\/\/lavalovecacao.com\/wp-content\/uploads\/2022\/02\/15-200x300.jpg 200w\" sizes=\"(max-width: 421px) 100vw, 421px\" \/>\t\t\t\t\t\t\t\t\t\t\t\t\t\t\t<\/div>\n\t\t\t\t<div class=\"elementor-element elementor-element-27bde4c5 elementor-widget elementor-widget-text-editor\" data-id=\"27bde4c5\" data-element_type=\"widget\" data-e-type=\"widget\" data-widget_type=\"text-editor.default\">\n\t\t\t\t\t\t\t\t\t<div>\n<p><span lang=\"EN-US\">El fuego es un elemento Sagrado y ancestral, creemos que es el O\u00eddo del Creador (Toj) para escuchar nuestras ofrendas que pagamos con nuestras flores, madera especial, semillas y hierbas como una forma de devolver al esp\u00edritu sagrado. El O\u00eddo de Ajaw, es pura presencia y escucha las oraciones que vienen del coraz\u00f3n.  <\/span><\/p>\n<p><span lang=\"EN-US\">Seg\u00fan el Nahual (Esp\u00edritu de ese d\u00eda) c<\/span><span style=\"color: var( --e-global-color-53d9c0c );\">ada ceremonia tiene un prop\u00f3sito y antes de que comience ponemos nuestras intenciones hacia ella.<\/span><\/p>\n<\/div>\n<div>\n<p><span lang=\"EN-US\">Seguimos <strong>el Sagrado calendario Maya Tz&#8217;olkin, un calendario ancestral que <\/strong><strong>ha estado vivo y en uso durante miles de cientos de a\u00f1os como una gu\u00eda ancestral para la vida espiritual para dar gracias por nuestra existencia. <\/strong>Es una forma ancestral de pedir a todos los Esp\u00edritus que reciban y transmitan nuestra ofrenda al creador, en los nombres de los 20 Nahuales (energ\u00edas del calendario de 20)<\/span><\/p>\n<\/div>\n<div>\n<p><span lang=\"EN-US\">En el fuego sagrado, damos ofrendas especiales como <em>ocote, copal, inciensos, hierbas y cortezas de origen, resinas, semillas, flores de diferentes colores, etc.<\/em> para pedir al Gran Esp\u00edritu Ajaw que proteja a nuestra gente, nos traiga abundancia, bienestar de la familia y la comunidad. Invocamos el esp\u00edritu de la naturaleza a trav\u00e9s de palabras, elementos, colores, formas e intenciones para recibir lo que estamos pidiendo.  <\/span><\/p>\n<\/div>\t\t\t\t\t\t\t\t<\/div>\n\t\t\t\t<div class=\"elementor-element elementor-element-7b64d429 elementor-widget elementor-widget-heading\" data-id=\"7b64d429\" data-element_type=\"widget\" data-e-type=\"widget\" data-widget_type=\"heading.default\">\n\t\t\t\t\t<h4 class=\"elementor-heading-title elementor-size-default\">En esta ceremonia rezamos a todos los elementos de la Madre Tierra para que nos apoyen en nuestras vidas y los honramos con nuestras ofrendas.<\/h4>\t\t\t\t<\/div>\n\t\t\t\t<div class=\"elementor-element elementor-element-88a7b26 elementor-widget elementor-widget-heading\" data-id=\"88a7b26\" data-element_type=\"widget\" data-e-type=\"widget\" data-widget_type=\"heading.default\">\n\t\t\t\t\t<h4 class=\"elementor-heading-title elementor-size-default\">Los invitamos a transformar lo que ya no nos sirve, a traer bendiciones a nuestras vidas y a todos nuestros familiares.<\/h4>\t\t\t\t<\/div>\n\t\t\t\t<div class=\"elementor-element elementor-element-20bfa899 elementor-widget elementor-widget-text-editor\" data-id=\"20bfa899\" data-element_type=\"widget\" data-e-type=\"widget\" data-widget_type=\"text-editor.default\">\n\t\t\t\t\t\t\t\t\t<p> <\/p>\n<p><span style=\"color: var( --e-global-color-53d9c0c ); font-family: var( --e-global-typography-38ce38e-font-family ), Sans-serif; font-size: var( --e-global-typography-38ce38e-font-size ); font-weight: var( --e-global-typography-38ce38e-font-weight ); letter-spacing: var( --e-global-typography-38ce38e-letter-spacing );\">CU\u00c1NDO:<\/span><\/p>\n<h3>Lunes 13:00<\/h3>\n<p><\/p>\n<figure>\n<table>\n<tbody>\n<tr>\n<td> <\/td>\n<td> <\/td>\n<\/tr>\n<tr>\n<td>12:45 &#8211; <strong>Entrada y Registro<\/strong> Lavalove Cacao &#8211; Tienda <\/td>\n<td> <\/td>\n<\/tr>\n<tr>\n<td>\n<p>13:00 &#8211; <strong>Ceremonia de Preparaci\u00f3n de Apertura<\/strong><br>por <em>Tata Izaias e Izabel<\/em><\/p>\n<p>O un Tata o Nana para comenzar cuando Izaias e Izabel est\u00e9n viajando<\/p>\n<p><strong>Durante la ceremonia<\/strong><\/p>\n<p><i>Ofrendas Especiales dedicadas a nuestros Nahuales individuales.<\/i><\/p>\n<\/td>\n<td> <\/td>\n<\/tr>\n<tr>\n<td>17:30 &#8211; <strong>Ceremonia de cierre<\/strong><\/td>\n<td> <\/td>\n<\/tr>\n<tr>\n<td>\n<p><strong>Sugerencia de vestimenta en la Ceremonia<\/strong><\/p>\n<p><em>Hombre:<\/em> Camisa y pantal\u00f3n blancos o cualquier forma tradicional o ceremonial que conozcas de la tradici\u00f3n con la que est\u00e9s conectado.<\/p>\n<p><em>Mujer:<\/em> Huipil (blusa) blanco o colorido, vestido largo. No en pantalones cortos; si vienes con pantalones, trae una falda corta para ponerte encima.<\/p>\n<p>El significado de la vestimenta es la forma en que nos presentamos ante nuestros gu\u00edas espirituales o ancestros, tambi\u00e9n es un respeto a nuestras ceremonias.<\/p>\n<p class=\"p1\">(Por favor, no uses blusas escotadas o ropa que exponga el ombligo. Evita pantalones ajustados o transparentes.)<\/p>\n<p> <\/p>\n<p>&#8211; <strong>Ofrenda Ceremonial que puedes traer:<\/strong> Flores, semillas, tabaco, velas o una carta de lo que te gustar\u00eda dedicar, liberar o agradecer en tus propias oraciones, cuando tengas una intenci\u00f3n especial.<\/p>\n<p><strong>Opcional:<\/strong> trae maracas, tambor, guitarra o una canci\u00f3n que te gustar\u00eda ofrecer para la ceremonia; nos encanta que se toque y comparta en la ceremonia. <\/p>\n<p class=\"p1\"><b>DIARIO, C\u00c1MARA O TEL\u00c9FONO:<\/b><\/p>\n<p class=\"p1\">Puedes tomar notas si lo deseas. Puedes tomar algunas fotos al principio y al final de la ceremonia. <\/p>\n<p class=\"p1\">Por favor, evita tomar demasiadas fotos para no distraer o interrumpir a los dem\u00e1s.<\/p>\n<p class=\"p1\">Has venido a vivir la experiencia de la ceremonia, no a tomar fotograf\u00edas.<\/p>\n<p> <\/p>\n<p class=\"p1\">La vida es una ceremonia y te invitamos a vivirla con un prop\u00f3sito. <br><br>Maltyox &#8211; Gracias<\/p>\n<\/td>\n<td> <\/td>\n<\/tr>\n<\/tbody>\n<\/table>\n<\/figure>\t\t\t\t\t\t\t\t<\/div>\n\t\t\t\t<div class=\"elementor-element elementor-element-167374d8 elementor-arrows-position-inside elementor-pagination-position-outside elementor-widget elementor-widget-image-carousel\" data-id=\"167374d8\" data-element_type=\"widget\" data-e-type=\"widget\" data-settings=\"{&quot;slides_to_show&quot;:&quot;1&quot;,&quot;navigation&quot;:&quot;both&quot;,&quot;autoplay&quot;:&quot;yes&quot;,&quot;pause_on_hover&quot;:&quot;yes&quot;,&quot;pause_on_interaction&quot;:&quot;yes&quot;,&quot;autoplay_speed&quot;:5000,&quot;infinite&quot;:&quot;yes&quot;,&quot;effect&quot;:&quot;slide&quot;,&quot;speed&quot;:500}\" data-widget_type=\"image-carousel.default\">\n\t\t\t\t\t\t\t<div class=\"elementor-image-carousel-wrapper swiper\" role=\"region\" aria-roledescription=\"carousel\" aria-label=\"Image Carousel\" dir=\"ltr\">\n\t\t\t<div class=\"elementor-image-carousel swiper-wrapper\" aria-live=\"off\">\n\t\t\t\t\t\t\t\t<div class=\"swiper-slide\" role=\"group\" aria-roledescription=\"slide\" aria-label=\"1 de 4\"><figure class=\"swiper-slide-inner\"><img decoding=\"async\" class=\"swiper-slide-image\" src=\"https:\/\/lavalovecacao.com\/wp-content\/uploads\/2021\/10\/IMG_0956-scaled.jpg\" alt=\"IMG_0956\" \/><\/figure><\/div><div class=\"swiper-slide\" role=\"group\" aria-roledescription=\"slide\" aria-label=\"2 de 4\"><figure class=\"swiper-slide-inner\"><img decoding=\"async\" class=\"swiper-slide-image\" src=\"https:\/\/lavalovecacao.com\/wp-content\/uploads\/2021\/11\/IMG_3506.jpg\" alt=\"IMG_3506\" \/><\/figure><\/div><div class=\"swiper-slide\" role=\"group\" aria-roledescription=\"slide\" aria-label=\"3 de 4\"><figure class=\"swiper-slide-inner\"><img decoding=\"async\" class=\"swiper-slide-image\" src=\"https:\/\/lavalovecacao.com\/wp-content\/uploads\/2022\/09\/wayeb2-scaled.jpeg\" alt=\"wayeb2\" \/><\/figure><\/div><div class=\"swiper-slide\" role=\"group\" aria-roledescription=\"slide\" aria-label=\"4 de 4\"><figure class=\"swiper-slide-inner\"><img decoding=\"async\" class=\"swiper-slide-image\" src=\"https:\/\/lavalovecacao.com\/wp-content\/uploads\/2020\/10\/Daniel_SonyaMayanCeremony-DanielLopezPerez-045_1024x1024.jpg\" alt=\"Daniel_SonyaMayanCeremony-DanielLopezPerez-045_1024x1024\" \/><\/figure><\/div>\t\t\t<\/div>\n\t\t\t\t\t\t\t\t\t\t\t\t<div class=\"elementor-swiper-button elementor-swiper-button-prev\" role=\"button\" tabindex=\"0\">\n\t\t\t\t\t\t<svg aria-hidden=\"true\" class=\"e-font-icon-svg e-eicon-chevron-left\" viewBox=\"0 0 1000 1000\" xmlns=\"http:\/\/www.w3.org\/2000\/svg\"><path d=\"M646 125C629 125 613 133 604 142L308 442C296 454 292 471 292 487 292 504 296 521 308 533L604 854C617 867 629 875 646 875 663 875 679 871 692 858 704 846 713 829 713 812 713 796 708 779 692 767L438 487 692 225C700 217 708 204 708 187 708 171 704 154 692 142 675 129 663 125 646 125Z\"><\/path><\/svg>\t\t\t\t\t<\/div>\n\t\t\t\t\t<div class=\"elementor-swiper-button elementor-swiper-button-next\" role=\"button\" tabindex=\"0\">\n\t\t\t\t\t\t<svg aria-hidden=\"true\" class=\"e-font-icon-svg e-eicon-chevron-right\" viewBox=\"0 0 1000 1000\" xmlns=\"http:\/\/www.w3.org\/2000\/svg\"><path d=\"M696 533C708 521 713 504 713 487 713 471 708 454 696 446L400 146C388 133 375 125 354 125 338 125 325 129 313 142 300 154 292 171 292 187 292 204 296 221 308 233L563 492 304 771C292 783 288 800 288 817 288 833 296 850 308 863 321 871 338 875 354 875 371 875 388 867 400 854L696 533Z\"><\/path><\/svg>\t\t\t\t\t<\/div>\n\t\t\t\t\n\t\t\t\t\t\t\t\t\t<div class=\"swiper-pagination\"><\/div>\n\t\t\t\t\t\t\t\t\t<\/div>\n\t\t\t\t\t\t<\/div>\n\t\t\t\t<div class=\"elementor-element elementor-element-1604e7a1 elementor-widget elementor-widget-text-editor\" data-id=\"1604e7a1\" data-element_type=\"widget\" data-e-type=\"widget\" data-widget_type=\"text-editor.default\">\n\t\t\t\t\t\t\t\t\t<p>* No se requiere reserva. En la puerta pedimos tus nombres y tu contacto, incluyendo tu fecha de nacimiento para calcular tu Nahual Maya.  <\/p>\n<p><\/p>\n<figure><\/figure>\t\t\t\t\t\t\t\t<\/div>\n\t\t\t\t<div class=\"elementor-element elementor-element-79d2ab3 elementor-widget elementor-widget-text-editor\" data-id=\"79d2ab3\" data-element_type=\"widget\" data-e-type=\"widget\" data-widget_type=\"text-editor.default\">\n\t\t\t\t\t\t\t\t\t<p><span style=\"color: var( --e-global-color-2da2ef3 ); font-family: Baskervville, sans-serif; font-size: 24px; font-style: italic; letter-spacing: -0.1px;\">Valor de Intercambio: Q250 en la puerta, puedes pagar en efectivo o con tarjeta. <\/span><\/p>\n<p><\/p>\n<figure><\/figure>\t\t\t\t\t\t\t\t<\/div>\n\t\t\t\t<div class=\"elementor-element elementor-element-26e23aa3 elementor-widget elementor-widget-text-editor\" data-id=\"26e23aa3\" data-element_type=\"widget\" data-e-type=\"widget\" data-widget_type=\"text-editor.default\">\n\t\t\t\t\t\t\t\t\t<p>\u27d0\u27d0\u27d0\u27d0\u27d0<\/p>\t\t\t\t\t\t\t\t<\/div>\n\t\t\t\t<div class=\"elementor-element elementor-element-578ad0c8 elementor-cta--skin-classic elementor-animated-content elementor-bg-transform elementor-bg-transform-zoom-in elementor-widget elementor-widget-call-to-action\" data-id=\"578ad0c8\" data-element_type=\"widget\" data-e-type=\"widget\" data-widget_type=\"call-to-action.default\">\n\t\t\t\t\t\t\t<div class=\"elementor-cta\">\n\t\t\t\t\t<div class=\"elementor-cta__bg-wrapper\">\n\t\t\t\t<div class=\"elementor-cta__bg elementor-bg\" style=\"background-image: url(https:\/\/lavalovecacao.com\/wp-content\/uploads\/2021\/10\/IMG_0918-1024x683.jpg);\" role=\"img\" aria-label=\"IMG_0918\"><\/div>\n\t\t\t\t<div class=\"elementor-cta__bg-overlay\"><\/div>\n\t\t\t<\/div>\n\t\t\t\t\t\t\t<div class=\"elementor-cta__content\">\n\t\t\t\t\n\t\t\t\t\t\t\t\t\t<h3 class=\"elementor-cta__title elementor-cta__content-item elementor-content-item\">\n\t\t\t\t\t\tReserva tu propia ceremonia\t\t\t\t\t<\/h3>\n\t\t\t\t\n\t\t\t\t\t\t\t\t\t<div class=\"elementor-cta__description elementor-cta__content-item elementor-content-item\">\n\t\t\t\t\t\tTambi\u00e9n ofrecemos ceremonias especiales para tus eventos y retiros. Cont\u00e1ctanos para crear un momento especial para tus grupos \t\t\t\t\t<\/div>\n\t\t\t\t\n\t\t\t\t\t\t\t\t\t<div class=\"elementor-cta__button-wrapper elementor-cta__content-item elementor-content-item \">\n\t\t\t\t\t<a class=\"elementor-cta__button elementor-button elementor-size-\" href=\"http:\/\/sales@lavalovecacao.com\">\n\t\t\t\t\t\tCONT\u00c1CTANOS\t\t\t\t\t<\/a>\n\t\t\t\t\t<\/div>\n\t\t\t\t\t\t\t<\/div>\n\t\t\t\t\t\t<\/div>\n\t\t\t\t\t\t<\/div>\n\t\t\t\t<div class=\"elementor-element elementor-element-3a4e8741 elementor-widget elementor-widget-heading\" data-id=\"3a4e8741\" data-element_type=\"widget\" data-e-type=\"widget\" data-widget_type=\"heading.default\">\n\t\t\t\t\t<h6 class=\"elementor-heading-title elementor-size-default\">Cr\u00e9ditos de fotograf\u00eda a Daniel Lopez P\u00e9rez &amp; Nehemias Sancoy<\/h6>\t\t\t\t<\/div>\n\t\t\t\t\t<\/div>\n\t\t<\/div>\n\t\t\t\t<div class=\"elementor-column elementor-col-16 elementor-inner-column elementor-element elementor-element-28721e4d\" data-id=\"28721e4d\" data-element_type=\"column\" data-e-type=\"column\">\n\t\t\t<div class=\"elementor-widget-wrap\">\n\t\t\t\t\t\t\t<\/div>\n\t\t<\/div>\n\t\t\t\t\t<\/div>\n\t\t<\/section>\n\t\t\t\t<\/div>\n\t\t","protected":false},"excerpt":{"rendered":"<p>Ceremonias Sagradas de Fuego y Cacao \u00abCompartiendo la sabidur\u00eda de nuestros Ancestros Los Mayas\u00bb La vida es una Ceremonia cuando vives con un prop\u00f3sito. Nuestras Ceremonias de Cacao son un espacio donde puedes rezar de forma sagrada, invitando a que tus sentimientos sean sentidos y conectando con tu Ser. En este espacio tus miedos, dolor [&hellip;]<\/p>\n","protected":false},"author":1,"featured_media":0,"parent":0,"menu_order":0,"comment_status":"closed","ping_status":"closed","template":"elementor_header_footer","meta":{"footnotes":""},"class_list":["post-3724","page","type-page","status-publish","hentry"],"_links":{"self":[{"href":"https:\/\/lavalovecacao.com\/es\/wp-json\/wp\/v2\/pages\/3724","targetHints":{"allow":["GET"]}}],"collection":[{"href":"https:\/\/lavalovecacao.com\/es\/wp-json\/wp\/v2\/pages"}],"about":[{"href":"https:\/\/lavalovecacao.com\/es\/wp-json\/wp\/v2\/types\/page"}],"author":[{"embeddable":true,"href":"https:\/\/lavalovecacao.com\/es\/wp-json\/wp\/v2\/users\/1"}],"replies":[{"embeddable":true,"href":"https:\/\/lavalovecacao.com\/es\/wp-json\/wp\/v2\/comments?post=3724"}],"version-history":[{"count":7,"href":"https:\/\/lavalovecacao.com\/es\/wp-json\/wp\/v2\/pages\/3724\/revisions"}],"predecessor-version":[{"id":3731,"href":"https:\/\/lavalovecacao.com\/es\/wp-json\/wp\/v2\/pages\/3724\/revisions\/3731"}],"wp:attachment":[{"href":"https:\/\/lavalovecacao.com\/es\/wp-json\/wp\/v2\/media?parent=3724"}],"curies":[{"name":"wp","href":"https:\/\/api.w.org\/{rel}","templated":true}]}}