{"id":3673,"date":"2025-09-09T23:52:24","date_gmt":"2025-09-09T23:52:24","guid":{"rendered":"https:\/\/lavalovecacao.com\/bano-de-plantas-con-nana-izabel\/"},"modified":"2026-02-21T22:19:46","modified_gmt":"2026-02-21T22:19:46","slug":"bano-de-plantas-con-nana-izabel","status":"publish","type":"page","link":"https:\/\/lavalovecacao.com\/es\/bano-de-plantas-con-nana-izabel\/","title":{"rendered":"Ba\u00f1o de plantas con Nana Izabel"},"content":{"rendered":"\t\t<div data-elementor-type=\"wp-page\" data-elementor-id=\"3673\" class=\"elementor elementor-3673 elementor-2940\" data-elementor-post-type=\"page\">\n\t\t\t\t\t\t<section class=\"elementor-section elementor-top-section elementor-element elementor-element-dafebd5 elementor-section-full_width elementor-section-height-default elementor-section-height-default\" data-id=\"dafebd5\" data-element_type=\"section\" data-e-type=\"section\" data-settings=\"{&quot;background_background&quot;:&quot;classic&quot;}\">\n\t\t\t\t\t\t<div class=\"elementor-container elementor-column-gap-default\">\n\t\t\t\t\t<div class=\"elementor-column elementor-col-100 elementor-top-column elementor-element elementor-element-af911d8\" data-id=\"af911d8\" data-element_type=\"column\" data-e-type=\"column\">\n\t\t\t<div class=\"elementor-widget-wrap elementor-element-populated\">\n\t\t\t\t\t\t<section class=\"elementor-section elementor-inner-section elementor-element elementor-element-31b20e8 elementor-section-full_width elementor-section-height-default elementor-section-height-default\" data-id=\"31b20e8\" data-element_type=\"section\" data-e-type=\"section\" data-settings=\"{&quot;background_background&quot;:&quot;classic&quot;}\">\n\t\t\t\t\t\t<div class=\"elementor-container elementor-column-gap-default\">\n\t\t\t\t\t<div class=\"elementor-column elementor-col-16 elementor-inner-column elementor-element elementor-element-9647261\" data-id=\"9647261\" data-element_type=\"column\" data-e-type=\"column\">\n\t\t\t<div class=\"elementor-widget-wrap\">\n\t\t\t\t\t\t\t<\/div>\n\t\t<\/div>\n\t\t\t\t<div class=\"elementor-column elementor-col-66 elementor-inner-column elementor-element elementor-element-ceef60d\" data-id=\"ceef60d\" data-element_type=\"column\" data-e-type=\"column\">\n\t\t\t<div class=\"elementor-widget-wrap elementor-element-populated\">\n\t\t\t\t\t\t<div class=\"elementor-element elementor-element-5f6f504 elementor-widget elementor-widget-heading\" data-id=\"5f6f504\" data-element_type=\"widget\" data-e-type=\"widget\" data-widget_type=\"heading.default\">\n\t\t\t\t\t<h1 class=\"elementor-heading-title elementor-size-default\">Ba\u00f1o de plantas \/ Ba\u00f1o de plantas \/ Atinem Pq'ayis<\/h1>\t\t\t\t<\/div>\n\t\t\t\t<div class=\"elementor-element elementor-element-f95f58a elementor-widget-divider--view-line elementor-widget elementor-widget-divider\" data-id=\"f95f58a\" data-element_type=\"widget\" data-e-type=\"widget\" data-widget_type=\"divider.default\">\n\t\t\t\t\t\t\t<div class=\"elementor-divider\">\n\t\t\t<span class=\"elementor-divider-separator\">\n\t\t\t\t\t\t<\/span>\n\t\t<\/div>\n\t\t\t\t\t\t<\/div>\n\t\t\t\t<div class=\"elementor-element elementor-element-96c9ef8 elementor-widget elementor-widget-text-editor\" data-id=\"96c9ef8\" data-element_type=\"widget\" data-e-type=\"widget\" data-widget_type=\"text-editor.default\">\n\t\t\t\t\t\t\t\t\t<p>\u27d0\u27d0\u27d0\u27d0\u27d0<\/p>\t\t\t\t\t\t\t\t<\/div>\n\t\t\t\t<div class=\"elementor-element elementor-element-188a776 elementor-widget elementor-widget-image\" data-id=\"188a776\" data-element_type=\"widget\" data-e-type=\"widget\" data-widget_type=\"image.default\">\n\t\t\t\t\t\t\t\t\t\t\t\t\t\t\t<img fetchpriority=\"high\" decoding=\"async\" width=\"768\" height=\"960\" src=\"https:\/\/lavalovecacao.com\/wp-content\/uploads\/2025\/09\/8fafcee9-4c54-4041-94c0-3e9a91d147db-2-768x960.jpg\" class=\"attachment-medium_large size-medium_large wp-image-3612\" alt=\"\" srcset=\"https:\/\/lavalovecacao.com\/wp-content\/uploads\/2025\/09\/8fafcee9-4c54-4041-94c0-3e9a91d147db-2-768x960.jpg 768w, https:\/\/lavalovecacao.com\/wp-content\/uploads\/2025\/09\/8fafcee9-4c54-4041-94c0-3e9a91d147db-2-600x750.jpg 600w, https:\/\/lavalovecacao.com\/wp-content\/uploads\/2025\/09\/8fafcee9-4c54-4041-94c0-3e9a91d147db-2-240x300.jpg 240w, https:\/\/lavalovecacao.com\/wp-content\/uploads\/2025\/09\/8fafcee9-4c54-4041-94c0-3e9a91d147db-2-819x1024.jpg 819w, https:\/\/lavalovecacao.com\/wp-content\/uploads\/2025\/09\/8fafcee9-4c54-4041-94c0-3e9a91d147db-2.jpg 1024w\" sizes=\"(max-width: 768px) 100vw, 768px\" \/>\t\t\t\t\t\t\t\t\t\t\t\t\t\t\t<\/div>\n\t\t\t\t<div class=\"elementor-element elementor-element-64a459a elementor-widget elementor-widget-text-editor\" data-id=\"64a459a\" data-element_type=\"widget\" data-e-type=\"widget\" data-widget_type=\"text-editor.default\">\n\t\t\t\t\t\t\t\t\t<p>Las plantas son sabias. Nuestra maestra, Candelaria Xitamul, les hablaba como a \u201chermanas plantas\u201d (plantas hermanas).  <\/p><p>En la cosmolog\u00eda maya, las plantas, los \u00e1rboles, las flores, las monta\u00f1as, las rocas\u2026 todo lo que brota de la Madre Tierra se considera nuestro hermano. Formamos parte de la naturaleza y, cuando pasamos demasiado tiempo en la sociedad, a menudo absorbemos emociones, pensamientos y energ\u00edas que no nos pertenecen. Las plantas hermanas nos recuerdan qui\u00e9nes somos de verdad. Nos devuelven a nuestro estado natural, a nuestra autenticidad.    <\/p><p>Las plantas llevan la sabidur\u00eda y la informaci\u00f3n de la Madre Tierra. Nos enra\u00edzan, sostienen el espacio para nosotros y nos limpian. En las culturas de Norte y Sudam\u00e9rica, y especialmente en nuestra cultura principal, los ba\u00f1os de plantas se han utilizado para la limpieza, la renovaci\u00f3n y para abrir o cerrar ciclos de vida. Son ceremonias de elaboraci\u00f3n que nos preparan para soltar lo que ya no nos sirve y dar paso a algo nuevo.  <\/p><p>Por las historias de nuestras abuelas, sabemos que era la partera o una persona con \u201ctrabajo especial\u201d (quien hace ofrendas extraordinarias) quien trabajaba m\u00e1s de cerca con las plantas. Se les llama curanderos (sanadores), y saben escuchar a las plantas y elegir la medicina adecuada para cada situaci\u00f3n.<\/p><p>Las plantas siempre han desempe\u00f1ado un papel esencial en los umbrales de la vida. Despu\u00e9s de que una mujer recibe su primer ba\u00f1o en el temazcal y con plantas medicinales. A los beb\u00e9s tambi\u00e9n se les da la bienvenida a la vida con un ba\u00f1o de plantas, recibiendo protecci\u00f3n y bendiciones de la Madre Tierra.  <\/p><p>M\u00e1s all\u00e1 de estos ritos, los ba\u00f1os de plantas se usan para la renovaci\u00f3n, para marcar el cierre de un ciclo y el inicio de otro. Son remedios para extremidades hinchadas, heridas abiertas, fracturas y contusiones. La Madre Naturaleza es nuestra primera y m\u00e1s completa farmacia, energ\u00e9tica y f\u00edsicamente.  <\/p><p>Por eso, si sientes la llamada, te invitamos a entrar en los c\u00edrculos de ba\u00f1os de plantas. Permite que te limpien, que te ayuden a soltar, que te ayuden a abrirte. \u00danete a nuestros c\u00edrculos de ba\u00f1os de plantas, donde soltamos, damos gracias y aceptamos juntos el proceso de transformaci\u00f3n.   <\/p><p><strong>CU\u00c1NDO ES:<\/strong><\/p><h3> <\/h3><h3>JUEVES A LAS 14:00<\/h3><figure><table><tbody><tr><td> <\/td><td> <\/td><\/tr><tr><td><p><span style=\"text-decoration: underline;\"><strong>Haz la reserva con d\u00edas de antelaci\u00f3n, porque el aforo es limitado. <\/strong><\/span> <\/p><p>Puedes reservar o inscribirte en la tienda de Lavalove Cacao.<\/p><p>o escr\u00edbenos un email: <a href=\"mailto:sales@lavalovecacao.com\">sales@lavalovecacao.com <\/a> <\/p><p>13:45 \u2013 <b>Llegada e inscripci\u00f3n.<\/b> Tienda de Lavalove Cacao <\/p><\/td><td> <\/td><\/tr><tr><td><p>14:00 \u2013 <strong>Bienvenida y preparaci\u00f3n para el ba\u00f1o.<\/strong> <\/p><p>Explicaci\u00f3n e introducci\u00f3n a algunas plantas locales.<\/p><p>Sahumado y limpieza <\/p><p><strong>Durante el ritual<\/strong><\/p><p><i>Oraciones individuales, intenciones, dirigiendo energ\u00edas a partes espec\u00edficas del cuerpo. <\/i><\/p><p>Canciones e historias. <\/p><\/td><td> <\/td><\/tr><tr><td>17:00 \u2013 <strong>Ceremonia de cierre<\/strong><\/td><td> <\/td><\/tr><tr><td><p> <\/p><p><strong>Intercambio:<\/strong> Q250. Puedes pagar en efectivo o con tarjeta en Lavalove Cacao.  <\/p><p> <\/p><p><strong>Qu\u00e9 traer: <\/strong><\/p><p>Toallas, chanclas, ba\u00f1ador, capas extra para abrigarte despu\u00e9s de recibir el ba\u00f1o.<\/p><p>*No te duches ese d\u00eda; espera hasta el d\u00eda siguiente. <\/p><\/td><\/tr><\/tbody><\/table><\/figure>\t\t\t\t\t\t\t\t<\/div>\n\t\t\t\t\t<\/div>\n\t\t<\/div>\n\t\t\t\t<div class=\"elementor-column elementor-col-16 elementor-inner-column elementor-element elementor-element-3de6fd2\" data-id=\"3de6fd2\" data-element_type=\"column\" data-e-type=\"column\">\n\t\t\t<div class=\"elementor-widget-wrap\">\n\t\t\t\t\t\t\t<\/div>\n\t\t<\/div>\n\t\t\t\t\t<\/div>\n\t\t<\/section>\n\t\t\t\t\t<\/div>\n\t\t<\/div>\n\t\t\t\t\t<\/div>\n\t\t<\/section>\n\t\t\t\t<section class=\"elementor-section elementor-top-section elementor-element elementor-element-e686eae elementor-section-boxed elementor-section-height-default elementor-section-height-default\" data-id=\"e686eae\" data-element_type=\"section\" data-e-type=\"section\">\n\t\t\t\t\t\t<div class=\"elementor-container elementor-column-gap-default\">\n\t\t\t\t\t<div class=\"elementor-column elementor-col-100 elementor-top-column elementor-element elementor-element-1bfa19d\" data-id=\"1bfa19d\" data-element_type=\"column\" data-e-type=\"column\">\n\t\t\t<div class=\"elementor-widget-wrap\">\n\t\t\t\t\t\t\t<\/div>\n\t\t<\/div>\n\t\t\t\t\t<\/div>\n\t\t<\/section>\n\t\t\t\t<section class=\"elementor-section elementor-top-section elementor-element elementor-element-edfe0a5 elementor-section-boxed elementor-section-height-default elementor-section-height-default\" data-id=\"edfe0a5\" data-element_type=\"section\" data-e-type=\"section\">\n\t\t\t\t\t\t<div class=\"elementor-container elementor-column-gap-default\">\n\t\t\t\t\t<div class=\"elementor-column elementor-col-100 elementor-top-column elementor-element elementor-element-586f8a3\" data-id=\"586f8a3\" data-element_type=\"column\" data-e-type=\"column\">\n\t\t\t<div class=\"elementor-widget-wrap\">\n\t\t\t\t\t\t\t<\/div>\n\t\t<\/div>\n\t\t\t\t\t<\/div>\n\t\t<\/section>\n\t\t\t\t<\/div>\n\t\t","protected":false},"excerpt":{"rendered":"<p>Ba\u00f1o de plantas \/ Ba\u00f1o de plantas \/ Atinem Pq&#8217;ayis \u27d0\u27d0\u27d0\u27d0\u27d0 Las plantas son sabias. Nuestra maestra, Candelaria Xitamul, les hablaba como a \u201chermanas plantas\u201d (plantas hermanas). En la cosmolog\u00eda maya, las plantas, los \u00e1rboles, las flores, las monta\u00f1as, las rocas\u2026 todo lo que brota de la Madre Tierra se considera nuestro hermano. Formamos parte [&hellip;]<\/p>\n","protected":false},"author":1,"featured_media":3609,"parent":0,"menu_order":0,"comment_status":"closed","ping_status":"closed","template":"elementor_header_footer","meta":{"footnotes":""},"class_list":["post-3673","page","type-page","status-publish","has-post-thumbnail","hentry"],"_links":{"self":[{"href":"https:\/\/lavalovecacao.com\/es\/wp-json\/wp\/v2\/pages\/3673","targetHints":{"allow":["GET"]}}],"collection":[{"href":"https:\/\/lavalovecacao.com\/es\/wp-json\/wp\/v2\/pages"}],"about":[{"href":"https:\/\/lavalovecacao.com\/es\/wp-json\/wp\/v2\/types\/page"}],"author":[{"embeddable":true,"href":"https:\/\/lavalovecacao.com\/es\/wp-json\/wp\/v2\/users\/1"}],"replies":[{"embeddable":true,"href":"https:\/\/lavalovecacao.com\/es\/wp-json\/wp\/v2\/comments?post=3673"}],"version-history":[{"count":3,"href":"https:\/\/lavalovecacao.com\/es\/wp-json\/wp\/v2\/pages\/3673\/revisions"}],"predecessor-version":[{"id":3680,"href":"https:\/\/lavalovecacao.com\/es\/wp-json\/wp\/v2\/pages\/3673\/revisions\/3680"}],"wp:featuredmedia":[{"embeddable":true,"href":"https:\/\/lavalovecacao.com\/es\/wp-json\/wp\/v2\/media\/3609"}],"wp:attachment":[{"href":"https:\/\/lavalovecacao.com\/es\/wp-json\/wp\/v2\/media?parent=3673"}],"curies":[{"name":"wp","href":"https:\/\/api.w.org\/{rel}","templated":true}]}}