{"id":3644,"date":"2023-06-25T10:44:59","date_gmt":"2023-06-25T10:44:59","guid":{"rendered":"https:\/\/lavalovecacao.com\/mision-y-vision-nuevo\/"},"modified":"2026-02-21T22:19:39","modified_gmt":"2026-02-21T22:19:39","slug":"mision-y-vision-nuevo","status":"publish","type":"page","link":"https:\/\/lavalovecacao.com\/es\/mision-y-vision-nuevo\/","title":{"rendered":"Misi\u00f3n y visi\u00f3n NUEVO"},"content":{"rendered":"\t\t<div data-elementor-type=\"wp-page\" data-elementor-id=\"3644\" class=\"elementor elementor-3644 elementor-1994\" data-elementor-post-type=\"page\">\n\t\t\t\t\t\t<section class=\"elementor-section elementor-top-section elementor-element elementor-element-45a53d1 elementor-section-full_width elementor-section-height-default elementor-section-height-default\" data-id=\"45a53d1\" data-element_type=\"section\" data-e-type=\"section\" data-settings=\"{&quot;background_background&quot;:&quot;classic&quot;}\">\n\t\t\t\t\t\t<div class=\"elementor-container elementor-column-gap-default\">\n\t\t\t\t\t<div class=\"elementor-column elementor-col-100 elementor-top-column elementor-element elementor-element-9a66511\" data-id=\"9a66511\" data-element_type=\"column\" data-e-type=\"column\">\n\t\t\t<div class=\"elementor-widget-wrap elementor-element-populated\">\n\t\t\t\t\t\t<section class=\"elementor-section elementor-inner-section elementor-element elementor-element-2f9d5de elementor-section-full_width elementor-section-height-default elementor-section-height-default\" data-id=\"2f9d5de\" data-element_type=\"section\" data-e-type=\"section\" data-settings=\"{&quot;background_background&quot;:&quot;classic&quot;}\">\n\t\t\t\t\t\t<div class=\"elementor-container elementor-column-gap-default\">\n\t\t\t\t\t<div class=\"elementor-column elementor-col-16 elementor-inner-column elementor-element elementor-element-2ac4a33\" data-id=\"2ac4a33\" data-element_type=\"column\" data-e-type=\"column\">\n\t\t\t<div class=\"elementor-widget-wrap\">\n\t\t\t\t\t\t\t<\/div>\n\t\t<\/div>\n\t\t\t\t<div class=\"elementor-column elementor-col-66 elementor-inner-column elementor-element elementor-element-90e41d2\" data-id=\"90e41d2\" data-element_type=\"column\" data-e-type=\"column\">\n\t\t\t<div class=\"elementor-widget-wrap elementor-element-populated\">\n\t\t\t\t\t\t<div class=\"elementor-element elementor-element-e5653cb elementor-widget elementor-widget-heading\" data-id=\"e5653cb\" data-element_type=\"widget\" data-e-type=\"widget\" data-widget_type=\"heading.default\">\n\t\t\t\t\t<h2 class=\"elementor-heading-title elementor-size-default\">Nuestra misi\u00f3n y visi\u00f3n\n<\/h2>\t\t\t\t<\/div>\n\t\t\t\t<div class=\"elementor-element elementor-element-eaf3193 elementor-widget-divider--view-line elementor-widget elementor-widget-divider\" data-id=\"eaf3193\" data-element_type=\"widget\" data-e-type=\"widget\" data-widget_type=\"divider.default\">\n\t\t\t\t\t\t\t<div class=\"elementor-divider\">\n\t\t\t<span class=\"elementor-divider-separator\">\n\t\t\t\t\t\t<\/span>\n\t\t<\/div>\n\t\t\t\t\t\t<\/div>\n\t\t\t\t<div class=\"elementor-element elementor-element-7a5200e elementor-widget elementor-widget-image\" data-id=\"7a5200e\" data-element_type=\"widget\" data-e-type=\"widget\" data-widget_type=\"image.default\">\n\t\t\t\t\t\t\t\t\t\t\t\t\t\t\t<img fetchpriority=\"high\" decoding=\"async\" width=\"800\" height=\"534\" src=\"https:\/\/lavalovecacao.com\/wp-content\/uploads\/2023\/06\/IMG_0075-1024x683.jpg\" class=\"attachment-large size-large wp-image-3664\" alt=\"\" srcset=\"https:\/\/lavalovecacao.com\/wp-content\/uploads\/2023\/06\/IMG_0075-1024x683.jpg 1024w, https:\/\/lavalovecacao.com\/wp-content\/uploads\/2023\/06\/IMG_0075-scaled-600x400.jpg 600w, https:\/\/lavalovecacao.com\/wp-content\/uploads\/2023\/06\/IMG_0075-300x200.jpg 300w, https:\/\/lavalovecacao.com\/wp-content\/uploads\/2023\/06\/IMG_0075-768x512.jpg 768w, https:\/\/lavalovecacao.com\/wp-content\/uploads\/2023\/06\/IMG_0075-1536x1024.jpg 1536w, https:\/\/lavalovecacao.com\/wp-content\/uploads\/2023\/06\/IMG_0075-2048x1366.jpg 2048w\" sizes=\"(max-width: 800px) 100vw, 800px\" \/>\t\t\t\t\t\t\t\t\t\t\t\t\t\t\t<\/div>\n\t\t\t\t<div class=\"elementor-element elementor-element-5df5179 elementor-widget elementor-widget-heading\" data-id=\"5df5179\" data-element_type=\"widget\" data-e-type=\"widget\" data-widget_type=\"heading.default\">\n\t\t\t\t\t<h2 class=\"elementor-heading-title elementor-size-default\">Nuestro cacao<\/h2>\t\t\t\t<\/div>\n\t\t\t\t<div class=\"elementor-element elementor-element-f2c1efa elementor-widget elementor-widget-text-editor\" data-id=\"f2c1efa\" data-element_type=\"widget\" data-e-type=\"widget\" data-widget_type=\"text-editor.default\">\n\t\t\t\t\t\t\t\t\t<p>Nuestro cacao se cosecha en la costa del Pac\u00edfico de Guatemala. Nuestra mezcla es el resultado de una selecci\u00f3n de varios agricultores locales que preservan sus \u00e1rboles de cacao Criollo y cuidan sus plantaciones de forma org\u00e1nica (sin fertilizantes qu\u00edmicos). <\/p><p><br><\/p>\n<p>Nuestro cacao crece en las estribaciones de los volcanes de Atitl\u00e1n y Tolim\u00e1n, en los pueblos de Suchitep\u00e9quez, <em>Cerro de las flores.<\/em> El aroma de nuestro cacao es suave en boca, con notas florales y potentes sabores terrosos al final.<\/p><p><br><\/p>\n<p>El consumo de cacao ceremonial pertenece a una cultura y tradiciones ancestrales. Por eso, Lavalove Cacao se compromete a ofrecer cacao ceremonial y a tratarlo como un alimento sagrado y una medicina. Su producci\u00f3n est\u00e1 alineada con el respeto por el medioambiente, incluyendo el tostado, la molienda y el envasado biodegradable.  <\/p>\t\t\t\t\t\t\t\t<\/div>\n\t\t\t\t<div class=\"elementor-element elementor-element-c1f11ad elementor-widget elementor-widget-heading\" data-id=\"c1f11ad\" data-element_type=\"widget\" data-e-type=\"widget\" data-widget_type=\"heading.default\">\n\t\t\t\t\t<h2 class=\"elementor-heading-title elementor-size-default\">El proceso: del \u00e1rbol a tu taza<\/h2>\t\t\t\t<\/div>\n\t\t\t\t<div class=\"elementor-element elementor-element-32d1660 elementor-widget elementor-widget-text-editor\" data-id=\"32d1660\" data-element_type=\"widget\" data-e-type=\"widget\" data-widget_type=\"text-editor.default\">\n\t\t\t\t\t\t\t\t\t<p>Nuestro cacao se tuesta en una plancha met\u00e1lica donde se cocinaron miles de tortillas para ni\u00f1os de ascendencia maya. Nuestro cacao se tuesta para purificar con el fuego cualquier tipo de bacteria que aparece de forma natural tras la fermentaci\u00f3n. <\/p><p> <\/p><p>Cada uno de nuestros granos de cacao se tuesta y se pela a mano por familias ind\u00edgenas, donde se habla la lengua maya kaqchikel. Despu\u00e9s se muele en un molino espec\u00edfico para moler chocolate, se hace una pasta para su consumo, se pesa y se coloca en moldes, y luego se deja enfriar de 8 a 10 horas antes de empaquetarlo para exportaci\u00f3n. <\/p><p> <\/p><p>Las c\u00e1scaras de los granos pelados no se desperdician; se usan para fertilizar nuestros cultivos.<\/p>\t\t\t\t\t\t\t\t<\/div>\n\t\t\t\t<div class=\"elementor-element elementor-element-a67086a elementor-widget elementor-widget-image\" data-id=\"a67086a\" data-element_type=\"widget\" data-e-type=\"widget\" data-widget_type=\"image.default\">\n\t\t\t\t\t\t\t\t\t\t\t\t\t\t\t<img decoding=\"async\" width=\"800\" height=\"534\" src=\"https:\/\/lavalovecacao.com\/wp-content\/uploads\/2023\/06\/IMG_0095-1024x683.jpg\" class=\"attachment-large size-large wp-image-3666\" alt=\"\" srcset=\"https:\/\/lavalovecacao.com\/wp-content\/uploads\/2023\/06\/IMG_0095-1024x683.jpg 1024w, https:\/\/lavalovecacao.com\/wp-content\/uploads\/2023\/06\/IMG_0095-scaled-600x400.jpg 600w, https:\/\/lavalovecacao.com\/wp-content\/uploads\/2023\/06\/IMG_0095-300x200.jpg 300w, https:\/\/lavalovecacao.com\/wp-content\/uploads\/2023\/06\/IMG_0095-768x512.jpg 768w, https:\/\/lavalovecacao.com\/wp-content\/uploads\/2023\/06\/IMG_0095-1536x1024.jpg 1536w, https:\/\/lavalovecacao.com\/wp-content\/uploads\/2023\/06\/IMG_0095-2048x1365.jpg 2048w\" sizes=\"(max-width: 800px) 100vw, 800px\" \/>\t\t\t\t\t\t\t\t\t\t\t\t\t\t\t<\/div>\n\t\t\t\t<div class=\"elementor-element elementor-element-091d473 elementor-widget elementor-widget-heading\" data-id=\"091d473\" data-element_type=\"widget\" data-e-type=\"widget\" data-widget_type=\"heading.default\">\n\t\t\t\t\t<h2 class=\"elementor-heading-title elementor-size-default\">Sostenibilidad<\/h2>\t\t\t\t<\/div>\n\t\t\t\t<div class=\"elementor-element elementor-element-6565199 elementor-widget elementor-widget-text-editor\" data-id=\"6565199\" data-element_type=\"widget\" data-e-type=\"widget\" data-widget_type=\"text-editor.default\">\n\t\t\t\t\t\t\t\t\t<p>El cacao ayuda econ\u00f3micamente a los agricultores locales porque les permite tener una fuente de ingresos que sostiene a toda su familia, as\u00ed como una mejor educaci\u00f3n para sus hijos.<\/p><p> <\/p><p>Nuestro cacao ahora crece donde durante d\u00e9cadas hubo plantaciones de caf\u00e9. El cacao ayuda a restaurar el medioambiente, ya que se produce en un sistema agroforestal en el que se combina con plantas aut\u00f3ctonas. <\/p><p> <\/p><p>La reforestaci\u00f3n se convierte en una actividad complementaria que genera ingresos para los agricultores locales, no solo con la mejora del cultivo, sino tambi\u00e9n con la conservaci\u00f3n de la tierra, que ayuda a la recuperaci\u00f3n del ecosistema, como la interconectividad ecol\u00f3gica que recarga y reduce la destrucci\u00f3n ambiental.<\/p>\t\t\t\t\t\t\t\t<\/div>\n\t\t\t\t<div class=\"elementor-element elementor-element-dd88cb6 elementor-widget elementor-widget-heading\" data-id=\"dd88cb6\" data-element_type=\"widget\" data-e-type=\"widget\" data-widget_type=\"heading.default\">\n\t\t\t\t\t<h2 class=\"elementor-heading-title elementor-size-default\">Nuestra visi\u00f3n y misi\u00f3n<\/h2>\t\t\t\t<\/div>\n\t\t\t\t<div class=\"elementor-element elementor-element-b30f961 elementor-widget elementor-widget-text-editor\" data-id=\"b30f961\" data-element_type=\"widget\" data-e-type=\"widget\" data-widget_type=\"text-editor.default\">\n\t\t\t\t\t\t\t\t\t<p>Queremos ofrecer el mejor cacao ceremonial producido en Guatemala y mantener la alta calidad de esta medicina. Es una herramienta para todos los maestros, ceremonistas y artistas que quieren incorporar la medicina del coraz\u00f3n en sus actividades. <\/p><p> <\/p><p>La visi\u00f3n de Lavalove es compartir el cacao por todo el mundo, llegando a los cinco continentes y poni\u00e9ndolo a disposici\u00f3n a nivel mundial. Tambi\u00e9n buscamos brindar nuevas oportunidades a quienes sienten la llamada de trabajar con esta medicina sagrada en sus comunidades. <\/p>\t\t\t\t\t\t\t\t<\/div>\n\t\t\t\t<div class=\"elementor-element elementor-element-dae09d4 elementor-widget elementor-widget-heading\" data-id=\"dae09d4\" data-element_type=\"widget\" data-e-type=\"widget\" data-widget_type=\"heading.default\">\n\t\t\t\t\t<h2 class=\"elementor-heading-title elementor-size-default\">Nuestra misi\u00f3n es rescatar la sabidur\u00eda de la antigua pr\u00e1ctica maya<\/h2>\t\t\t\t<\/div>\n\t\t\t\t<div class=\"elementor-element elementor-element-cc1be54 elementor-widget elementor-widget-image\" data-id=\"cc1be54\" data-element_type=\"widget\" data-e-type=\"widget\" data-widget_type=\"image.default\">\n\t\t\t\t\t\t\t\t\t\t\t\t\t\t\t<img decoding=\"async\" width=\"800\" height=\"534\" src=\"https:\/\/lavalovecacao.com\/wp-content\/uploads\/2023\/06\/IMG_3384-1024x683.jpg\" class=\"attachment-large size-large wp-image-3652\" alt=\"\" srcset=\"https:\/\/lavalovecacao.com\/wp-content\/uploads\/2023\/06\/IMG_3384-1024x683.jpg 1024w, https:\/\/lavalovecacao.com\/wp-content\/uploads\/2023\/06\/IMG_3384-scaled-600x400.jpg 600w, https:\/\/lavalovecacao.com\/wp-content\/uploads\/2023\/06\/IMG_3384-300x200.jpg 300w, https:\/\/lavalovecacao.com\/wp-content\/uploads\/2023\/06\/IMG_3384-768x512.jpg 768w, https:\/\/lavalovecacao.com\/wp-content\/uploads\/2023\/06\/IMG_3384-1536x1024.jpg 1536w, https:\/\/lavalovecacao.com\/wp-content\/uploads\/2023\/06\/IMG_3384-2048x1365.jpg 2048w\" sizes=\"(max-width: 800px) 100vw, 800px\" \/>\t\t\t\t\t\t\t\t\t\t\t\t\t\t\t<\/div>\n\t\t\t\t<div class=\"elementor-element elementor-element-a5a52f6 elementor-widget elementor-widget-text-editor\" data-id=\"a5a52f6\" data-element_type=\"widget\" data-e-type=\"widget\" data-widget_type=\"text-editor.default\">\n\t\t\t\t\t\t\t\t\t<p>Nuestra misi\u00f3n es rescatar la sabidur\u00eda de la pr\u00e1ctica ancestral maya. Para nosotros es importante devolver a nuestra sociedad la conciencia y la importancia de los c\u00edrculos sagrados. <\/p><p> <\/p><p><span style=\"color: var( --e-global-color-53d9c0c );\">Nuestra llamada es educar a personas de cualquier origen para que conecten con el origen del cacao y hagan un buen uso de esta medicina sagrada del coraz\u00f3n, poniendo a su alcance el conocimiento de sus valores, as\u00ed como los beneficios f\u00edsicos que aporta a nuestro cuerpo.<\/span><\/p>\t\t\t\t\t\t\t\t<\/div>\n\t\t\t\t<div class=\"elementor-element elementor-element-1a739bf elementor-widget elementor-widget-text-editor\" data-id=\"1a739bf\" data-element_type=\"widget\" data-e-type=\"widget\" data-widget_type=\"text-editor.default\">\n\t\t\t\t\t\t\t\t\t<p><em>Cr\u00e9ditos de fotograf\u00eda: Daniel Lopez P\u00e9rez<\/em><\/p><p> <\/p><div id=\"shopify-section-footer\" class=\"shopify-section section-site-footer\"><footer class=\"site-footer small--text-center bg--secondary-accent color--secondary-accent-overlay f--main mt4\" role=\"contentinfo\" data-section-type=\"footer\" data-section-id=\"footer\"><div class=\"wrapper\"><div class=\"site-footer__desktop md-dn--hide \"><div class=\"grid\"><div class=\"grid__item lg--one-quarter font-size--s\"> <\/div><\/div><\/div><\/div><\/footer><\/div>\t\t\t\t\t\t\t\t<\/div>\n\t\t\t\t\t<\/div>\n\t\t<\/div>\n\t\t\t\t<div class=\"elementor-column elementor-col-16 elementor-inner-column elementor-element elementor-element-40624ee\" data-id=\"40624ee\" data-element_type=\"column\" data-e-type=\"column\">\n\t\t\t<div class=\"elementor-widget-wrap\">\n\t\t\t\t\t\t\t<\/div>\n\t\t<\/div>\n\t\t\t\t\t<\/div>\n\t\t<\/section>\n\t\t\t\t\t<\/div>\n\t\t<\/div>\n\t\t\t\t\t<\/div>\n\t\t<\/section>\n\t\t\t\t<\/div>\n\t\t","protected":false},"excerpt":{"rendered":"<p>Nuestra misi\u00f3n y visi\u00f3n Nuestro cacao Nuestro cacao se cosecha en la costa del Pac\u00edfico de Guatemala. Nuestra mezcla es el resultado de una selecci\u00f3n de varios agricultores locales que preservan sus \u00e1rboles de cacao Criollo y cuidan sus plantaciones de forma org\u00e1nica (sin fertilizantes qu\u00edmicos). Nuestro cacao crece en las estribaciones de los volcanes [&hellip;]<\/p>\n","protected":false},"author":1,"featured_media":3598,"parent":0,"menu_order":0,"comment_status":"closed","ping_status":"closed","template":"elementor_header_footer","meta":{"footnotes":""},"class_list":["post-3644","page","type-page","status-publish","has-post-thumbnail","hentry"],"_links":{"self":[{"href":"https:\/\/lavalovecacao.com\/es\/wp-json\/wp\/v2\/pages\/3644","targetHints":{"allow":["GET"]}}],"collection":[{"href":"https:\/\/lavalovecacao.com\/es\/wp-json\/wp\/v2\/pages"}],"about":[{"href":"https:\/\/lavalovecacao.com\/es\/wp-json\/wp\/v2\/types\/page"}],"author":[{"embeddable":true,"href":"https:\/\/lavalovecacao.com\/es\/wp-json\/wp\/v2\/users\/1"}],"replies":[{"embeddable":true,"href":"https:\/\/lavalovecacao.com\/es\/wp-json\/wp\/v2\/comments?post=3644"}],"version-history":[{"count":3,"href":"https:\/\/lavalovecacao.com\/es\/wp-json\/wp\/v2\/pages\/3644\/revisions"}],"predecessor-version":[{"id":3671,"href":"https:\/\/lavalovecacao.com\/es\/wp-json\/wp\/v2\/pages\/3644\/revisions\/3671"}],"wp:featuredmedia":[{"embeddable":true,"href":"https:\/\/lavalovecacao.com\/es\/wp-json\/wp\/v2\/media\/3598"}],"wp:attachment":[{"href":"https:\/\/lavalovecacao.com\/es\/wp-json\/wp\/v2\/media?parent=3644"}],"curies":[{"name":"wp","href":"https:\/\/api.w.org\/{rel}","templated":true}]}}