{"id":3643,"date":"2025-09-09T22:46:21","date_gmt":"2025-09-09T22:46:21","guid":{"rendered":"https:\/\/lavalovecacao.com\/temazcal-con-nana-izabel\/"},"modified":"2026-02-21T22:19:34","modified_gmt":"2026-02-21T22:19:34","slug":"temazcal-con-nana-izabel","status":"publish","type":"page","link":"https:\/\/lavalovecacao.com\/es\/temazcal-con-nana-izabel\/","title":{"rendered":"Temazcal con Nana Izabel"},"content":{"rendered":"\t\t<div data-elementor-type=\"wp-page\" data-elementor-id=\"3643\" class=\"elementor elementor-3643 elementor-2907\" data-elementor-post-type=\"page\">\n\t\t\t\t\t\t<section class=\"elementor-section elementor-top-section elementor-element elementor-element-dafebd5 elementor-section-full_width elementor-section-height-default elementor-section-height-default\" data-id=\"dafebd5\" data-element_type=\"section\" data-e-type=\"section\" data-settings=\"{&quot;background_background&quot;:&quot;classic&quot;}\">\n\t\t\t\t\t\t<div class=\"elementor-container elementor-column-gap-default\">\n\t\t\t\t\t<div class=\"elementor-column elementor-col-100 elementor-top-column elementor-element elementor-element-af911d8\" data-id=\"af911d8\" data-element_type=\"column\" data-e-type=\"column\">\n\t\t\t<div class=\"elementor-widget-wrap elementor-element-populated\">\n\t\t\t\t\t\t<section class=\"elementor-section elementor-inner-section elementor-element elementor-element-31b20e8 elementor-section-full_width elementor-section-height-default elementor-section-height-default\" data-id=\"31b20e8\" data-element_type=\"section\" data-e-type=\"section\" data-settings=\"{&quot;background_background&quot;:&quot;classic&quot;}\">\n\t\t\t\t\t\t<div class=\"elementor-container elementor-column-gap-default\">\n\t\t\t\t\t<div class=\"elementor-column elementor-col-16 elementor-inner-column elementor-element elementor-element-9647261\" data-id=\"9647261\" data-element_type=\"column\" data-e-type=\"column\">\n\t\t\t<div class=\"elementor-widget-wrap\">\n\t\t\t\t\t\t\t<\/div>\n\t\t<\/div>\n\t\t\t\t<div class=\"elementor-column elementor-col-66 elementor-inner-column elementor-element elementor-element-ceef60d\" data-id=\"ceef60d\" data-element_type=\"column\" data-e-type=\"column\">\n\t\t\t<div class=\"elementor-widget-wrap elementor-element-populated\">\n\t\t\t\t\t\t<div class=\"elementor-element elementor-element-5f6f504 elementor-widget elementor-widget-heading\" data-id=\"5f6f504\" data-element_type=\"widget\" data-e-type=\"widget\" data-widget_type=\"heading.default\">\n\t\t\t\t\t<h1 class=\"elementor-heading-title elementor-size-default\">Temazcal Maya con Nana Izabel<\/h1>\t\t\t\t<\/div>\n\t\t\t\t<div class=\"elementor-element elementor-element-f95f58a elementor-widget-divider--view-line elementor-widget elementor-widget-divider\" data-id=\"f95f58a\" data-element_type=\"widget\" data-e-type=\"widget\" data-widget_type=\"divider.default\">\n\t\t\t\t\t\t\t<div class=\"elementor-divider\">\n\t\t\t<span class=\"elementor-divider-separator\">\n\t\t\t\t\t\t<\/span>\n\t\t<\/div>\n\t\t\t\t\t\t<\/div>\n\t\t\t\t<div class=\"elementor-element elementor-element-92cff1e elementor-widget elementor-widget-image\" data-id=\"92cff1e\" data-element_type=\"widget\" data-e-type=\"widget\" data-widget_type=\"image.default\">\n\t\t\t\t\t\t\t\t\t\t\t\t\t\t\t<img fetchpriority=\"high\" decoding=\"async\" width=\"400\" height=\"600\" src=\"https:\/\/lavalovecacao.com\/wp-content\/uploads\/2025\/09\/Nana_Izabel.png\" class=\"attachment-large size-large wp-image-3646\" alt=\"\" srcset=\"https:\/\/lavalovecacao.com\/wp-content\/uploads\/2025\/09\/Nana_Izabel.png 400w, https:\/\/lavalovecacao.com\/wp-content\/uploads\/2025\/09\/Nana_Izabel-200x300.png 200w\" sizes=\"(max-width: 400px) 100vw, 400px\" \/>\t\t\t\t\t\t\t\t\t\t\t\t\t\t\t<\/div>\n\t\t\t\t<div class=\"elementor-element elementor-element-589c5b2 elementor-widget elementor-widget-heading\" data-id=\"589c5b2\" data-element_type=\"widget\" data-e-type=\"widget\" data-widget_type=\"heading.default\">\n\t\t\t\t\t<h3 class=\"elementor-heading-title elementor-size-default\">Temazcal Maya - Tuj + Ba\u00f1o de Plantas<\/h3>\t\t\t\t<\/div>\n\t\t\t\t<div class=\"elementor-element elementor-element-423357b elementor-widget elementor-widget-text-editor\" data-id=\"423357b\" data-element_type=\"widget\" data-e-type=\"widget\" data-widget_type=\"text-editor.default\">\n\t\t\t\t\t\t\t\t\t<div><p><span lang=\"EN-US\">Esta antigua ceremonia de sanaci\u00f3n consiste en un ba\u00f1o con Q\u2019ayis, una selecci\u00f3n de hierbas preparadas cuidadosamente por Nana Izabel, quien realiza la ceremonia. Tiene lugar en un Tuj Maya (Temazcal), tambi\u00e9n conocido como un temazcal tradicional maya. Era la forma en que las mujeres recib\u00edan sus primeros ba\u00f1os con sus beb\u00e9s reci\u00e9n nacidos en las antiguas comunidades mayas.<\/span><\/p><\/div><div><p><span lang=\"EN-US\">El Temazcal es un lugar oscuro, la \u00fanica luz proviene de las brasas. Dentro hay piedras sagradas que representan a nuestras abuelas. Este espacio recrea el \u00fatero de nuestras madres, donde tuvo lugar nuestro proceso de gestaci\u00f3n. Durante esta ceremonia pretendemos conectar a trav\u00e9s del cord\u00f3n umbilical con nuestra madre, con lo divino femenino, sanar y conectar con la feminidad; este ritual nos invita a reconectar con nuestra feminidad.<\/span><\/p><\/div><div><p><span lang=\"EN-US\">El simbolismo de recibir un ba\u00f1o de Temazcal es el de un renacimiento. En este espacio sagrado enviamos un mensaje a las abuelas y abuelos estelares: hay un reci\u00e9n nacido. Pedimos a los elementos que nos apoyen y gu\u00eden nuestros pasos, que sanen el cuerpo f\u00edsico y nos den la fuerza cuando sea necesaria, que bendigan nuestros pies en nuestros caminos. <\/span>Descansamos y nos empapamos con hierbas durante este proceso.<\/p><\/div>\t\t\t\t\t\t\t\t<\/div>\n\t\t\t\t<div class=\"elementor-element elementor-element-ef1210d elementor-widget elementor-widget-image\" data-id=\"ef1210d\" data-element_type=\"widget\" data-e-type=\"widget\" data-widget_type=\"image.default\">\n\t\t\t\t\t\t\t\t\t\t\t\t\t\t\t<img decoding=\"async\" width=\"800\" height=\"625\" src=\"https:\/\/lavalovecacao.com\/wp-content\/uploads\/2020\/10\/temazcal.jpg\" class=\"attachment-large size-large wp-image-3609\" alt=\"\" srcset=\"https:\/\/lavalovecacao.com\/wp-content\/uploads\/2020\/10\/temazcal.jpg 1000w, https:\/\/lavalovecacao.com\/wp-content\/uploads\/2020\/10\/temazcal-600x469.jpg 600w, https:\/\/lavalovecacao.com\/wp-content\/uploads\/2020\/10\/temazcal-300x234.jpg 300w, https:\/\/lavalovecacao.com\/wp-content\/uploads\/2020\/10\/temazcal-768x600.jpg 768w\" sizes=\"(max-width: 800px) 100vw, 800px\" \/>\t\t\t\t\t\t\t\t\t\t\t\t\t\t\t<\/div>\n\t\t\t\t<div class=\"elementor-element elementor-element-8608da0 elementor-widget elementor-widget-text-editor\" data-id=\"8608da0\" data-element_type=\"widget\" data-e-type=\"widget\" data-widget_type=\"text-editor.default\">\n\t\t\t\t\t\t\t\t\t<div><p><span lang=\"EN-US\">Esta ceremonia es una buena oportunidad para liberar las aguas turbias de nuestro cuerpo, especialmente las partes femeninas y las toxinas de nuestro organismo. Es una ceremonia para liberar las viejas aguas de nuestros cuerpos, limpiando as\u00ed nuestra energ\u00eda, nuestra mente y nuestros cuerpos f\u00edsicos. Absorbemos las propiedades curativas y la sabidur\u00eda de nuestra Madre Naturaleza gracias a las hierbas en el agua. Puedes esperar salir sinti\u00e9ndote descansado, cuidado, arraigado y con la mente clara.<\/span><\/p><\/div><div><p><span lang=\"EN-US\">Nana Izabel te invita a traer tu propia canci\u00f3n o poema, tus propias oraciones a tu madre y abuelas. Traer estos regalos a un lugar sagrado como un Temazcal demuestra tu intenci\u00f3n de gratitud y apertura para ser limpiado profundamente de cualquier sufrimiento parental que puedas estar cargando.<\/span><\/p><\/div><div><p><span lang=\"EN-US\">Una ceremonia de ba\u00f1o de Temazcal es una oportunidad para recordar que llevas la pureza de un beb\u00e9, pero tambi\u00e9n que tus padres fueron puros e inocentes como t\u00fa y merecen ser amados y perdonados, ya que todos venimos del mismo lugar de origen, el \u00fatero de nuestra madre.<\/span><\/p><\/div><p><strong>CU\u00c1NDO SUCEDE:<\/strong><\/p><h3>MARTES Y S\u00c1BADO &#8211; TARDES <\/h3><figure><table><tbody><tr><td> <\/td><td> <\/td><\/tr><tr><td><p><span style=\"text-decoration: underline;\"><strong>Haz tu reserva con d\u00edas de antelaci\u00f3n, ya que el espacio es limitado. <\/strong> <b>Pregunta por disponibilidad para 2-4 personas.<\/b><\/span><\/p><p><strong>Se te informar\u00e1, al registrarte en Lavalove Cacao \u2013 Tienda, la hora y el lugar. <\/strong> <\/p><p>O escr\u00edbenos a: <a href=\"mailto:sales@lavalovecacao.com\"><span style=\"text-decoration: underline;\">sales@lavalovecacao.com<\/span><\/a> <\/p><\/td><td> <\/td><\/tr><tr><td><p>Qu\u00e9 traer:<\/p><p>* Es muy importante traer capas adicionales, tradicionalmente hay que cubrirse despu\u00e9s. <\/p><p>* No ducharse ese d\u00eda hasta el d\u00eda siguiente.<\/p><p>** Aseg\u00farate de no estar menstruando para recibir el Temazcal. <br><br>** \u00bfCu\u00e1l es tu dieta \/ alergias alimentarias, vegetariano, vegano, comes pollo? <\/p><\/td><td> <\/td><\/tr><tr><td>* Recibir\u00e1s una limpieza con sahumerio, trae una intenci\u00f3n, t\u00e9 para beber para el ritual, compartiremos una sopa en familia. <\/td><td> <\/td><\/tr><tr><td><p>* Compartiendo historias y pasando un buen rato con nosotros. Bienvenido a experimentar esta hermosa ofrenda. <br><br><\/p><p class=\"p1\"><b>Contribuci\u00f3n: Q550<\/b><b><\/b><\/p><p class=\"p2\">Puedes pagar un <span class=\"s1\">dep\u00f3sito de Q200 en efectivo<\/span> por adelantado, o pagar el <span class=\"s1\">importe total (Q550)<\/span> en efectivo o con tarjeta. En Lavalove Cacao &#8211; Tienda o por correo electr\u00f3nico. <\/p><\/td><\/tr><\/tbody><\/table><\/figure>\t\t\t\t\t\t\t\t<\/div>\n\t\t\t\t<div class=\"elementor-element elementor-element-62d201e elementor-widget elementor-widget-text-editor\" data-id=\"62d201e\" data-element_type=\"widget\" data-e-type=\"widget\" data-widget_type=\"text-editor.default\">\n\t\t\t\t\t\t\t\t\t<p>\u27d0\u27d0\u27d0\u27d0\u27d0<\/p>\t\t\t\t\t\t\t\t<\/div>\n\t\t\t\t\t<\/div>\n\t\t<\/div>\n\t\t\t\t<div class=\"elementor-column elementor-col-16 elementor-inner-column elementor-element elementor-element-3de6fd2\" data-id=\"3de6fd2\" data-element_type=\"column\" data-e-type=\"column\">\n\t\t\t<div class=\"elementor-widget-wrap\">\n\t\t\t\t\t\t\t<\/div>\n\t\t<\/div>\n\t\t\t\t\t<\/div>\n\t\t<\/section>\n\t\t\t\t\t<\/div>\n\t\t<\/div>\n\t\t\t\t\t<\/div>\n\t\t<\/section>\n\t\t\t\t<section class=\"elementor-section elementor-top-section elementor-element elementor-element-e686eae elementor-section-boxed elementor-section-height-default elementor-section-height-default\" data-id=\"e686eae\" data-element_type=\"section\" data-e-type=\"section\">\n\t\t\t\t\t\t<div class=\"elementor-container elementor-column-gap-default\">\n\t\t\t\t\t<div class=\"elementor-column elementor-col-100 elementor-top-column elementor-element elementor-element-1bfa19d\" data-id=\"1bfa19d\" data-element_type=\"column\" data-e-type=\"column\">\n\t\t\t<div class=\"elementor-widget-wrap\">\n\t\t\t\t\t\t\t<\/div>\n\t\t<\/div>\n\t\t\t\t\t<\/div>\n\t\t<\/section>\n\t\t\t\t<section class=\"elementor-section elementor-top-section elementor-element elementor-element-edfe0a5 elementor-section-boxed elementor-section-height-default elementor-section-height-default\" data-id=\"edfe0a5\" data-element_type=\"section\" data-e-type=\"section\">\n\t\t\t\t\t\t<div class=\"elementor-container elementor-column-gap-default\">\n\t\t\t\t\t<div class=\"elementor-column elementor-col-100 elementor-top-column elementor-element elementor-element-586f8a3\" data-id=\"586f8a3\" data-element_type=\"column\" data-e-type=\"column\">\n\t\t\t<div class=\"elementor-widget-wrap\">\n\t\t\t\t\t\t\t<\/div>\n\t\t<\/div>\n\t\t\t\t\t<\/div>\n\t\t<\/section>\n\t\t\t\t<\/div>\n\t\t","protected":false},"excerpt":{"rendered":"<p>Temazcal Maya con Nana Izabel Temazcal Maya &#8211; Tuj + Ba\u00f1o de Plantas Esta antigua ceremonia de sanaci\u00f3n consiste en un ba\u00f1o con Q\u2019ayis, una selecci\u00f3n de hierbas preparadas cuidadosamente por Nana Izabel, quien realiza la ceremonia. Tiene lugar en un Tuj Maya (Temazcal), tambi\u00e9n conocido como un temazcal tradicional maya. Era la forma en [&hellip;]<\/p>\n","protected":false},"author":1,"featured_media":3609,"parent":0,"menu_order":0,"comment_status":"closed","ping_status":"closed","template":"elementor_header_footer","meta":{"footnotes":""},"class_list":["post-3643","page","type-page","status-publish","has-post-thumbnail","hentry"],"_links":{"self":[{"href":"https:\/\/lavalovecacao.com\/es\/wp-json\/wp\/v2\/pages\/3643","targetHints":{"allow":["GET"]}}],"collection":[{"href":"https:\/\/lavalovecacao.com\/es\/wp-json\/wp\/v2\/pages"}],"about":[{"href":"https:\/\/lavalovecacao.com\/es\/wp-json\/wp\/v2\/types\/page"}],"author":[{"embeddable":true,"href":"https:\/\/lavalovecacao.com\/es\/wp-json\/wp\/v2\/users\/1"}],"replies":[{"embeddable":true,"href":"https:\/\/lavalovecacao.com\/es\/wp-json\/wp\/v2\/comments?post=3643"}],"version-history":[{"count":1,"href":"https:\/\/lavalovecacao.com\/es\/wp-json\/wp\/v2\/pages\/3643\/revisions"}],"predecessor-version":[{"id":3661,"href":"https:\/\/lavalovecacao.com\/es\/wp-json\/wp\/v2\/pages\/3643\/revisions\/3661"}],"wp:featuredmedia":[{"embeddable":true,"href":"https:\/\/lavalovecacao.com\/es\/wp-json\/wp\/v2\/media\/3609"}],"wp:attachment":[{"href":"https:\/\/lavalovecacao.com\/es\/wp-json\/wp\/v2\/media?parent=3643"}],"curies":[{"name":"wp","href":"https:\/\/api.w.org\/{rel}","templated":true}]}}