{"id":3640,"date":"2024-10-29T06:11:13","date_gmt":"2024-10-29T06:11:13","guid":{"rendered":"https:\/\/lavalovecacao.com\/tienda-online\/"},"modified":"2026-02-21T22:19:27","modified_gmt":"2026-02-21T22:19:27","slug":"tienda-online","status":"publish","type":"page","link":"https:\/\/lavalovecacao.com\/es\/tienda-online\/","title":{"rendered":"Tienda online"},"content":{"rendered":"\t\t<div data-elementor-type=\"wp-page\" data-elementor-id=\"3640\" class=\"elementor elementor-3640\" data-elementor-post-type=\"page\">\n\t\t\t\t\t\t<section class=\"elementor-section elementor-top-section elementor-element elementor-element-7c3c2caf elementor-section-boxed elementor-section-height-default elementor-section-height-default\" data-id=\"7c3c2caf\" data-element_type=\"section\" data-e-type=\"section\" data-settings=\"{&quot;background_background&quot;:&quot;classic&quot;}\">\n\t\t\t\t\t\t<div class=\"elementor-container elementor-column-gap-default\">\n\t\t\t\t\t<div class=\"elementor-column elementor-col-100 elementor-top-column elementor-element elementor-element-5689e7f2\" data-id=\"5689e7f2\" data-element_type=\"column\" data-e-type=\"column\">\n\t\t\t<div class=\"elementor-widget-wrap elementor-element-populated\">\n\t\t\t\t\t\t<div class=\"elementor-element elementor-element-2f605072 elementor-widget__width-initial elementor-widget elementor-widget-heading\" data-id=\"2f605072\" data-element_type=\"widget\" data-e-type=\"widget\" data-widget_type=\"heading.default\">\n\t\t\t\t\t<h1 class=\"elementor-heading-title elementor-size-default\">Compra tu cacao Lavalove con nosotros - Tienda online<\/h1>\t\t\t\t<\/div>\n\t\t\t\t\t<\/div>\n\t\t<\/div>\n\t\t\t\t\t<\/div>\n\t\t<\/section>\n\t\t\t\t<section class=\"elementor-section elementor-top-section elementor-element elementor-element-d7259b8 elementor-section-boxed elementor-section-height-default elementor-section-height-default\" data-id=\"d7259b8\" data-element_type=\"section\" data-e-type=\"section\">\n\t\t\t\t\t\t<div class=\"elementor-container elementor-column-gap-extended\">\n\t\t\t\t\t<div class=\"elementor-column elementor-col-100 elementor-top-column elementor-element elementor-element-09ee133\" data-id=\"09ee133\" data-element_type=\"column\" data-e-type=\"column\">\n\t\t\t<div class=\"elementor-widget-wrap elementor-element-populated\">\n\t\t\t\t\t\t<div class=\"elementor-element elementor-element-6d6c8d5 elementor-widget__width-initial elementor-widget elementor-widget-text-editor\" data-id=\"6d6c8d5\" data-element_type=\"widget\" data-e-type=\"widget\" data-widget_type=\"text-editor.default\">\n\t\t\t\t\t\t\t\t\t<p style=\"text-align: center;\"><span style=\"color: #993300;\">El lugar perfecto para comprar tu cacao ceremonial \u2014desde las sagradas tierras mayas hasta tu hogar y tu comunidad\u2014, llevando equilibrio, armon\u00eda y calidez al coraz\u00f3n. Lavalove Cacao se dedica a preservar la m\u00e1xima calidad, asegurando que esta poderosa medicina siga apoyando ceremonias y momentos sagrados. <\/span><\/p>\t\t\t\t\t\t\t\t<\/div>\n\t\t\t\t<div class=\"elementor-element elementor-element-4470113 elementor-widget elementor-widget-text-editor\" data-id=\"4470113\" data-element_type=\"widget\" data-e-type=\"widget\" data-widget_type=\"text-editor.default\">\n\t\t\t\t\t\t\t\t\t<p><span style=\"color: #993300;\">Estamos muy emocionados de compartir contigo este espacio como un lugar donde comprar tu cacao ceremonial directamente con nosotros, sin complicaciones, con solo unos clics.<\/span><\/p>\t\t\t\t\t\t\t\t<\/div>\n\t\t\t\t\t<\/div>\n\t\t<\/div>\n\t\t\t\t\t<\/div>\n\t\t<\/section>\n\t\t\t\t<section class=\"elementor-section elementor-top-section elementor-element elementor-element-5e16521 elementor-section-boxed elementor-section-height-default elementor-section-height-default\" data-id=\"5e16521\" data-element_type=\"section\" data-e-type=\"section\">\n\t\t\t\t\t\t<div class=\"elementor-container elementor-column-gap-default\">\n\t\t\t\t\t<div class=\"elementor-column elementor-col-100 elementor-top-column elementor-element elementor-element-db67ae7\" data-id=\"db67ae7\" data-element_type=\"column\" data-e-type=\"column\">\n\t\t\t<div class=\"elementor-widget-wrap elementor-element-populated\">\n\t\t\t\t\t\t<div class=\"elementor-element elementor-element-62fcc9d elementor-widget elementor-widget-image\" data-id=\"62fcc9d\" data-element_type=\"widget\" data-e-type=\"widget\" data-widget_type=\"image.default\">\n\t\t\t\t\t\t\t\t\t\t\t\t\t\t\t<img fetchpriority=\"high\" decoding=\"async\" width=\"2560\" height=\"1706\" src=\"https:\/\/lavalovecacao.com\/wp-content\/uploads\/2024\/10\/CACAO-CUPS-WITH-LAVALOVE--scaled.jpg\" class=\"attachment-full size-full wp-image-3641\" alt=\"\" srcset=\"https:\/\/lavalovecacao.com\/wp-content\/uploads\/2024\/10\/CACAO-CUPS-WITH-LAVALOVE--scaled.jpg 2560w, https:\/\/lavalovecacao.com\/wp-content\/uploads\/2024\/10\/CACAO-CUPS-WITH-LAVALOVE--scaled-600x400.jpg 600w, https:\/\/lavalovecacao.com\/wp-content\/uploads\/2024\/10\/CACAO-CUPS-WITH-LAVALOVE--300x200.jpg 300w, https:\/\/lavalovecacao.com\/wp-content\/uploads\/2024\/10\/CACAO-CUPS-WITH-LAVALOVE--1024x683.jpg 1024w, https:\/\/lavalovecacao.com\/wp-content\/uploads\/2024\/10\/CACAO-CUPS-WITH-LAVALOVE--768x512.jpg 768w, https:\/\/lavalovecacao.com\/wp-content\/uploads\/2024\/10\/CACAO-CUPS-WITH-LAVALOVE--1536x1024.jpg 1536w, https:\/\/lavalovecacao.com\/wp-content\/uploads\/2024\/10\/CACAO-CUPS-WITH-LAVALOVE--2048x1365.jpg 2048w\" sizes=\"(max-width: 2560px) 100vw, 2560px\" \/>\t\t\t\t\t\t\t\t\t\t\t\t\t\t\t<\/div>\n\t\t\t\t<div class=\"elementor-element elementor-element-80370b2 elementor-align-center elementor-widget elementor-widget-button\" data-id=\"80370b2\" data-element_type=\"widget\" data-e-type=\"widget\" data-widget_type=\"button.default\">\n\t\t\t\t\t\t\t\t\t\t<a class=\"elementor-button elementor-button-link elementor-size-sm\" href=\"https:\/\/store95111887.company.site\/products\" target=\"_blank\" rel=\"noopener\">\n\t\t\t\t\t\t<span class=\"elementor-button-content-wrapper\">\n\t\t\t\t\t\t\t\t\t<span class=\"elementor-button-text\">COMPRAR AHORA<\/span>\n\t\t\t\t\t<\/span>\n\t\t\t\t\t<\/a>\n\t\t\t\t\t\t\t\t<\/div>\n\t\t\t\t<div class=\"elementor-element elementor-element-e895694 elementor-widget elementor-widget-text-editor\" data-id=\"e895694\" data-element_type=\"widget\" data-e-type=\"widget\" data-widget_type=\"text-editor.default\">\n\t\t\t\t\t\t\t\t\t<p style=\"text-align: center;\">Lanzar nuestra tienda online ha sido un gran paso para nosotros. Hemos trabajado duro para poner nuestro cacao ceremonial a tu alcance, para que puedas usarlo en ceremonias, rituales o simplemente compartirlo con amigos y familia para celebrar la vida. <\/p><p style=\"text-align: center;\">Los precios incluyen el cacao, el env\u00edo, las comisiones y los impuestos guatemaltecos.<\/p><p style=\"text-align: center;\">Con solo unos clics, puedes comprar tu cacao ahora. Cada vez que compras <strong>Lavalove Cacao,<\/strong> est\u00e1s apoyando a nuestras familias, ayudando a crear empleo y permiti\u00e9ndonos continuar con nuestro trabajo y nuestras ceremonias, profundamente arraigadas en nuestro camino. <\/p><p style=\"text-align: center;\">Para realizar una compra, simplemente selecciona la zona (continente) o la categor\u00eda en la que se encuentra tu pa\u00eds: EE. UU. y Canad\u00e1, Europa o Resto del mundo, y elige el paquete que quieres comprar para finalizar tu pedido.<\/p><p style=\"text-align: center;\">Elige entre paquetes de 15, 30, 50 o 100 tabletas. Si quieres una cantidad personalizada, no dudes en ponerte en contacto con nosotros. Y si tu pa\u00eds no aparece en la lista, env\u00edanos un email a <a href=\"mailto:sales@lavalovecacao.com\" target=\"_blank\" rel=\"noopener\">sales@lavalovecacao.com<\/a> y te facilitaremos el coste de env\u00edo seg\u00fan tu ubicaci\u00f3n.  <\/p><p style=\"text-align: center;\">\u00a1Tenemos muchas ganas de recibir tu pedido y envi\u00e1rtelo!<\/p><p style=\"text-align: center;\">Bendiciones,<\/p><p style=\"text-align: center;\">El equipo de Lavalove Cacao<\/p>\t\t\t\t\t\t\t\t<\/div>\n\t\t\t\t\t<\/div>\n\t\t<\/div>\n\t\t\t\t\t<\/div>\n\t\t<\/section>\n\t\t\t\t<\/div>\n\t\t","protected":false},"excerpt":{"rendered":"<p>Compra tu cacao Lavalove con nosotros &#8211; Tienda online El lugar perfecto para comprar tu cacao ceremonial \u2014desde las sagradas tierras mayas hasta tu hogar y tu comunidad\u2014, llevando equilibrio, armon\u00eda y calidez al coraz\u00f3n. Lavalove Cacao se dedica a preservar la m\u00e1xima calidad, asegurando que esta poderosa medicina siga apoyando ceremonias y momentos sagrados. [&hellip;]<\/p>\n","protected":false},"author":1,"featured_media":3641,"parent":0,"menu_order":0,"comment_status":"open","ping_status":"closed","template":"elementor_header_footer","meta":{"footnotes":""},"class_list":["post-3640","page","type-page","status-publish","has-post-thumbnail","hentry"],"_links":{"self":[{"href":"https:\/\/lavalovecacao.com\/es\/wp-json\/wp\/v2\/pages\/3640","targetHints":{"allow":["GET"]}}],"collection":[{"href":"https:\/\/lavalovecacao.com\/es\/wp-json\/wp\/v2\/pages"}],"about":[{"href":"https:\/\/lavalovecacao.com\/es\/wp-json\/wp\/v2\/types\/page"}],"author":[{"embeddable":true,"href":"https:\/\/lavalovecacao.com\/es\/wp-json\/wp\/v2\/users\/1"}],"replies":[{"embeddable":true,"href":"https:\/\/lavalovecacao.com\/es\/wp-json\/wp\/v2\/comments?post=3640"}],"version-history":[{"count":1,"href":"https:\/\/lavalovecacao.com\/es\/wp-json\/wp\/v2\/pages\/3640\/revisions"}],"predecessor-version":[{"id":3642,"href":"https:\/\/lavalovecacao.com\/es\/wp-json\/wp\/v2\/pages\/3640\/revisions\/3642"}],"wp:featuredmedia":[{"embeddable":true,"href":"https:\/\/lavalovecacao.com\/es\/wp-json\/wp\/v2\/media\/3641"}],"wp:attachment":[{"href":"https:\/\/lavalovecacao.com\/es\/wp-json\/wp\/v2\/media?parent=3640"}],"curies":[{"name":"wp","href":"https:\/\/api.w.org\/{rel}","templated":true}]}}