{"id":3634,"date":"2022-01-12T03:50:23","date_gmt":"2022-01-12T03:50:23","guid":{"rendered":"https:\/\/lavalovecacao.com\/ceremonias-mayas-de-cacao\/"},"modified":"2026-02-21T22:19:23","modified_gmt":"2026-02-21T22:19:23","slug":"ceremonias-mayas-de-cacao","status":"publish","type":"page","link":"https:\/\/lavalovecacao.com\/es\/ceremonias-mayas-de-cacao\/","title":{"rendered":"Ceremonias mayas de cacao"},"content":{"rendered":"\t\t<div data-elementor-type=\"wp-page\" data-elementor-id=\"3634\" class=\"elementor elementor-3634 elementor-963\" data-elementor-post-type=\"page\">\n\t\t\t\t\t\t<section class=\"elementor-section elementor-inner-section elementor-element elementor-element-cf09ff0 elementor-section-full_width elementor-section-height-default elementor-section-height-default\" data-id=\"cf09ff0\" data-element_type=\"section\" data-e-type=\"section\" data-settings=\"{&quot;background_background&quot;:&quot;classic&quot;}\">\n\t\t\t\t\t\t<div class=\"elementor-container elementor-column-gap-default\">\n\t\t\t\t\t<div class=\"elementor-column elementor-col-16 elementor-inner-column elementor-element elementor-element-65a452a6\" data-id=\"65a452a6\" data-element_type=\"column\" data-e-type=\"column\" data-settings=\"{&quot;background_background&quot;:&quot;gradient&quot;}\">\n\t\t\t<div class=\"elementor-widget-wrap\">\n\t\t\t\t\t\t\t<\/div>\n\t\t<\/div>\n\t\t\t\t<div class=\"elementor-column elementor-col-66 elementor-inner-column elementor-element elementor-element-5a312fd6\" data-id=\"5a312fd6\" data-element_type=\"column\" data-e-type=\"column\">\n\t\t\t<div class=\"elementor-widget-wrap elementor-element-populated\">\n\t\t\t\t\t\t<div class=\"elementor-element elementor-element-3d681ad elementor-widget elementor-widget-heading\" data-id=\"3d681ad\" data-element_type=\"widget\" data-e-type=\"widget\" data-widget_type=\"heading.default\">\n\t\t\t\t\t<h1 class=\"elementor-heading-title elementor-size-default\">Ceremonias sagradas de cacao<\/h1>\t\t\t\t<\/div>\n\t\t\t\t<div class=\"elementor-element elementor-element-3751b234 elementor-widget-divider--view-line elementor-widget elementor-widget-divider\" data-id=\"3751b234\" data-element_type=\"widget\" data-e-type=\"widget\" data-widget_type=\"divider.default\">\n\t\t\t\t\t\t\t<div class=\"elementor-divider\">\n\t\t\t<span class=\"elementor-divider-separator\">\n\t\t\t\t\t\t<\/span>\n\t\t<\/div>\n\t\t\t\t\t\t<\/div>\n\t\t\t\t<div class=\"elementor-element elementor-element-3598fcc5 elementor-widget elementor-widget-heading\" data-id=\"3598fcc5\" data-element_type=\"widget\" data-e-type=\"widget\" data-widget_type=\"heading.default\">\n\t\t\t\t\t<h4 class=\"elementor-heading-title elementor-size-default\">Compartiendo la sabidur\u00eda de nuestros ancestros, los mayas<\/h4>\t\t\t\t<\/div>\n\t\t\t\t<div class=\"elementor-element elementor-element-0a70417 elementor-widget elementor-widget-heading\" data-id=\"0a70417\" data-element_type=\"widget\" data-e-type=\"widget\" data-widget_type=\"heading.default\">\n\t\t\t\t\t<h3 class=\"elementor-heading-title elementor-size-medium\">Sobre nuestras ceremonias<\/h3>\t\t\t\t<\/div>\n\t\t\t\t<div class=\"elementor-element elementor-element-40bde04 elementor-widget elementor-widget-video\" data-id=\"40bde04\" data-element_type=\"widget\" data-e-type=\"widget\" data-settings=\"{&quot;youtube_url&quot;:&quot;https:\\\/\\\/youtu.be\\\/tSVkL6AGPRU&quot;,&quot;video_type&quot;:&quot;youtube&quot;,&quot;controls&quot;:&quot;yes&quot;}\" data-widget_type=\"video.default\">\n\t\t\t\t\t\t\t<div class=\"elementor-wrapper elementor-open-inline\">\n\t\t\t<div class=\"elementor-video\"><\/div>\t\t<\/div>\n\t\t\t\t\t\t<\/div>\n\t\t\t\t<div class=\"elementor-element elementor-element-41749698 elementor-widget elementor-widget-heading\" data-id=\"41749698\" data-element_type=\"widget\" data-e-type=\"widget\" data-widget_type=\"heading.default\">\n\t\t\t\t\t<h3 class=\"elementor-heading-title elementor-size-default\">Ceremonia sagrada de cacao<\/h3>\t\t\t\t<\/div>\n\t\t\t\t<div class=\"elementor-element elementor-element-41ac7eac elementor-widget elementor-widget-heading\" data-id=\"41ac7eac\" data-element_type=\"widget\" data-e-type=\"widget\" data-widget_type=\"heading.default\">\n\t\t\t\t\t<h4 class=\"elementor-heading-title elementor-size-default\">Deja que el esp\u00edritu de Ixcacao baile en tus c\u00e9lulas para irradiar la luz que duerme en tu universo llamado existencia. Reun\u00e1monos y tomemos cacao sagrado en una ceremonia, para abrir nuestras emociones y liberarlas de verdad para sanar, aceptando y abriendo espacio para convertirte en quien eres con la cosmovisi\u00f3n maya, a trav\u00e9s de la gu\u00eda de sus mundos.  <\/h4>\t\t\t\t<\/div>\n\t\t\t\t<div class=\"elementor-element elementor-element-79b9fb5 elementor-widget elementor-widget-text-editor\" data-id=\"79b9fb5\" data-element_type=\"widget\" data-e-type=\"widget\" data-widget_type=\"text-editor.default\">\n\t\t\t\t\t\t\t\t\t<p>\u27d0\u27d0\u27d0\u27d0\u27d0<\/p>\t\t\t\t\t\t\t\t<\/div>\n\t\t\t\t<div class=\"elementor-element elementor-element-2636529b elementor-widget elementor-widget-text-editor\" data-id=\"2636529b\" data-element_type=\"widget\" data-e-type=\"widget\" data-widget_type=\"text-editor.default\">\n\t\t\t\t\t\t\t\t\t<div>\n<p><span lang=\"EN-US\">El cacao es uno de los alimentos sagrados de los mayas (el alimento de los dioses), seg\u00fan el libro sagrado<span class=\"apple-converted-space\"> <\/span><i>\u00a8Popol Vuh\u00a8<\/i>. Entre los aztecas y las lenguas mayas se llama Yoyotl Eztli y significa la sangre del coraz\u00f3n, la sangre de la Madre Tierra, la sangre de nuestros ancestros.  <\/span><\/p>\n<\/div>\n<div>\n<p><i><span lang=\"EN-US\">\u00abLa sangre de nuestros ancestros que nos conecta para volver a amarnos y sanar, recordar a qu\u00e9 vinimos, recordarnos que debemos brillar, florecer, celebrar, reunirnos con las personas que conocemos en nuestros caminos, volver a ser una sola familia; beber cacao nos ayuda a sentirnos amados y a amar lo que somos y nuestras relaciones\u00bb.<\/span><\/i><\/p>\n<\/div>\n<div>\n<p><span lang=\"EN-US\">Las ceremonias de cacao est\u00e1n sintonizadas con el nahual de cada d\u00eda seg\u00fan el calendario maya, y utilizan las herramientas que ofrece cada energ\u00eda \u2014son 20\u2014 para guiar a cada persona o grupo, facilitarnos y acompa\u00f1arnos en la sanaci\u00f3n, el perd\u00f3n, la comprensi\u00f3n, la aceptaci\u00f3n y la apertura de nuevos espacios en nuestra consciencia. Usamos las energ\u00edas del fuego, el aire, el agua, la tierra, el sol, las nubes, la monta\u00f1a y los animales, con la gu\u00eda profunda de la cosmovisi\u00f3n maya, y durante las ceremonias nos limpiamos con Raxpom.  <\/span><\/p>\n<\/div>\n<div>\n<p><b><span lang=\"EN-US\">Bebemos juntos la medicina del cacao y llegamos a comprender por qu\u00e9 tuvimos que cargar con ciertas emociones m\u00e1s profundas <\/span>y nos conecta con nuestras<\/b><span class=\"apple-converted-space\"><span lang=\"EN-US\"> <\/span><\/span><b><span lang=\"EN-US\">ra\u00edces, ya que nuestros ancestros nos llevan de vuelta a nuestra Madre Tierra; una vez que lo entendemos, podemos tener m\u00e1s claridad en nuestros momentos presentes y en la vida cotidiana.<\/span><\/b><\/p>\n<\/div>\n<div>\n<p><span lang=\"EN-US\">El cacao nos aporta claridad mental, abre el coraz\u00f3n y expande la consciencia. Tambi\u00e9n tiene una poderosa capacidad para conectarnos con el campo creativo y abre nuestra voz para expresarnos desde un lugar de amor. Ven a unirte a nuestras ceremonias de cacao: es un hermoso regalo que te haces a ti y a tus seres queridos. <\/span><\/p>\n<\/div>\t\t\t\t\t\t\t\t<\/div>\n\t\t\t\t<div class=\"elementor-element elementor-element-1d911199 elementor-widget elementor-widget-image\" data-id=\"1d911199\" data-element_type=\"widget\" data-e-type=\"widget\" data-widget_type=\"image.default\">\n\t\t\t\t\t\t\t\t\t\t\t\t\t\t\t<img fetchpriority=\"high\" decoding=\"async\" width=\"1800\" height=\"1878\" src=\"https:\/\/lavalovecacao.com\/wp-content\/uploads\/2020\/11\/IZA.jpg\" class=\"attachment-full size-full wp-image-3577\" alt=\"\" srcset=\"https:\/\/lavalovecacao.com\/wp-content\/uploads\/2020\/11\/IZA.jpg 1800w, https:\/\/lavalovecacao.com\/wp-content\/uploads\/2020\/11\/IZA-600x626.jpg 600w, https:\/\/lavalovecacao.com\/wp-content\/uploads\/2020\/11\/IZA-288x300.jpg 288w, https:\/\/lavalovecacao.com\/wp-content\/uploads\/2020\/11\/IZA-981x1024.jpg 981w, https:\/\/lavalovecacao.com\/wp-content\/uploads\/2020\/11\/IZA-768x801.jpg 768w, https:\/\/lavalovecacao.com\/wp-content\/uploads\/2020\/11\/IZA-1472x1536.jpg 1472w\" sizes=\"(max-width: 1800px) 100vw, 1800px\" \/>\t\t\t\t\t\t\t\t\t\t\t\t\t\t\t<\/div>\n\t\t\t\t<div class=\"elementor-element elementor-element-1604e7a1 elementor-widget elementor-widget-text-editor\" data-id=\"1604e7a1\" data-element_type=\"widget\" data-e-type=\"widget\" data-widget_type=\"text-editor.default\">\n\t\t\t\t\t\t\t\t\t<p><i style=\"color: var( --e-global-color-53d9c0c );\">\u00a1No te guardes las ganas de vivir con nosotros una ceremonia maya de cacao!<\/i><\/p>\n<h3>CU\u00c1NDO:<\/h3>\n<h3>Los viernes empieza a las 10:00<\/h3>\n<p><\/p>\n<figure>\n<table>\n<tbody>\n<tr>\n<td>9:50 &#8211; <strong>Llegada del personal<\/strong> y registro en el lugar.<\/td>\n<td> <\/td>\n<\/tr>\n<tr>\n<td> <\/td>\n<td> <\/td>\n<\/tr>\n<tr>\n<td>\n<p>10:00 &#8211; <strong>Apertura<\/strong> y creaci\u00f3n de altares con flores y ofrendas seg\u00fan el nahual del d\u00eda<\/p>\n<p><strong style=\"font-size: 0.9em; color: var( --e-global-color-53d9c0c );\">Durante la ceremonia<\/strong><\/p>\n<p><i>Ofrendas especiales dedicadas a cada nahual. Pr\u00e1cticas ancestrales. <\/i><\/p>\n<\/td>\n<td> <\/td>\n<\/tr>\n<tr>\n<td>13:00 (mediod\u00eda) &#8211; <strong>Cierre de la ceremonia<\/strong><\/td>\n<\/tr>\n<\/tbody>\n<\/table>\n<\/figure>\n<h5><i><u><b> <\/b><\/u><\/i><\/h5>\n<h5><i><u><b>* No se requieren reservas<\/b><\/u><\/i><\/h5>\n<div><i><u><b> <\/b><\/u><\/i><\/div>\n<p><i><strong>Te invitamos:<\/strong> a traer flores para a\u00f1adir a los altares sagrados, de los colores y formas que te llamen; tambi\u00e9n pueden ser semillas, como s\u00e9samo, pipas de calabaza o cacao, tabaco. <\/i><\/p>\n<p><i><strong>Opcional:<\/strong> trae tus instrumentos, como guitarra, flauta, tambor o sonajas, para tocar; pide siempre permiso para compartir durante la ceremonia. Damos la bienvenida a tu voz y te inspiramos a cantar y a traer la expresi\u00f3n de tu coraz\u00f3n.  <br><\/i><\/p>\n<p><i><b>Diario, c\u00e1mara o tel\u00e9fono:<\/b> si quieres tomar notas todo lo que desees, hay mensajes importantes que quiz\u00e1 quieras practicar y\/o recordar. Evita hacer demasiadas fotos o v\u00eddeos o grabar; puedes hacer algunas fotos al principio y, durante la ceremonia, recuerda que has venido a vivir la ceremonia, no a hacer fotos de la ceremonia.  <\/i><\/p>\n<p><strong>Idioma:<\/strong> puede compartirse con palabras mayas; se habla ingl\u00e9s y espa\u00f1ol, depende de los participantes.<\/p>\n<p><b>Muy importante: c\u00f3mo vestir con respeto para nuestras ceremonias, seg\u00fan nuestra cosmovisi\u00f3n maya: <\/b><\/p>\n<p>Llega a la ceremonia con ropa ceremonial, de la manera que t\u00fa consideres ceremonial. La ropa blanca siempre es una buena opci\u00f3n. Si\u00e9ntete libre de vestirte como quieras, como si fueras a una ceremonia para presentarte ante tus ancestros. <\/p>\n<p><b>Hombres:<\/b> camisa o camiseta; no venir con pantal\u00f3n corto<\/p>\n<p><b>Mujeres:<\/b> no con falda corta, sino larga; no con pantalones ajustados; o llevar un chal o un vestido largo; arriba, una blusa o huipil (blusa maya), sin mostrar el ombligo. <\/p>\n<p><span style=\"letter-spacing: -0.1px; color: #952f1d; font-family: Baskervville, sans-serif; font-size: 24px; font-style: italic;\"> <\/span><\/p>\n<p><span style=\"letter-spacing: -0.1px; color: #952f1d; font-family: Baskervville, sans-serif; font-size: 24px; font-style: italic;\">Intercambio energ\u00e9tico: Q.250 &#8211; Puedes pagar en efectivo o con tarjeta.<\/span><\/p>\n<h4><b>Utz Apetik &#8211; Bienvenidos &#8211; Bienvenados <\/b><\/h4>\n<p> <\/p>\t\t\t\t\t\t\t\t<\/div>\n\t\t\t\t<div class=\"elementor-element elementor-element-13440ed2 elementor-widget elementor-widget-spacer\" data-id=\"13440ed2\" data-element_type=\"widget\" data-e-type=\"widget\" data-widget_type=\"spacer.default\">\n\t\t\t\t\t\t\t<div class=\"elementor-spacer\">\n\t\t\t<div class=\"elementor-spacer-inner\"><\/div>\n\t\t<\/div>\n\t\t\t\t\t\t<\/div>\n\t\t\t\t<div class=\"elementor-element elementor-element-578ad0c8 elementor-cta--skin-classic elementor-animated-content elementor-bg-transform elementor-bg-transform-zoom-in elementor-widget elementor-widget-call-to-action\" data-id=\"578ad0c8\" data-element_type=\"widget\" data-e-type=\"widget\" data-widget_type=\"call-to-action.default\">\n\t\t\t\t\t\t\t<div class=\"elementor-cta\">\n\t\t\t\t\t<div class=\"elementor-cta__bg-wrapper\">\n\t\t\t\t<div class=\"elementor-cta__bg elementor-bg\" style=\"background-image: url(https:\/\/lavalovecacao.com\/wp-content\/uploads\/2021\/10\/IMG_0918-1024x683.jpg);\" role=\"img\" aria-label=\"IMG_0918\"><\/div>\n\t\t\t\t<div class=\"elementor-cta__bg-overlay\"><\/div>\n\t\t\t<\/div>\n\t\t\t\t\t\t\t<div class=\"elementor-cta__content\">\n\t\t\t\t\n\t\t\t\t\t\t\t\t\t<h3 class=\"elementor-cta__title elementor-cta__content-item elementor-content-item\">\n\t\t\t\t\t\tReserva tu propia ceremonia\t\t\t\t\t<\/h3>\n\t\t\t\t\n\t\t\t\t\t\t\t\t\t<div class=\"elementor-cta__description elementor-cta__content-item elementor-content-item\">\n\t\t\t\t\t\tTambi\u00e9n ofrecemos ceremonias especiales para tus eventos y retiros. Cont\u00e1ctanos para crear un momento especial para tus grupos \t\t\t\t\t<\/div>\n\t\t\t\t\n\t\t\t\t\t\t\t\t\t<div class=\"elementor-cta__button-wrapper elementor-cta__content-item elementor-content-item \">\n\t\t\t\t\t<a class=\"elementor-cta__button elementor-button elementor-size-\" href=\"http:\/\/sales@lavalovecacao.com\">\n\t\t\t\t\t\tCONT\u00c1CTANOS\t\t\t\t\t<\/a>\n\t\t\t\t\t<\/div>\n\t\t\t\t\t\t\t<\/div>\n\t\t\t\t\t\t<\/div>\n\t\t\t\t\t\t<\/div>\n\t\t\t\t<div class=\"elementor-element elementor-element-3a4e8741 elementor-widget elementor-widget-heading\" data-id=\"3a4e8741\" data-element_type=\"widget\" data-e-type=\"widget\" data-widget_type=\"heading.default\">\n\t\t\t\t\t<h6 class=\"elementor-heading-title elementor-size-default\">Cr\u00e9ditos de fotograf\u00eda a Daniel Lopez P\u00e9rez &amp; Nehemias Sancoy<\/h6>\t\t\t\t<\/div>\n\t\t\t\t\t<\/div>\n\t\t<\/div>\n\t\t\t\t<div class=\"elementor-column elementor-col-16 elementor-inner-column elementor-element elementor-element-28721e4d\" data-id=\"28721e4d\" data-element_type=\"column\" data-e-type=\"column\">\n\t\t\t<div class=\"elementor-widget-wrap\">\n\t\t\t\t\t\t\t<\/div>\n\t\t<\/div>\n\t\t\t\t\t<\/div>\n\t\t<\/section>\n\t\t\t\t<\/div>\n\t\t","protected":false},"excerpt":{"rendered":"<p>Ceremonias sagradas de cacao Compartiendo la sabidur\u00eda de nuestros ancestros, los mayas Sobre nuestras ceremonias https:\/\/youtu.be\/tSVkL6AGPRU Ceremonia sagrada de cacao Deja que el esp\u00edritu de Ixcacao baile en tus c\u00e9lulas para irradiar la luz que duerme en tu universo llamado existencia. Reun\u00e1monos y tomemos cacao sagrado en una ceremonia, para abrir nuestras emociones y liberarlas [&hellip;]<\/p>\n","protected":false},"author":1,"featured_media":0,"parent":0,"menu_order":0,"comment_status":"closed","ping_status":"closed","template":"elementor_header_footer","meta":{"footnotes":""},"class_list":["post-3634","page","type-page","status-publish","hentry"],"_links":{"self":[{"href":"https:\/\/lavalovecacao.com\/es\/wp-json\/wp\/v2\/pages\/3634","targetHints":{"allow":["GET"]}}],"collection":[{"href":"https:\/\/lavalovecacao.com\/es\/wp-json\/wp\/v2\/pages"}],"about":[{"href":"https:\/\/lavalovecacao.com\/es\/wp-json\/wp\/v2\/types\/page"}],"author":[{"embeddable":true,"href":"https:\/\/lavalovecacao.com\/es\/wp-json\/wp\/v2\/users\/1"}],"replies":[{"embeddable":true,"href":"https:\/\/lavalovecacao.com\/es\/wp-json\/wp\/v2\/comments?post=3634"}],"version-history":[{"count":5,"href":"https:\/\/lavalovecacao.com\/es\/wp-json\/wp\/v2\/pages\/3634\/revisions"}],"predecessor-version":[{"id":3639,"href":"https:\/\/lavalovecacao.com\/es\/wp-json\/wp\/v2\/pages\/3634\/revisions\/3639"}],"wp:attachment":[{"href":"https:\/\/lavalovecacao.com\/es\/wp-json\/wp\/v2\/media?parent=3634"}],"curies":[{"name":"wp","href":"https:\/\/api.w.org\/{rel}","templated":true}]}}