{"id":3629,"date":"2023-06-13T14:26:28","date_gmt":"2023-06-13T14:26:28","guid":{"rendered":"https:\/\/lavalovecacao.com\/sobre-nosotros\/"},"modified":"2026-02-21T22:19:07","modified_gmt":"2026-02-21T22:19:07","slug":"sobre-nosotros","status":"publish","type":"page","link":"https:\/\/lavalovecacao.com\/es\/sobre-nosotros\/","title":{"rendered":"SOBRE NOSOTROS"},"content":{"rendered":"\t\t<div data-elementor-type=\"wp-page\" data-elementor-id=\"3629\" class=\"elementor elementor-3629 elementor-1959\" data-elementor-post-type=\"page\">\n\t\t\t\t\t\t<section class=\"elementor-section elementor-top-section elementor-element elementor-element-45a53d1 elementor-section-full_width elementor-section-height-default elementor-section-height-default\" data-id=\"45a53d1\" data-element_type=\"section\" data-e-type=\"section\" data-settings=\"{&quot;background_background&quot;:&quot;classic&quot;}\">\n\t\t\t\t\t\t<div class=\"elementor-container elementor-column-gap-default\">\n\t\t\t\t\t<div class=\"elementor-column elementor-col-100 elementor-top-column elementor-element elementor-element-9a66511\" data-id=\"9a66511\" data-element_type=\"column\" data-e-type=\"column\">\n\t\t\t<div class=\"elementor-widget-wrap elementor-element-populated\">\n\t\t\t\t\t\t<section class=\"elementor-section elementor-inner-section elementor-element elementor-element-2f9d5de elementor-section-full_width elementor-section-height-default elementor-section-height-default\" data-id=\"2f9d5de\" data-element_type=\"section\" data-e-type=\"section\" data-settings=\"{&quot;background_background&quot;:&quot;classic&quot;}\">\n\t\t\t\t\t\t<div class=\"elementor-container elementor-column-gap-default\">\n\t\t\t\t\t<div class=\"elementor-column elementor-col-16 elementor-inner-column elementor-element elementor-element-2ac4a33\" data-id=\"2ac4a33\" data-element_type=\"column\" data-e-type=\"column\">\n\t\t\t<div class=\"elementor-widget-wrap\">\n\t\t\t\t\t\t\t<\/div>\n\t\t<\/div>\n\t\t\t\t<div class=\"elementor-column elementor-col-66 elementor-inner-column elementor-element elementor-element-90e41d2\" data-id=\"90e41d2\" data-element_type=\"column\" data-e-type=\"column\">\n\t\t\t<div class=\"elementor-widget-wrap elementor-element-populated\">\n\t\t\t\t\t\t<div class=\"elementor-element elementor-element-e5653cb elementor-widget elementor-widget-heading\" data-id=\"e5653cb\" data-element_type=\"widget\" data-e-type=\"widget\" data-widget_type=\"heading.default\">\n\t\t\t\t\t<h2 class=\"elementor-heading-title elementor-size-default\">Sobre nosotros\n<\/h2>\t\t\t\t<\/div>\n\t\t\t\t<div class=\"elementor-element elementor-element-eaf3193 elementor-widget-divider--view-line elementor-widget elementor-widget-divider\" data-id=\"eaf3193\" data-element_type=\"widget\" data-e-type=\"widget\" data-widget_type=\"divider.default\">\n\t\t\t\t\t\t\t<div class=\"elementor-divider\">\n\t\t\t<span class=\"elementor-divider-separator\">\n\t\t\t\t\t\t<\/span>\n\t\t<\/div>\n\t\t\t\t\t\t<\/div>\n\t\t\t\t<div class=\"elementor-element elementor-element-b8901eb elementor-widget elementor-widget-image\" data-id=\"b8901eb\" data-element_type=\"widget\" data-e-type=\"widget\" data-widget_type=\"image.default\">\n\t\t\t\t\t\t\t\t\t\t\t\t\t\t\t<img fetchpriority=\"high\" decoding=\"async\" width=\"683\" height=\"1024\" src=\"https:\/\/lavalovecacao.com\/wp-content\/uploads\/2023\/06\/IMG_9633-683x1024.jpeg\" class=\"attachment-large size-large wp-image-3630\" alt=\"\" srcset=\"https:\/\/lavalovecacao.com\/wp-content\/uploads\/2023\/06\/IMG_9633-683x1024.jpeg 683w, https:\/\/lavalovecacao.com\/wp-content\/uploads\/2023\/06\/IMG_9633-scaled-600x900.jpeg 600w, https:\/\/lavalovecacao.com\/wp-content\/uploads\/2023\/06\/IMG_9633-200x300.jpeg 200w, https:\/\/lavalovecacao.com\/wp-content\/uploads\/2023\/06\/IMG_9633-768x1152.jpeg 768w, https:\/\/lavalovecacao.com\/wp-content\/uploads\/2023\/06\/IMG_9633-1024x1536.jpeg 1024w, https:\/\/lavalovecacao.com\/wp-content\/uploads\/2023\/06\/IMG_9633-1365x2048.jpeg 1365w, https:\/\/lavalovecacao.com\/wp-content\/uploads\/2023\/06\/IMG_9633-scaled.jpeg 1707w\" sizes=\"(max-width: 683px) 100vw, 683px\" \/>\t\t\t\t\t\t\t\t\t\t\t\t\t\t\t<\/div>\n\t\t\t\t<div class=\"elementor-element elementor-element-b8711e8 elementor-widget elementor-widget-heading\" data-id=\"b8711e8\" data-element_type=\"widget\" data-e-type=\"widget\" data-widget_type=\"heading.default\">\n\t\t\t\t\t<h2 class=\"elementor-heading-title elementor-size-default\">Izaias Sajvin Mendoza<\/h2>\t\t\t\t<\/div>\n\t\t\t\t<div class=\"elementor-element elementor-element-d9ab05b elementor-widget elementor-widget-text-editor\" data-id=\"d9ab05b\" data-element_type=\"widget\" data-e-type=\"widget\" data-widget_type=\"text-editor.default\">\n\t\t\t\t\t\t\t\t\t<p>\u27d0\u27d0\u27d0\u27d0\u27d0<\/p>\t\t\t\t\t\t\t\t<\/div>\n\t\t\t\t<div class=\"elementor-element elementor-element-3194c4a elementor-widget elementor-widget-text-editor\" data-id=\"3194c4a\" data-element_type=\"widget\" data-e-type=\"widget\" data-widget_type=\"text-editor.default\">\n\t\t\t\t\t\t\t\t\t<p>Izaias Sajvin Mendoza naci\u00f3 y se crio en una familia ind\u00edgena en San Marcos La Laguna, Guatemala. A los 14 a\u00f1os empez\u00f3 a trabajar para Keith Wilson (Keith\u2019s Cacao) como jardinero. Aunque estudi\u00f3 inform\u00e1tica y contabilidad, desarroll\u00f3 un inter\u00e9s creciente por religiones y culturas distintas del trasfondo cristiano en el que se crio.<\/p><p> <\/p><p>A trav\u00e9s de un sue\u00f1o en su adolescencia, fue guiado a buscar \u201cel camino perdido\u201d, una pr\u00e1ctica espiritual local, lo que le llev\u00f3 a descubrir que su abuelo era cham\u00e1n.<\/p><p> <\/p><p>Izaias tuvo que esperar hasta estar preparado y, tras a\u00f1os de b\u00fasqueda de su camino y prop\u00f3sito, y sintiendo una fuerte llamada a servir como cham\u00e1n, fue invitado a una ceremonia para unirse a los c\u00edrculos de ancianos. Descubri\u00f3 m\u00e1s sobre la historia de su abuelo y c\u00f3mo estaba destinado a convertirse en sanador; sin embargo, deb\u00eda cumplir un requisito: casarse.<\/p><p> <\/p><p>A los 21 a\u00f1os se cas\u00f3 con Izabel, su esposa y madre de sus 2 hijos, Jason y Leo, y solo entonces fue iniciado en el camino del Cham\u00e1n del Fuego. Desde entonces ha sido practicante y facilitador, celebrando ceremonias de Cacao y de Fuego, as\u00ed como lecturas del calendario maya a trav\u00e9s de los Nahuales, siguiendo la tradici\u00f3n de sus ancestros y su linaje heredado.<\/p>\t\t\t\t\t\t\t\t<\/div>\n\t\t\t\t<div class=\"elementor-element elementor-element-5f04476 elementor-widget elementor-widget-heading\" data-id=\"5f04476\" data-element_type=\"widget\" data-e-type=\"widget\" data-widget_type=\"heading.default\">\n\t\t\t\t\t<h2 class=\"elementor-heading-title elementor-size-default\">Gracias al cacao, Izaias e Izabel son amantes, padres y sanadores, siguiendo el camino que estaba destinado para ellos.\n<\/h2>\t\t\t\t<\/div>\n\t\t\t\t<div class=\"elementor-element elementor-element-e9f6450 elementor-widget elementor-widget-image\" data-id=\"e9f6450\" data-element_type=\"widget\" data-e-type=\"widget\" data-widget_type=\"image.default\">\n\t\t\t\t\t\t\t\t\t\t\t\t\t\t\t<img decoding=\"async\" width=\"683\" height=\"1024\" src=\"https:\/\/lavalovecacao.com\/wp-content\/uploads\/2023\/06\/IMG_9200-683x1024.jpg\" class=\"attachment-large size-large wp-image-3659\" alt=\"\" srcset=\"https:\/\/lavalovecacao.com\/wp-content\/uploads\/2023\/06\/IMG_9200-683x1024.jpg 683w, https:\/\/lavalovecacao.com\/wp-content\/uploads\/2023\/06\/IMG_9200-scaled-600x900.jpg 600w, https:\/\/lavalovecacao.com\/wp-content\/uploads\/2023\/06\/IMG_9200-200x300.jpg 200w, https:\/\/lavalovecacao.com\/wp-content\/uploads\/2023\/06\/IMG_9200-768x1152.jpg 768w, https:\/\/lavalovecacao.com\/wp-content\/uploads\/2023\/06\/IMG_9200-1024x1536.jpg 1024w, https:\/\/lavalovecacao.com\/wp-content\/uploads\/2023\/06\/IMG_9200-1365x2048.jpg 1365w, https:\/\/lavalovecacao.com\/wp-content\/uploads\/2023\/06\/IMG_9200-scaled.jpg 1707w\" sizes=\"(max-width: 683px) 100vw, 683px\" \/>\t\t\t\t\t\t\t\t\t\t\t\t\t\t\t<\/div>\n\t\t\t\t<div class=\"elementor-element elementor-element-f2b55a8 elementor-widget elementor-widget-heading\" data-id=\"f2b55a8\" data-element_type=\"widget\" data-e-type=\"widget\" data-widget_type=\"heading.default\">\n\t\t\t\t\t<h2 class=\"elementor-heading-title elementor-size-default\">Ana Izabel P\u00e9rez<\/h2>\t\t\t\t<\/div>\n\t\t\t\t<div class=\"elementor-element elementor-element-c8e30da elementor-widget elementor-widget-text-editor\" data-id=\"c8e30da\" data-element_type=\"widget\" data-e-type=\"widget\" data-widget_type=\"text-editor.default\">\n\t\t\t\t\t\t\t\t\t<p>\u27d0\u27d0\u27d0\u27d0\u27d0<\/p>\t\t\t\t\t\t\t\t<\/div>\n\t\t\t\t<div class=\"elementor-element elementor-element-2a96fa2 elementor-widget elementor-widget-text-editor\" data-id=\"2a96fa2\" data-element_type=\"widget\" data-e-type=\"widget\" data-widget_type=\"text-editor.default\">\n\t\t\t\t\t\t\t\t\t<p>Izabel pas\u00f3 sus primeros a\u00f1os trabajando en la costa del Pac\u00edfico de Guatemala, ayudando a su madre en su trabajo como recolectora.<\/p><p> <\/p><p>Desde muy peque\u00f1a tuvo que trabajar en empleos humildes para contribuir al sustento de su numerosa familia, viajando a San Juan La Laguna y dejando atr\u00e1s a sus seres queridos para asumir estas responsabilidades, ya que perdi\u00f3 a su padre a los 6 a\u00f1os. Aprendi\u00f3 la lengua maya nativa tz\u2019utujil a los 15 a\u00f1os y m\u00e1s tarde conoci\u00f3 a Izaias en San Marcos.<\/p><p> <\/p><p>Esta relaci\u00f3n impuls\u00f3 el inicio de su camino de sanaci\u00f3n, en el que pudo asistir a ceremonias de Cacao, liberando el sufrimiento ancestral ligado a ella.<\/p><p> <\/p><p>Gracias al cacao, crecieron juntos y se fortalecieron en su relaci\u00f3n; esto les ayud\u00f3 a liberar sufrimiento y a conectar m\u00e1s profundamente el uno con el otro.<\/p><p> <\/p><p>Despu\u00e9s de ser madre de 2 hijos y de apoyar a su marido en su camino para convertirse en Cham\u00e1n del Fuego, Izabel fue iniciada un a\u00f1o despu\u00e9s por su maestra Nan Candelaria Xitamul como chamana. Su llamada a trabajar con embarazos, empoderar a las mujeres y ampliar su conocimiento de las hierbas empez\u00f3 a florecer en esos a\u00f1os. Ahora est\u00e1 consolidada como sanadora, centrando su trabajo en el masaje abdominal tradicional, los ba\u00f1os de temazcal y como herbolaria.<\/p>\t\t\t\t\t\t\t\t<\/div>\n\t\t\t\t<div class=\"elementor-element elementor-element-1a739bf elementor-widget elementor-widget-text-editor\" data-id=\"1a739bf\" data-element_type=\"widget\" data-e-type=\"widget\" data-widget_type=\"text-editor.default\">\n\t\t\t\t\t\t\t\t\t<p><em>Cr\u00e9ditos de fotograf\u00eda: Daniel Lopez P\u00e9rez<\/em><\/p><p> <\/p><div id=\"shopify-section-footer\" class=\"shopify-section section-site-footer\"><footer class=\"site-footer small--text-center bg--secondary-accent color--secondary-accent-overlay f--main mt4\" role=\"contentinfo\" data-section-type=\"footer\" data-section-id=\"footer\"><div class=\"wrapper\"><div class=\"site-footer__desktop md-dn--hide \"><div class=\"grid\"><div class=\"grid__item lg--one-quarter font-size--s\"> <\/div><\/div><\/div><\/div><\/footer><\/div>\t\t\t\t\t\t\t\t<\/div>\n\t\t\t\t\t<\/div>\n\t\t<\/div>\n\t\t\t\t<div class=\"elementor-column elementor-col-16 elementor-inner-column elementor-element elementor-element-40624ee\" data-id=\"40624ee\" data-element_type=\"column\" data-e-type=\"column\">\n\t\t\t<div class=\"elementor-widget-wrap\">\n\t\t\t\t\t\t\t<\/div>\n\t\t<\/div>\n\t\t\t\t\t<\/div>\n\t\t<\/section>\n\t\t\t\t\t<\/div>\n\t\t<\/div>\n\t\t\t\t\t<\/div>\n\t\t<\/section>\n\t\t\t\t<\/div>\n\t\t","protected":false},"excerpt":{"rendered":"<p>Sobre nosotros Izaias Sajvin Mendoza \u27d0\u27d0\u27d0\u27d0\u27d0 Izaias Sajvin Mendoza naci\u00f3 y se crio en una familia ind\u00edgena en San Marcos La Laguna, Guatemala. A los 14 a\u00f1os empez\u00f3 a trabajar para Keith Wilson (Keith\u2019s Cacao) como jardinero. Aunque estudi\u00f3 inform\u00e1tica y contabilidad, desarroll\u00f3 un inter\u00e9s creciente por religiones y culturas distintas del trasfondo cristiano en [&hellip;]<\/p>\n","protected":false},"author":1,"featured_media":3598,"parent":0,"menu_order":0,"comment_status":"closed","ping_status":"closed","template":"elementor_header_footer","meta":{"footnotes":""},"class_list":["post-3629","page","type-page","status-publish","has-post-thumbnail","hentry"],"_links":{"self":[{"href":"https:\/\/lavalovecacao.com\/es\/wp-json\/wp\/v2\/pages\/3629","targetHints":{"allow":["GET"]}}],"collection":[{"href":"https:\/\/lavalovecacao.com\/es\/wp-json\/wp\/v2\/pages"}],"about":[{"href":"https:\/\/lavalovecacao.com\/es\/wp-json\/wp\/v2\/types\/page"}],"author":[{"embeddable":true,"href":"https:\/\/lavalovecacao.com\/es\/wp-json\/wp\/v2\/users\/1"}],"replies":[{"embeddable":true,"href":"https:\/\/lavalovecacao.com\/es\/wp-json\/wp\/v2\/comments?post=3629"}],"version-history":[{"count":1,"href":"https:\/\/lavalovecacao.com\/es\/wp-json\/wp\/v2\/pages\/3629\/revisions"}],"predecessor-version":[{"id":3631,"href":"https:\/\/lavalovecacao.com\/es\/wp-json\/wp\/v2\/pages\/3629\/revisions\/3631"}],"wp:featuredmedia":[{"embeddable":true,"href":"https:\/\/lavalovecacao.com\/es\/wp-json\/wp\/v2\/media\/3598"}],"wp:attachment":[{"href":"https:\/\/lavalovecacao.com\/es\/wp-json\/wp\/v2\/media?parent=3629"}],"curies":[{"name":"wp","href":"https:\/\/api.w.org\/{rel}","templated":true}]}}