{"id":3622,"date":"2020-10-15T09:54:48","date_gmt":"2020-10-15T09:54:48","guid":{"rendered":"https:\/\/lavalovecacao.com\/lectura-de-nahual\/"},"modified":"2026-02-21T22:19:01","modified_gmt":"2026-02-21T22:19:01","slug":"lectura-de-nahual","status":"publish","type":"page","link":"https:\/\/lavalovecacao.com\/es\/lectura-de-nahual\/","title":{"rendered":"Lectura de Nahual"},"content":{"rendered":"\t\t<div data-elementor-type=\"wp-page\" data-elementor-id=\"3622\" class=\"elementor elementor-3622 elementor-65\" data-elementor-post-type=\"page\">\n\t\t\t\t\t\t<section class=\"elementor-section elementor-top-section elementor-element elementor-element-c1c44ce elementor-section-full_width elementor-section-height-default elementor-section-height-default\" data-id=\"c1c44ce\" data-element_type=\"section\" data-e-type=\"section\" data-settings=\"{&quot;background_background&quot;:&quot;classic&quot;}\">\n\t\t\t\t\t\t<div class=\"elementor-container elementor-column-gap-default\">\n\t\t\t\t\t<div class=\"elementor-column elementor-col-100 elementor-top-column elementor-element elementor-element-d75c82c\" data-id=\"d75c82c\" data-element_type=\"column\" data-e-type=\"column\">\n\t\t\t<div class=\"elementor-widget-wrap elementor-element-populated\">\n\t\t\t\t\t\t<section class=\"elementor-section elementor-inner-section elementor-element elementor-element-fb7161d elementor-section-full_width elementor-section-height-default elementor-section-height-default\" data-id=\"fb7161d\" data-element_type=\"section\" data-e-type=\"section\" data-settings=\"{&quot;background_background&quot;:&quot;classic&quot;}\">\n\t\t\t\t\t\t<div class=\"elementor-container elementor-column-gap-default\">\n\t\t\t\t\t<div class=\"elementor-column elementor-col-16 elementor-inner-column elementor-element elementor-element-80ecff5\" data-id=\"80ecff5\" data-element_type=\"column\" data-e-type=\"column\">\n\t\t\t<div class=\"elementor-widget-wrap\">\n\t\t\t\t\t\t\t<\/div>\n\t\t<\/div>\n\t\t\t\t<div class=\"elementor-column elementor-col-66 elementor-inner-column elementor-element elementor-element-dcba894\" data-id=\"dcba894\" data-element_type=\"column\" data-e-type=\"column\">\n\t\t\t<div class=\"elementor-widget-wrap elementor-element-populated\">\n\t\t\t\t\t\t<div class=\"elementor-element elementor-element-9f47e40 elementor-widget elementor-widget-heading\" data-id=\"9f47e40\" data-element_type=\"widget\" data-e-type=\"widget\" data-widget_type=\"heading.default\">\n\t\t\t\t\t<h1 class=\"elementor-heading-title elementor-size-default\">Lecturas de Nahual\n<\/h1>\t\t\t\t<\/div>\n\t\t\t\t<div class=\"elementor-element elementor-element-cb01370 elementor-widget-divider--view-line elementor-widget elementor-widget-divider\" data-id=\"cb01370\" data-element_type=\"widget\" data-e-type=\"widget\" data-widget_type=\"divider.default\">\n\t\t\t\t\t\t\t<div class=\"elementor-divider\">\n\t\t\t<span class=\"elementor-divider-separator\">\n\t\t\t\t\t\t<\/span>\n\t\t<\/div>\n\t\t\t\t\t\t<\/div>\n\t\t\t\t<div class=\"elementor-element elementor-element-70a75a5 elementor-widget elementor-widget-image\" data-id=\"70a75a5\" data-element_type=\"widget\" data-e-type=\"widget\" data-widget_type=\"image.default\">\n\t\t\t\t\t\t\t\t\t\t\t\t\t\t\t<img fetchpriority=\"high\" decoding=\"async\" width=\"800\" height=\"530\" src=\"https:\/\/lavalovecacao.com\/wp-content\/uploads\/2020\/10\/AdobeStock_213218123_1_1024x1024.jpg\" class=\"attachment-large size-large wp-image-3623\" alt=\"\" srcset=\"https:\/\/lavalovecacao.com\/wp-content\/uploads\/2020\/10\/AdobeStock_213218123_1_1024x1024.jpg 1024w, https:\/\/lavalovecacao.com\/wp-content\/uploads\/2020\/10\/AdobeStock_213218123_1_1024x1024-600x397.jpg 600w, https:\/\/lavalovecacao.com\/wp-content\/uploads\/2020\/10\/AdobeStock_213218123_1_1024x1024-300x199.jpg 300w, https:\/\/lavalovecacao.com\/wp-content\/uploads\/2020\/10\/AdobeStock_213218123_1_1024x1024-768x509.jpg 768w\" sizes=\"(max-width: 800px) 100vw, 800px\" \/>\t\t\t\t\t\t\t\t\t\t\t\t\t\t\t<\/div>\n\t\t\t\t<div class=\"elementor-element elementor-element-99e0f01 elementor-widget elementor-widget-heading\" data-id=\"99e0f01\" data-element_type=\"widget\" data-e-type=\"widget\" data-widget_type=\"heading.default\">\n\t\t\t\t\t<h3 class=\"elementor-heading-title elementor-size-default\">Comprender nuestra esencia \u00fanica<\/h3>\t\t\t\t<\/div>\n\t\t\t\t<div class=\"elementor-element elementor-element-61f4183 elementor-widget-divider--view-line elementor-widget elementor-widget-divider\" data-id=\"61f4183\" data-element_type=\"widget\" data-e-type=\"widget\" data-widget_type=\"divider.default\">\n\t\t\t\t\t\t\t<div class=\"elementor-divider\">\n\t\t\t<span class=\"elementor-divider-separator\">\n\t\t\t\t\t\t<\/span>\n\t\t<\/div>\n\t\t\t\t\t\t<\/div>\n\t\t\t\t<div class=\"elementor-element elementor-element-545d00a elementor-widget elementor-widget-text-editor\" data-id=\"545d00a\" data-element_type=\"widget\" data-e-type=\"widget\" data-widget_type=\"text-editor.default\">\n\t\t\t\t\t\t\t\t\t<p>El Nahual <strong>Ch\u2019umilal<\/strong> (estrella) se refiere al esp\u00edritu de nuestro ser; habla de la energ\u00eda de tu alma y, con ello, nos da informaci\u00f3n sobre nuestro prop\u00f3sito de vida. <\/p><p>Cada d\u00eda tiene un Nahual, o un guardi\u00e1n. Su prop\u00f3sito es cuidar y sostener la esencia de la vida humana, para que, como seres humanos, podamos conectar con la fuente y usarla a nuestro favor. Cuando sabemos interpretarlo, podemos aprovecharlo. No requiere esfuerzo, porque los seres humanos ya fluimos en armon\u00eda con el ritmo de <em>Q\u2019a te\u2019 ulew<\/em>(madre naturaleza).   <\/p><p>El Nahual con el que nacimos tiene la misi\u00f3n de guiarnos para que podamos cumplir el prop\u00f3sito para el que venimos al mundo. Nuestros mayores dicen que cuando encontramos dificultad en nuestro K\u2019aslemal (vida) es porque no estamos escuchando el mensaje de nuestro nahual Ch\u2019umilal (estrella). <\/p><p>En la forma antigua, los mayas son <span class=\"tlid-translation translation\" lang=\"en\"><span title=\"\">artistas, bailarines, tejedores, comerciantes, sanadores, joyeros, plateros, astr\u00f3logos.<\/span> <span class=\"\" title=\"\">etc. Observan la posici\u00f3n de la estrella y predicen tu destino, conectados con la naturaleza y conscientes de los climas, los sonidos de la naturaleza y los sue\u00f1os. Cada persona tiene su propia misi\u00f3n en la vida y encuentra un camino arm\u00f3nico para escuchar la voz de su nahal y vivir una vida en armon\u00eda.<\/span><\/span><\/p><p>Tenemos un pasado que nos recuerda qui\u00e9nes somos y qui\u00e9nes fuimos. Hay un presente del que depende toda nuestra existencia. Y un futuro para mejorar lo que somos, donde plantamos la semilla de la esperanza. Nuestro Nahual nos ayuda a aprender sobre nuestra esencia y lo que venimos a compartir con los dem\u00e1s, siguiendo nuestro coraz\u00f3n, donde el Esp\u00edritu nos habla a trav\u00e9s de nuestros sentimientos.   <\/p>\t\t\t\t\t\t\t\t<\/div>\n\t\t\t\t<div class=\"elementor-element elementor-element-b26fd8f elementor-widget elementor-widget-heading\" data-id=\"b26fd8f\" data-element_type=\"widget\" data-e-type=\"widget\" data-widget_type=\"heading.default\">\n\t\t\t\t\t<h2 class=\"elementor-heading-title elementor-size-default\">El Nahual con el que nacimos tiene la misi\u00f3n de guiarnos para que podamos cumplir el prop\u00f3sito para el que venimos al mundo.\u200b<\/h2>\t\t\t\t<\/div>\n\t\t\t\t<div class=\"elementor-element elementor-element-85c6ff1 elementor-widget elementor-widget-image\" data-id=\"85c6ff1\" data-element_type=\"widget\" data-e-type=\"widget\" data-widget_type=\"image.default\">\n\t\t\t\t\t\t\t\t\t\t\t\t\t\t\t<img decoding=\"async\" width=\"800\" height=\"616\" src=\"https:\/\/lavalovecacao.com\/wp-content\/uploads\/2020\/10\/glyps.jpg\" class=\"attachment-large size-large wp-image-3624\" alt=\"\" srcset=\"https:\/\/lavalovecacao.com\/wp-content\/uploads\/2020\/10\/glyps.jpg 998w, https:\/\/lavalovecacao.com\/wp-content\/uploads\/2020\/10\/glyps-600x462.jpg 600w, https:\/\/lavalovecacao.com\/wp-content\/uploads\/2020\/10\/glyps-300x231.jpg 300w, https:\/\/lavalovecacao.com\/wp-content\/uploads\/2020\/10\/glyps-768x591.jpg 768w\" sizes=\"(max-width: 800px) 100vw, 800px\" \/>\t\t\t\t\t\t\t\t\t\t\t\t\t\t\t<\/div>\n\t\t\t\t<div class=\"elementor-element elementor-element-9251a0a elementor-widget elementor-widget-text-editor\" data-id=\"9251a0a\" data-element_type=\"widget\" data-e-type=\"widget\" data-widget_type=\"text-editor.default\">\n\t\t\t\t\t\t\t\t\t<p>El <strong>Ch\u2019umilal<\/strong> (estrella) se refiere a nuestro Nahual; es la estrella con la que nacemos. Venimos a encarnarla y a dejar que brote, pues contenemos la semilla de su esencia. Venimos a convertirnos en esa estrella y a hacer brillar su luz. El Ch\u2019umilal nos ayuda a comprender que nuestros dones y nuestra misi\u00f3n en la vida son ayudar a otros a hacer brillar sus estrellas y a crecer como el sol tambi\u00e9n, cada cual a su manera \u00fanica. La luz de tu estrella se convierte en tu pasi\u00f3n, tu amor, tu pareja, a medida que maduramos hacia la adultez. Por ejemplo, mi maestro ve a mi esposa como mi Nahual: cuanto m\u00e1s sirvo y sigo mi prop\u00f3sito, m\u00e1s crezco en amor y aprecio. Esto se convierte en un don y se corresponde y recompensa cuando uno sigue su camino.      <\/p>\t\t\t\t\t\t\t\t<\/div>\n\t\t\t\t<div class=\"elementor-element elementor-element-35f110a elementor-widget elementor-widget-image\" data-id=\"35f110a\" data-element_type=\"widget\" data-e-type=\"widget\" data-widget_type=\"image.default\">\n\t\t\t\t\t\t\t\t\t\t\t\t\t\t\t<img decoding=\"async\" width=\"800\" height=\"534\" src=\"https:\/\/lavalovecacao.com\/wp-content\/uploads\/2020\/10\/Daniel_SonyaMayanCeremony-DanielLopezPerez-004_1024x1024.jpg\" class=\"attachment-large size-large wp-image-3625\" alt=\"\" srcset=\"https:\/\/lavalovecacao.com\/wp-content\/uploads\/2020\/10\/Daniel_SonyaMayanCeremony-DanielLopezPerez-004_1024x1024.jpg 1024w, https:\/\/lavalovecacao.com\/wp-content\/uploads\/2020\/10\/Daniel_SonyaMayanCeremony-DanielLopezPerez-004_1024x1024-600x401.jpg 600w, https:\/\/lavalovecacao.com\/wp-content\/uploads\/2020\/10\/Daniel_SonyaMayanCeremony-DanielLopezPerez-004_1024x1024-300x200.jpg 300w, https:\/\/lavalovecacao.com\/wp-content\/uploads\/2020\/10\/Daniel_SonyaMayanCeremony-DanielLopezPerez-004_1024x1024-768x513.jpg 768w\" sizes=\"(max-width: 800px) 100vw, 800px\" \/>\t\t\t\t\t\t\t\t\t\t\t\t\t\t\t<\/div>\n\t\t\t\t<div class=\"elementor-element elementor-element-b311c8d elementor-widget elementor-widget-heading\" data-id=\"b311c8d\" data-element_type=\"widget\" data-e-type=\"widget\" data-widget_type=\"heading.default\">\n\t\t\t\t\t<h3 class=\"elementor-heading-title elementor-size-default\">Trecena \u2014 13 d\u00edas<\/h3>\t\t\t\t<\/div>\n\t\t\t\t<div class=\"elementor-element elementor-element-67e5b12 elementor-widget elementor-widget-text-editor\" data-id=\"67e5b12\" data-element_type=\"widget\" data-e-type=\"widget\" data-widget_type=\"text-editor.default\">\n\t\t\t\t\t\t\t\t\t<p>Nuestro <strong>Q\u2019iik\u2019ilal<\/strong> es nuestra luna, la que nos da el prop\u00f3sito de vida, la madre del sol. La llamamos Q&#8217;a Tit iik&#8217; (nuestra abuela luna). Est\u00e1 en nuestro subconsciente. El nahual del calendario maya nos ayuda a reconocernos para alinearnos con Ajaw, el Creador y el Formador. Con tu fecha de nacimiento descubriremos tu <em>Ch\u2019umilal<\/em> y tu <em>Ik\u2019ilal<\/em> bas\u00e1ndonos en nuestro calendario maya Tz\u2019olkin (260 d\u00edas). Para conocer y conectar, a veces necesitamos trabajar con nuestro lado oscuro y nuestro lado luminoso de la luna.    <\/p><p>Podr\u00e1s comprender tu Nahual, el significado de los s\u00edmbolos espec\u00edficos de tu signo energ\u00e9tico, c\u00f3mo contribuye esto en tu vida, qu\u00e9 te frena en tu proceso y qu\u00e9 puedes hacer para alcanzar el \u00e9xito en tu vida.<\/p>\t\t\t\t\t\t\t\t<\/div>\n\t\t\t\t<div class=\"elementor-element elementor-element-00a8a84 elementor-widget elementor-widget-heading\" data-id=\"00a8a84\" data-element_type=\"widget\" data-e-type=\"widget\" data-widget_type=\"heading.default\">\n\t\t\t\t\t<h3 class=\"elementor-heading-title elementor-size-default\">Lo que dicen los dem\u00e1s\u200b<\/h3>\t\t\t\t<\/div>\n\t\t\t\t<div class=\"elementor-element elementor-element-fabff84 elementor-widget-divider--view-line elementor-widget elementor-widget-divider\" data-id=\"fabff84\" data-element_type=\"widget\" data-e-type=\"widget\" data-widget_type=\"divider.default\">\n\t\t\t\t\t\t\t<div class=\"elementor-divider\">\n\t\t\t<span class=\"elementor-divider-separator\">\n\t\t\t\t\t\t<\/span>\n\t\t<\/div>\n\t\t\t\t\t\t<\/div>\n\t\t\t\t<div class=\"elementor-element elementor-element-bb9a5c1 elementor-widget elementor-widget-heading\" data-id=\"bb9a5c1\" data-element_type=\"widget\" data-e-type=\"widget\" data-widget_type=\"heading.default\">\n\t\t\t\t\t<h4 class=\"elementor-heading-title elementor-size-default\">\u201cTuve una lectura de Astrolog\u00eda Maya con Izaias y fue realmente incre\u00edble. No solo confirm\u00f3 algunas de las cosas que ten\u00eda planeadas y sobre las que dudaba, sino que tambi\u00e9n respondi\u00f3 preguntas que ninguno de los sanadores a los que he visto antes pudo responder.\u201d<\/h4>\t\t\t\t<\/div>\n\t\t\t\t<div class=\"elementor-element elementor-element-497924d elementor-widget elementor-widget-heading\" data-id=\"497924d\" data-element_type=\"widget\" data-e-type=\"widget\" data-widget_type=\"heading.default\">\n\t\t\t\t\t<h4 class=\"elementor-heading-title elementor-size-default\">\u201cIzaias te gu\u00eda desde el coraz\u00f3n con intuici\u00f3n y conocimiento ind\u00edgena ancestral. Llegar\u00e1s a conocer tu animal espiritual, tu esencia, tu prop\u00f3sito y cosas valiosas sobre tu pasado.\u201d<\/h4>\t\t\t\t<\/div>\n\t\t\t\t<div class=\"elementor-element elementor-element-e053d61 elementor-widget elementor-widget-heading\" data-id=\"e053d61\" data-element_type=\"widget\" data-e-type=\"widget\" data-widget_type=\"heading.default\">\n\t\t\t\t\t<h4 class=\"elementor-heading-title elementor-size-default\">\u201cEs una experiencia maravillosa, que abre el coraz\u00f3n y te empodera, y que recomiendo totalmente.\u201d\u200b<\/h4>\t\t\t\t<\/div>\n\t\t\t\t<div class=\"elementor-element elementor-element-e02e8d4 elementor-widget elementor-widget-text-editor\" data-id=\"e02e8d4\" data-element_type=\"widget\" data-e-type=\"widget\" data-widget_type=\"text-editor.default\">\n\t\t\t\t\t\t\t\t\t<p><span style=\"text-decoration: underline;\"><a href=\"mailto:sales@lavalovecacao.com\">Ponte en contacto <\/a><\/span>si te gustar\u00eda descubrir tu Nahual y c\u00f3mo puedes contribuir a tu propio crecimiento desde un lugar m\u00e1s consciente.<\/p>\t\t\t\t\t\t\t\t<\/div>\n\t\t\t\t<div class=\"elementor-element elementor-element-72fc62e elementor-widget elementor-widget-heading\" data-id=\"72fc62e\" data-element_type=\"widget\" data-e-type=\"widget\" data-widget_type=\"heading.default\">\n\t\t\t\t\t<h6 class=\"elementor-heading-title elementor-size-default\">Cr\u00e9ditos de fotograf\u00eda: Daniel Lopez P\u00e9rez<\/h6>\t\t\t\t<\/div>\n\t\t\t\t\t<\/div>\n\t\t<\/div>\n\t\t\t\t<div class=\"elementor-column elementor-col-16 elementor-inner-column elementor-element elementor-element-1a485cd\" data-id=\"1a485cd\" data-element_type=\"column\" data-e-type=\"column\">\n\t\t\t<div class=\"elementor-widget-wrap\">\n\t\t\t\t\t\t\t<\/div>\n\t\t<\/div>\n\t\t\t\t\t<\/div>\n\t\t<\/section>\n\t\t\t\t\t<\/div>\n\t\t<\/div>\n\t\t\t\t\t<\/div>\n\t\t<\/section>\n\t\t\t\t<\/div>\n\t\t","protected":false},"excerpt":{"rendered":"<p>Nahual Readings Understanding our unique essence Ch\u2019umilal (star) Nahual, refers to the spirit of our being, it speaks of the energy of your soul, and with it, gives us information about our life purpose. Each day has a Nahual, or a guardian. It\u2019s purpose is to care and provide for the essence of the human [&hellip;]<\/p>\n","protected":false},"author":1,"featured_media":3623,"parent":0,"menu_order":0,"comment_status":"closed","ping_status":"closed","template":"elementor_header_footer","meta":{"footnotes":""},"class_list":["post-3622","page","type-page","status-publish","has-post-thumbnail","hentry"],"_links":{"self":[{"href":"https:\/\/lavalovecacao.com\/es\/wp-json\/wp\/v2\/pages\/3622","targetHints":{"allow":["GET"]}}],"collection":[{"href":"https:\/\/lavalovecacao.com\/es\/wp-json\/wp\/v2\/pages"}],"about":[{"href":"https:\/\/lavalovecacao.com\/es\/wp-json\/wp\/v2\/types\/page"}],"author":[{"embeddable":true,"href":"https:\/\/lavalovecacao.com\/es\/wp-json\/wp\/v2\/users\/1"}],"replies":[{"embeddable":true,"href":"https:\/\/lavalovecacao.com\/es\/wp-json\/wp\/v2\/comments?post=3622"}],"version-history":[{"count":3,"href":"https:\/\/lavalovecacao.com\/es\/wp-json\/wp\/v2\/pages\/3622\/revisions"}],"predecessor-version":[{"id":3628,"href":"https:\/\/lavalovecacao.com\/es\/wp-json\/wp\/v2\/pages\/3622\/revisions\/3628"}],"wp:featuredmedia":[{"embeddable":true,"href":"https:\/\/lavalovecacao.com\/es\/wp-json\/wp\/v2\/media\/3623"}],"wp:attachment":[{"href":"https:\/\/lavalovecacao.com\/es\/wp-json\/wp\/v2\/media?parent=3622"}],"curies":[{"name":"wp","href":"https:\/\/api.w.org\/{rel}","templated":true}]}}