{"id":3607,"date":"2020-10-15T09:55:08","date_gmt":"2020-10-15T09:55:08","guid":{"rendered":"https:\/\/lavalovecacao.com\/masaje-abdominal-maya-con-nana-izabel\/"},"modified":"2026-02-21T22:18:45","modified_gmt":"2026-02-21T22:18:45","slug":"masaje-abdominal-maya-con-nana-izabel","status":"publish","type":"page","link":"https:\/\/lavalovecacao.com\/es\/masaje-abdominal-maya-con-nana-izabel\/","title":{"rendered":"Masaje Abdominal Maya con Nana Izabel"},"content":{"rendered":"\t\t<div data-elementor-type=\"wp-page\" data-elementor-id=\"3607\" class=\"elementor elementor-3607 elementor-67\" data-elementor-post-type=\"page\">\n\t\t\t\t\t\t<section class=\"elementor-section elementor-top-section elementor-element elementor-element-dafebd5 elementor-section-full_width elementor-section-height-default elementor-section-height-default\" data-id=\"dafebd5\" data-element_type=\"section\" data-e-type=\"section\" data-settings=\"{&quot;background_background&quot;:&quot;classic&quot;}\">\n\t\t\t\t\t\t<div class=\"elementor-container elementor-column-gap-default\">\n\t\t\t\t\t<div class=\"elementor-column elementor-col-100 elementor-top-column elementor-element elementor-element-af911d8\" data-id=\"af911d8\" data-element_type=\"column\" data-e-type=\"column\">\n\t\t\t<div class=\"elementor-widget-wrap elementor-element-populated\">\n\t\t\t\t\t\t<section class=\"elementor-section elementor-inner-section elementor-element elementor-element-31b20e8 elementor-section-full_width elementor-section-height-default elementor-section-height-default\" data-id=\"31b20e8\" data-element_type=\"section\" data-e-type=\"section\" data-settings=\"{&quot;background_background&quot;:&quot;classic&quot;}\">\n\t\t\t\t\t\t<div class=\"elementor-container elementor-column-gap-default\">\n\t\t\t\t\t<div class=\"elementor-column elementor-col-16 elementor-inner-column elementor-element elementor-element-9647261\" data-id=\"9647261\" data-element_type=\"column\" data-e-type=\"column\">\n\t\t\t<div class=\"elementor-widget-wrap\">\n\t\t\t\t\t\t\t<\/div>\n\t\t<\/div>\n\t\t\t\t<div class=\"elementor-column elementor-col-66 elementor-inner-column elementor-element elementor-element-ceef60d\" data-id=\"ceef60d\" data-element_type=\"column\" data-e-type=\"column\">\n\t\t\t<div class=\"elementor-widget-wrap elementor-element-populated\">\n\t\t\t\t\t\t<div class=\"elementor-element elementor-element-5f6f504 elementor-widget elementor-widget-heading\" data-id=\"5f6f504\" data-element_type=\"widget\" data-e-type=\"widget\" data-widget_type=\"heading.default\">\n\t\t\t\t\t<h1 class=\"elementor-heading-title elementor-size-default\">Masaje Abdominal Maya con Nana Izabel<\/h1>\t\t\t\t<\/div>\n\t\t\t\t<div class=\"elementor-element elementor-element-f95f58a elementor-widget-divider--view-line elementor-widget elementor-widget-divider\" data-id=\"f95f58a\" data-element_type=\"widget\" data-e-type=\"widget\" data-widget_type=\"divider.default\">\n\t\t\t\t\t\t\t<div class=\"elementor-divider\">\n\t\t\t<span class=\"elementor-divider-separator\">\n\t\t\t\t\t\t<\/span>\n\t\t<\/div>\n\t\t\t\t\t\t<\/div>\n\t\t\t\t<div class=\"elementor-element elementor-element-1e71b6d elementor-widget elementor-widget-image\" data-id=\"1e71b6d\" data-element_type=\"widget\" data-e-type=\"widget\" data-widget_type=\"image.default\">\n\t\t\t\t\t\t\t\t\t\t\t\t\t\t\t<img fetchpriority=\"high\" decoding=\"async\" width=\"800\" height=\"532\" src=\"https:\/\/lavalovecacao.com\/wp-content\/uploads\/2025\/09\/iStock-639762882-1024x681.jpg\" class=\"attachment-large size-large wp-image-3616\" alt=\"\" srcset=\"https:\/\/lavalovecacao.com\/wp-content\/uploads\/2025\/09\/iStock-639762882-1024x681.jpg 1024w, https:\/\/lavalovecacao.com\/wp-content\/uploads\/2025\/09\/iStock-639762882-600x399.jpg 600w, https:\/\/lavalovecacao.com\/wp-content\/uploads\/2025\/09\/iStock-639762882-300x200.jpg 300w, https:\/\/lavalovecacao.com\/wp-content\/uploads\/2025\/09\/iStock-639762882-768x511.jpg 768w, https:\/\/lavalovecacao.com\/wp-content\/uploads\/2025\/09\/iStock-639762882.jpg 1255w\" sizes=\"(max-width: 800px) 100vw, 800px\" \/>\t\t\t\t\t\t\t\t\t\t\t\t\t\t\t<\/div>\n\t\t\t\t<div class=\"elementor-element elementor-element-a99b4a2 elementor-widget elementor-widget-text-editor\" data-id=\"a99b4a2\" data-element_type=\"widget\" data-e-type=\"widget\" data-widget_type=\"text-editor.default\">\n\t\t\t\t\t\t\t\t\t<p style=\"font-weight: 400;\">Esta pr\u00e1ctica ha sido parte de culturas antiguas en Am\u00e9rica del Norte y del Sur, especialmente dentro de la tradici\u00f3n maya, donde sigue siendo profundamente valorada por la <strong>salud f\u00edsica y espiritual tanto de hombres como de mujeres<\/strong>. Mucho antes de que la medicina moderna llegara a nuestras comunidades, los mayas se curaban con tratamientos como este, confiando en la sabidur\u00eda de la Naturaleza y poniendo la vida en sus manos. <\/p><p style=\"font-weight: 400;\">Se recomienda un masaje abdominal cuando se experimentan <strong>dolores de cabeza, n\u00e1useas, falta de energ\u00eda o debilidad despu\u00e9s de levantar cargas pesadas<\/strong>. Estos s\u00edntomas a menudo indican que el poder central de uno se ha dispersado. Para restaurar el equilibrio, los mayas aplicaban masajes abdominales con ung\u00fcentos de hierbas para calentar el abdomen. De ni\u00f1os, cuando nuestros est\u00f3magos se enfriaban por estar sentados demasiado tiempo, las madres los calentaban con brasas del fuego de la cocina, una pr\u00e1ctica que sigue ayudando a las mujeres a reavivar su fuerza interior y a retener su energ\u00eda.   <\/p><p style=\"font-weight: 400;\">Tradicionalmente, este trabajo ha sido realizado por mujeres, arraigado en el conocimiento ancestral de las parteras. En el pasado, el dolor abdominal pod\u00eda indicar un embarazo, y se llamaba a los curanderos para discernir si era embarazo o enfermedad. Los hombres tambi\u00e9n recib\u00edan masajes abdominales, ya que el trabajo duro y el levantamiento de cargas pesadas de la vida diaria pod\u00edan dispersar su energ\u00eda central.   <em>En nuestra cultura, sin embargo, ning\u00fan hombre puede tocar el cuerpo de una mujer a menos que sea asistido por su esposa u otra mujer solo cuando sea necesario.<\/em><\/p><p style=\"font-weight: 400;\">Este don es uno que <strong>Nana Izabel<\/strong> fue llamada a despertar en s\u00ed misma. Su misi\u00f3n es ayudar a las mujeres a <strong>recuperar su poder central<\/strong>. Durante el masaje, la energ\u00eda de la paciente se despierta y luego se envuelve con una <strong>faja tradicional<\/strong> (cintur\u00f3n tejido) hecha especialmente para este prop\u00f3sito. Guiada para encarnar y compartir esta antigua t\u00e9cnica, Izabel la ofreci\u00f3 por primera vez a amigos y familiares, d\u00e1ndose cuenta con el tiempo de su profundo valor. Desde que recibi\u00f3 su <strong>paquete sagrado (iniciaci\u00f3n)<\/strong>, se le ha confiado trabajar solo con mujeres, una instrucci\u00f3n que honra con devoci\u00f3n.    <\/p><p style=\"font-weight: 400;\">*La faja debe comprarse por separado del tratamiento.<\/p><p style=\"font-weight: 400;\">\u2728 <strong>Reserva tu Masaje Abdominal Maya con Nana Izabel<\/strong> y recibe la calidez de las manos de la Madre, restaurando tu poder y reconectando con tu esencia.<\/p><p><strong>Duraci\u00f3n del tratamiento:<\/strong> 1,5 horas o lo que necesites. Estar\u00e1s en buenas manos.  <\/p><p><strong>Intercambio:<\/strong> Q550.00 &#8211; Puedes pagar en efectivo o con tarjeta. (El cintur\u00f3n maya no est\u00e1 incluido) tienes que comprarlo por separado.  <\/p><p>sales@lavalovecacao.com <\/p><p>te enviar\u00e1 todos los detalles sobre el Tratamiento. Hay informaci\u00f3n espec\u00edfica que necesitamos saber de ti antes de recibir el masaje.  <\/p>\t\t\t\t\t\t\t\t<\/div>\n\t\t\t\t<div class=\"elementor-element elementor-element-96c9ef8 elementor-widget elementor-widget-text-editor\" data-id=\"96c9ef8\" data-element_type=\"widget\" data-e-type=\"widget\" data-widget_type=\"text-editor.default\">\n\t\t\t\t\t\t\t\t\t<p>\u27d0\u27d0\u27d0\u27d0\u27d0<\/p>\t\t\t\t\t\t\t\t<\/div>\n\t\t\t\t\t<\/div>\n\t\t<\/div>\n\t\t\t\t<div class=\"elementor-column elementor-col-16 elementor-inner-column elementor-element elementor-element-3de6fd2\" data-id=\"3de6fd2\" data-element_type=\"column\" data-e-type=\"column\">\n\t\t\t<div class=\"elementor-widget-wrap\">\n\t\t\t\t\t\t\t<\/div>\n\t\t<\/div>\n\t\t\t\t\t<\/div>\n\t\t<\/section>\n\t\t\t\t\t<\/div>\n\t\t<\/div>\n\t\t\t\t\t<\/div>\n\t\t<\/section>\n\t\t\t\t<section class=\"elementor-section elementor-top-section elementor-element elementor-element-e686eae elementor-section-boxed elementor-section-height-default elementor-section-height-default\" data-id=\"e686eae\" data-element_type=\"section\" data-e-type=\"section\">\n\t\t\t\t\t\t<div class=\"elementor-container elementor-column-gap-default\">\n\t\t\t\t\t<div class=\"elementor-column elementor-col-100 elementor-top-column elementor-element elementor-element-1bfa19d\" data-id=\"1bfa19d\" data-element_type=\"column\" data-e-type=\"column\">\n\t\t\t<div class=\"elementor-widget-wrap\">\n\t\t\t\t\t\t\t<\/div>\n\t\t<\/div>\n\t\t\t\t\t<\/div>\n\t\t<\/section>\n\t\t\t\t<section class=\"elementor-section elementor-top-section elementor-element elementor-element-edfe0a5 elementor-section-boxed elementor-section-height-default elementor-section-height-default\" data-id=\"edfe0a5\" data-element_type=\"section\" data-e-type=\"section\">\n\t\t\t\t\t\t<div class=\"elementor-container elementor-column-gap-default\">\n\t\t\t\t\t<div class=\"elementor-column elementor-col-100 elementor-top-column elementor-element elementor-element-586f8a3\" data-id=\"586f8a3\" data-element_type=\"column\" data-e-type=\"column\">\n\t\t\t<div class=\"elementor-widget-wrap\">\n\t\t\t\t\t\t\t<\/div>\n\t\t<\/div>\n\t\t\t\t\t<\/div>\n\t\t<\/section>\n\t\t\t\t<\/div>\n\t\t","protected":false},"excerpt":{"rendered":"<p>Mayan Abdominal Massage with Nana Izabel This practice has been part of ancient cultures across North and South America, especially within the Mayan tradition, where it remains deeply valued for the physical and spiritual health of both men and women. Long before modern medicine arrived in our communities, the Maya healed themselves with treatments like [&hellip;]<\/p>\n","protected":false},"author":1,"featured_media":3609,"parent":0,"menu_order":0,"comment_status":"closed","ping_status":"closed","template":"elementor_header_footer","meta":{"footnotes":""},"class_list":["post-3607","page","type-page","status-publish","has-post-thumbnail","hentry"],"_links":{"self":[{"href":"https:\/\/lavalovecacao.com\/es\/wp-json\/wp\/v2\/pages\/3607","targetHints":{"allow":["GET"]}}],"collection":[{"href":"https:\/\/lavalovecacao.com\/es\/wp-json\/wp\/v2\/pages"}],"about":[{"href":"https:\/\/lavalovecacao.com\/es\/wp-json\/wp\/v2\/types\/page"}],"author":[{"embeddable":true,"href":"https:\/\/lavalovecacao.com\/es\/wp-json\/wp\/v2\/users\/1"}],"replies":[{"embeddable":true,"href":"https:\/\/lavalovecacao.com\/es\/wp-json\/wp\/v2\/comments?post=3607"}],"version-history":[{"count":3,"href":"https:\/\/lavalovecacao.com\/es\/wp-json\/wp\/v2\/pages\/3607\/revisions"}],"predecessor-version":[{"id":3619,"href":"https:\/\/lavalovecacao.com\/es\/wp-json\/wp\/v2\/pages\/3607\/revisions\/3619"}],"wp:featuredmedia":[{"embeddable":true,"href":"https:\/\/lavalovecacao.com\/es\/wp-json\/wp\/v2\/media\/3609"}],"wp:attachment":[{"href":"https:\/\/lavalovecacao.com\/es\/wp-json\/wp\/v2\/media?parent=3607"}],"curies":[{"name":"wp","href":"https:\/\/api.w.org\/{rel}","templated":true}]}}