{"id":3597,"date":"2020-10-13T16:55:34","date_gmt":"2020-10-13T16:55:34","guid":{"rendered":"https:\/\/lavalovecacao.com\/nuestros-servicios\/"},"modified":"2026-02-21T22:18:42","modified_gmt":"2026-02-21T22:18:42","slug":"nuestros-servicios","status":"publish","type":"page","link":"https:\/\/lavalovecacao.com\/es\/nuestros-servicios\/","title":{"rendered":"Nuestros servicios"},"content":{"rendered":"\t\t<div data-elementor-type=\"wp-post\" data-elementor-id=\"3597\" class=\"elementor elementor-3597 elementor-12\" data-elementor-post-type=\"page\">\n\t\t\t\t\t\t<section class=\"elementor-section elementor-top-section elementor-element elementor-element-7b50bcc elementor-section-full_width elementor-section-height-default elementor-section-height-default\" data-id=\"7b50bcc\" data-element_type=\"section\" data-e-type=\"section\" data-settings=\"{&quot;background_background&quot;:&quot;classic&quot;}\">\n\t\t\t\t\t\t<div class=\"elementor-container elementor-column-gap-default\">\n\t\t\t\t\t<div class=\"elementor-column elementor-col-100 elementor-top-column elementor-element elementor-element-73d0632\" data-id=\"73d0632\" data-element_type=\"column\" data-e-type=\"column\">\n\t\t\t<div class=\"elementor-widget-wrap elementor-element-populated\">\n\t\t\t\t\t\t<section class=\"elementor-section elementor-inner-section elementor-element elementor-element-ae85c0b elementor-section-full_width elementor-section-height-default elementor-section-height-default\" data-id=\"ae85c0b\" data-element_type=\"section\" data-e-type=\"section\" data-settings=\"{&quot;background_background&quot;:&quot;classic&quot;}\">\n\t\t\t\t\t\t<div class=\"elementor-container elementor-column-gap-default\">\n\t\t\t\t\t<div class=\"elementor-column elementor-col-16 elementor-inner-column elementor-element elementor-element-cf434bc\" data-id=\"cf434bc\" data-element_type=\"column\" data-e-type=\"column\">\n\t\t\t<div class=\"elementor-widget-wrap\">\n\t\t\t\t\t\t\t<\/div>\n\t\t<\/div>\n\t\t\t\t<div class=\"elementor-column elementor-col-66 elementor-inner-column elementor-element elementor-element-18b27ef\" data-id=\"18b27ef\" data-element_type=\"column\" data-e-type=\"column\">\n\t\t\t<div class=\"elementor-widget-wrap elementor-element-populated\">\n\t\t\t\t\t\t<div class=\"elementor-element elementor-element-723b56a elementor-widget elementor-widget-heading\" data-id=\"723b56a\" data-element_type=\"widget\" data-e-type=\"widget\" data-widget_type=\"heading.default\">\n\t\t\t\t\t<h1 class=\"elementor-heading-title elementor-size-default\">Nuestro cacao, nuestra historia y valores<\/h1>\t\t\t\t<\/div>\n\t\t\t\t<div class=\"elementor-element elementor-element-aee7b07 elementor-widget-divider--view-line elementor-widget elementor-widget-divider\" data-id=\"aee7b07\" data-element_type=\"widget\" data-e-type=\"widget\" data-widget_type=\"divider.default\">\n\t\t\t\t\t\t\t<div class=\"elementor-divider\">\n\t\t\t<span class=\"elementor-divider-separator\">\n\t\t\t\t\t\t<\/span>\n\t\t<\/div>\n\t\t\t\t\t\t<\/div>\n\t\t\t\t<div class=\"elementor-element elementor-element-cb03f11 elementor-widget elementor-widget-image\" data-id=\"cb03f11\" data-element_type=\"widget\" data-e-type=\"widget\" data-widget_type=\"image.default\">\n\t\t\t\t\t\t\t\t\t\t\t\t\t\t\t<img fetchpriority=\"high\" decoding=\"async\" width=\"800\" height=\"534\" src=\"https:\/\/lavalovecacao.com\/wp-content\/uploads\/2020\/10\/cacao-tree-1024x683.jpg\" class=\"attachment-large size-large wp-image-3598\" alt=\"\" srcset=\"https:\/\/lavalovecacao.com\/wp-content\/uploads\/2020\/10\/cacao-tree-1024x683.jpg 1024w, https:\/\/lavalovecacao.com\/wp-content\/uploads\/2020\/10\/cacao-tree-600x400.jpg 600w, https:\/\/lavalovecacao.com\/wp-content\/uploads\/2020\/10\/cacao-tree-300x200.jpg 300w, https:\/\/lavalovecacao.com\/wp-content\/uploads\/2020\/10\/cacao-tree-768x512.jpg 768w, https:\/\/lavalovecacao.com\/wp-content\/uploads\/2020\/10\/cacao-tree-1536x1024.jpg 1536w, https:\/\/lavalovecacao.com\/wp-content\/uploads\/2020\/10\/cacao-tree-2048x1366.jpg 2048w\" sizes=\"(max-width: 800px) 100vw, 800px\" \/>\t\t\t\t\t\t\t\t\t\t\t\t\t\t\t<\/div>\n\t\t\t\t<div class=\"elementor-element elementor-element-c806d7d elementor-widget elementor-widget-heading\" data-id=\"c806d7d\" data-element_type=\"widget\" data-e-type=\"widget\" data-widget_type=\"heading.default\">\n\t\t\t\t\t<h3 class=\"elementor-heading-title elementor-size-default\">Nuestro cacao<\/h3>\t\t\t\t<\/div>\n\t\t\t\t<div class=\"elementor-element elementor-element-2fcb779 elementor-widget elementor-widget-text-editor\" data-id=\"2fcb779\" data-element_type=\"widget\" data-e-type=\"widget\" data-widget_type=\"text-editor.default\">\n\t\t\t\t\t\t\t\t\t<p>Nuestro cacao se cosecha en la costa del Pac\u00edfico de Guatemala. Nuestra mezcla es el resultado de una selecci\u00f3n de varios agricultores locales que preservan sus \u00e1rboles de cacao Criollo y cuidan sus plantaciones de forma org\u00e1nica (sin fertilizantes qu\u00edmicos). <\/p><p>Nuestro cacao crece en las estribaciones de los volcanes de Atitl\u00e1n y Tolim\u00e1n, en los pueblos de Suchitep\u00e9quez, <em>Cerro de las flores.<\/em> El aroma de nuestro cacao es suave en boca, con notas florales y potentes sabores terrosos al final.<\/p><p>El consumo de cacao ceremonial pertenece a una cultura y tradiciones ancestrales. Por eso, Lavalove Cacao se compromete a ofrecer cacao ceremonial y a tratarlo como un alimento sagrado y una medicina. Su producci\u00f3n est\u00e1 alineada con el respeto por el medioambiente, incluyendo el tostado, la molienda y el envasado biodegradable.  <\/p>\t\t\t\t\t\t\t\t<\/div>\n\t\t\t\t<div class=\"elementor-element elementor-element-180b557 elementor-widget elementor-widget-heading\" data-id=\"180b557\" data-element_type=\"widget\" data-e-type=\"widget\" data-widget_type=\"heading.default\">\n\t\t\t\t\t<h3 class=\"elementor-heading-title elementor-size-default\">El proceso: del \u00e1rbol a tu taza<\/h3>\t\t\t\t<\/div>\n\t\t\t\t<div class=\"elementor-element elementor-element-1582e35 elementor-widget elementor-widget-text-editor\" data-id=\"1582e35\" data-element_type=\"widget\" data-e-type=\"widget\" data-widget_type=\"text-editor.default\">\n\t\t\t\t\t\t\t\t\t<p>Nuestro cacao se tuesta en una plancha met\u00e1lica donde se cocinaron miles de tortillas para ni\u00f1os de ascendencia maya. Nuestro cacao se tuesta para purificar con el fuego cualquier tipo de bacteria que aparece de forma natural tras la fermentaci\u00f3n. <\/p><p>Cada uno de nuestros granos de cacao se tuesta y se pela a mano por familias ind\u00edgenas, donde se habla la lengua maya kaqchikel. Despu\u00e9s se muele en un molino espec\u00edfico para moler chocolate, se hace una pasta para su consumo, se pesa y se coloca en moldes, y luego se deja enfriar de 8 a 10 horas antes de empaquetarlo para exportaci\u00f3n. <\/p><p>Las c\u00e1scaras de los granos pelados no se desperdician; se usan para fertilizar nuestros cultivos.<\/p>\t\t\t\t\t\t\t\t<\/div>\n\t\t\t\t<div class=\"elementor-element elementor-element-c0cd343 elementor-widget elementor-widget-image\" data-id=\"c0cd343\" data-element_type=\"widget\" data-e-type=\"widget\" data-widget_type=\"image.default\">\n\t\t\t\t\t\t\t\t\t\t\t\t\t\t\t<img decoding=\"async\" width=\"800\" height=\"534\" src=\"https:\/\/lavalovecacao.com\/wp-content\/uploads\/2020\/10\/sin-ti\u0301tulo-14-de-63-1024x683.jpg\" class=\"attachment-large size-large wp-image-3599\" alt=\"\" srcset=\"https:\/\/lavalovecacao.com\/wp-content\/uploads\/2020\/10\/sin-ti\u0301tulo-14-de-63-1024x683.jpg 1024w, https:\/\/lavalovecacao.com\/wp-content\/uploads\/2020\/10\/sin-ti\u0301tulo-14-de-63-scaled-600x400.jpg 600w, https:\/\/lavalovecacao.com\/wp-content\/uploads\/2020\/10\/sin-ti\u0301tulo-14-de-63-300x200.jpg 300w, https:\/\/lavalovecacao.com\/wp-content\/uploads\/2020\/10\/sin-ti\u0301tulo-14-de-63-768x512.jpg 768w, https:\/\/lavalovecacao.com\/wp-content\/uploads\/2020\/10\/sin-ti\u0301tulo-14-de-63-1536x1024.jpg 1536w, https:\/\/lavalovecacao.com\/wp-content\/uploads\/2020\/10\/sin-ti\u0301tulo-14-de-63-2048x1365.jpg 2048w\" sizes=\"(max-width: 800px) 100vw, 800px\" \/>\t\t\t\t\t\t\t\t\t\t\t\t\t\t\t<\/div>\n\t\t\t\t<div class=\"elementor-element elementor-element-79d3233 elementor-widget elementor-widget-heading\" data-id=\"79d3233\" data-element_type=\"widget\" data-e-type=\"widget\" data-widget_type=\"heading.default\">\n\t\t\t\t\t<h3 class=\"elementor-heading-title elementor-size-default\">Sostenibilidad<\/h3>\t\t\t\t<\/div>\n\t\t\t\t<div class=\"elementor-element elementor-element-9a8dfb5 elementor-widget elementor-widget-text-editor\" data-id=\"9a8dfb5\" data-element_type=\"widget\" data-e-type=\"widget\" data-widget_type=\"text-editor.default\">\n\t\t\t\t\t\t\t\t\t<p>El cacao ayuda econ\u00f3micamente a los agricultores locales porque les permite tener una fuente de ingresos que sostiene a toda su familia, as\u00ed como una mejor educaci\u00f3n para sus hijos.<\/p><p>Nuestro cacao ahora crece donde durante d\u00e9cadas hubo plantaciones de caf\u00e9. El cacao ayuda a restaurar el medioambiente, ya que se produce en un sistema agroforestal en el que se combina con plantas aut\u00f3ctonas. <\/p><p>La reforestaci\u00f3n se convierte en una actividad complementaria que genera ingresos para los agricultores locales, no solo con la mejora del cultivo, sino tambi\u00e9n con la conservaci\u00f3n de la tierra, que ayuda a la recuperaci\u00f3n del ecosistema, como la interconectividad ecol\u00f3gica que recarga y reduce la destrucci\u00f3n ambiental.<\/p>\t\t\t\t\t\t\t\t<\/div>\n\t\t\t\t<div class=\"elementor-element elementor-element-098eddc elementor-widget elementor-widget-menu-anchor\" data-id=\"098eddc\" data-element_type=\"widget\" data-e-type=\"widget\" data-widget_type=\"menu-anchor.default\">\n\t\t\t\t\t\t\t<div class=\"elementor-menu-anchor\" id=\"Visin-Misin\"><\/div>\n\t\t\t\t\t\t<\/div>\n\t\t\t\t<div class=\"elementor-element elementor-element-99e0f2d elementor-widget elementor-widget-heading\" data-id=\"99e0f2d\" data-element_type=\"widget\" data-e-type=\"widget\" data-widget_type=\"heading.default\">\n\t\t\t\t\t<h3 class=\"elementor-heading-title elementor-size-default\">Nuestra visi\u00f3n y misi\u00f3n<\/h3>\t\t\t\t<\/div>\n\t\t\t\t<div class=\"elementor-element elementor-element-291cab8 elementor-widget elementor-widget-text-editor\" data-id=\"291cab8\" data-element_type=\"widget\" data-e-type=\"widget\" data-widget_type=\"text-editor.default\">\n\t\t\t\t\t\t\t\t\t<p>Queremos ofrecer el mejor cacao ceremonial producido en Guatemala y mantener la alta calidad de esta medicina. Es una herramienta para todos los maestros, ceremonistas y artistas que quieren incorporar la medicina del coraz\u00f3n en sus actividades. <\/p><p> <\/p><p>La visi\u00f3n de Lavalove es compartir el cacao por todo el mundo, llegando a los cinco continentes y poni\u00e9ndolo a disposici\u00f3n a nivel mundial. Tambi\u00e9n buscamos brindar nuevas oportunidades a quienes sienten la llamada de trabajar con esta medicina sagrada en sus comunidades. <\/p>\t\t\t\t\t\t\t\t<\/div>\n\t\t\t\t<div class=\"elementor-element elementor-element-b4e205a elementor-widget elementor-widget-image\" data-id=\"b4e205a\" data-element_type=\"widget\" data-e-type=\"widget\" data-widget_type=\"image.default\">\n\t\t\t\t\t\t\t\t\t\t\t\t\t\t\t<img decoding=\"async\" width=\"800\" height=\"688\" src=\"https:\/\/lavalovecacao.com\/wp-content\/uploads\/2020\/10\/izs-1024x881.jpg\" class=\"attachment-large size-large wp-image-3589\" alt=\"\" srcset=\"https:\/\/lavalovecacao.com\/wp-content\/uploads\/2020\/10\/izs-1024x881.jpg 1024w, https:\/\/lavalovecacao.com\/wp-content\/uploads\/2020\/10\/izs-600x516.jpg 600w, https:\/\/lavalovecacao.com\/wp-content\/uploads\/2020\/10\/izs-300x258.jpg 300w, https:\/\/lavalovecacao.com\/wp-content\/uploads\/2020\/10\/izs-768x661.jpg 768w, https:\/\/lavalovecacao.com\/wp-content\/uploads\/2020\/10\/izs-1536x1322.jpg 1536w, https:\/\/lavalovecacao.com\/wp-content\/uploads\/2020\/10\/izs.jpg 1885w\" sizes=\"(max-width: 800px) 100vw, 800px\" \/>\t\t\t\t\t\t\t\t\t\t\t\t\t\t\t<\/div>\n\t\t\t\t<div class=\"elementor-element elementor-element-b330120 elementor-widget elementor-widget-heading\" data-id=\"b330120\" data-element_type=\"widget\" data-e-type=\"widget\" data-widget_type=\"heading.default\">\n\t\t\t\t\t<h4 class=\"elementor-heading-title elementor-size-default\">Izaias e Izabel trabajan juntos como activistas y promotores de ceremonias mayas, dedicados a rescatar, conservar y preservar los sitios sagrados mayas para que no se privaticen. <\/h4>\t\t\t\t<\/div>\n\t\t\t\t<div class=\"elementor-element elementor-element-85fd303 elementor-widget elementor-widget-text-editor\" data-id=\"85fd303\" data-element_type=\"widget\" data-e-type=\"widget\" data-widget_type=\"text-editor.default\">\n\t\t\t\t\t\t\t\t\t<p>Nuestra misi\u00f3n es rescatar la sabidur\u00eda de la pr\u00e1ctica ancestral maya. Para nosotros es importante devolver a nuestra sociedad la conciencia y la importancia de los c\u00edrculos sagrados. <\/p><p>Nuestra llamada es educar a personas de cualquier origen para que conecten con el origen del cacao y hagan un buen uso de esta medicina sagrada del coraz\u00f3n, poniendo a su alcance el conocimiento de sus valores, as\u00ed como los beneficios f\u00edsicos que aporta a nuestro cuerpo.<\/p>\t\t\t\t\t\t\t\t<\/div>\n\t\t\t\t<div class=\"elementor-element elementor-element-774a975 elementor-widget elementor-widget-heading\" data-id=\"774a975\" data-element_type=\"widget\" data-e-type=\"widget\" data-widget_type=\"heading.default\">\n\t\t\t\t\t<h3 class=\"elementor-heading-title elementor-size-default\">Nuestra historia<\/h3>\t\t\t\t<\/div>\n\t\t\t\t<div class=\"elementor-element elementor-element-02d7172 elementor-widget elementor-widget-image\" data-id=\"02d7172\" data-element_type=\"widget\" data-e-type=\"widget\" data-widget_type=\"image.default\">\n\t\t\t\t\t\t\t\t\t\t\t\t\t\t\t<img loading=\"lazy\" decoding=\"async\" width=\"635\" height=\"792\" src=\"https:\/\/lavalovecacao.com\/wp-content\/uploads\/2020\/10\/izaias-portrait01.jpg\" class=\"attachment-large size-large wp-image-3600\" alt=\"\" srcset=\"https:\/\/lavalovecacao.com\/wp-content\/uploads\/2020\/10\/izaias-portrait01.jpg 635w, https:\/\/lavalovecacao.com\/wp-content\/uploads\/2020\/10\/izaias-portrait01-600x748.jpg 600w, https:\/\/lavalovecacao.com\/wp-content\/uploads\/2020\/10\/izaias-portrait01-241x300.jpg 241w\" sizes=\"(max-width: 635px) 100vw, 635px\" \/>\t\t\t\t\t\t\t\t\t\t\t\t\t\t\t<\/div>\n\t\t\t\t<div class=\"elementor-element elementor-element-9e69a85 elementor-widget elementor-widget-heading\" data-id=\"9e69a85\" data-element_type=\"widget\" data-e-type=\"widget\" data-widget_type=\"heading.default\">\n\t\t\t\t\t<h5 class=\"elementor-heading-title elementor-size-default\">Izaias Sajvin Mendoza<\/h5>\t\t\t\t<\/div>\n\t\t\t\t<div class=\"elementor-element elementor-element-b4b2018 elementor-widget elementor-widget-text-editor\" data-id=\"b4b2018\" data-element_type=\"widget\" data-e-type=\"widget\" data-widget_type=\"text-editor.default\">\n\t\t\t\t\t\t\t\t\t<p>\u27d0\u27d0\u27d0\u27d0\u27d0<\/p>\t\t\t\t\t\t\t\t<\/div>\n\t\t\t\t<div class=\"elementor-element elementor-element-9afa54f elementor-widget elementor-widget-text-editor\" data-id=\"9afa54f\" data-element_type=\"widget\" data-e-type=\"widget\" data-widget_type=\"text-editor.default\">\n\t\t\t\t\t\t\t\t\t<p>Izaias Sajvin Mendoza naci\u00f3 y creci\u00f3 en una familia ind\u00edgena en San Marcos La Laguna, Guatemala. A los 14 a\u00f1os empez\u00f3 a trabajar para Keith Wilson (Keith\u2019s Cacao) como jardinero. Aunque estudi\u00f3 inform\u00e1tica y contabilidad, desarroll\u00f3 un inter\u00e9s creciente por religiones y culturas distintas del trasfondo cristiano en el que se crio.  <\/p><p>A trav\u00e9s de un sue\u00f1o en su adolescencia, fue guiado a buscar \u201cel camino perdido\u201d, una pr\u00e1ctica espiritual local, lo que le llev\u00f3 a descubrir que su abuelo era cham\u00e1n.<\/p><p>Izaias tuvo que esperar hasta estar preparado y, tras a\u00f1os de b\u00fasqueda de su camino y prop\u00f3sito, y sintiendo con fuerza la llamada a servir como cham\u00e1n, fue invitado a una ceremonia para unirse a los c\u00edrculos de ancianos. Descubri\u00f3 m\u00e1s sobre la historia de su abuelo y sobre c\u00f3mo estaba destinado a convertirse en sanador; sin embargo, deb\u00eda cumplir un requisito: casarse. <\/p><p>A los 21 a\u00f1os se cas\u00f3 con Izabel, su esposa y madre de sus 2 hijos, Jason y Leo, y solo entonces fue iniciado en el camino del Cham\u00e1n del Fuego. Desde entonces ha sido practicante y facilitador, sosteniendo ceremonias de Cacao y de Fuego, as\u00ed como lecturas del calendario maya a trav\u00e9s de los Nahuales, siguiendo la tradici\u00f3n de sus ancestros y su linaje heredado. <\/p>\t\t\t\t\t\t\t\t<\/div>\n\t\t\t\t<div class=\"elementor-element elementor-element-280e85a elementor-widget elementor-widget-heading\" data-id=\"280e85a\" data-element_type=\"widget\" data-e-type=\"widget\" data-widget_type=\"heading.default\">\n\t\t\t\t\t<h4 class=\"elementor-heading-title elementor-size-default\">Gracias al cacao, Izaias e Izabel son amantes, padres y sanadores, siguiendo el camino que estaba destinado para ellos.\n<\/h4>\t\t\t\t<\/div>\n\t\t\t\t<div class=\"elementor-element elementor-element-0283bab elementor-widget elementor-widget-image\" data-id=\"0283bab\" data-element_type=\"widget\" data-e-type=\"widget\" data-widget_type=\"image.default\">\n\t\t\t\t\t\t\t\t\t\t\t\t\t\t\t<img loading=\"lazy\" decoding=\"async\" width=\"635\" height=\"792\" src=\"https:\/\/lavalovecacao.com\/wp-content\/uploads\/2020\/10\/izabel-portrait01.jpg\" class=\"attachment-large size-large wp-image-3601\" alt=\"\" srcset=\"https:\/\/lavalovecacao.com\/wp-content\/uploads\/2020\/10\/izabel-portrait01.jpg 635w, https:\/\/lavalovecacao.com\/wp-content\/uploads\/2020\/10\/izabel-portrait01-600x748.jpg 600w, https:\/\/lavalovecacao.com\/wp-content\/uploads\/2020\/10\/izabel-portrait01-241x300.jpg 241w\" sizes=\"(max-width: 635px) 100vw, 635px\" \/>\t\t\t\t\t\t\t\t\t\t\t\t\t\t\t<\/div>\n\t\t\t\t<div class=\"elementor-element elementor-element-c50892d elementor-widget elementor-widget-heading\" data-id=\"c50892d\" data-element_type=\"widget\" data-e-type=\"widget\" data-widget_type=\"heading.default\">\n\t\t\t\t\t<h5 class=\"elementor-heading-title elementor-size-default\">Ana Izabel P\u00e9rez<\/h5>\t\t\t\t<\/div>\n\t\t\t\t<div class=\"elementor-element elementor-element-e5848fb elementor-widget elementor-widget-text-editor\" data-id=\"e5848fb\" data-element_type=\"widget\" data-e-type=\"widget\" data-widget_type=\"text-editor.default\">\n\t\t\t\t\t\t\t\t\t<p>\u27d0\u27d0\u27d0\u27d0\u27d0<\/p>\t\t\t\t\t\t\t\t<\/div>\n\t\t\t\t<div class=\"elementor-element elementor-element-956f5cc elementor-widget elementor-widget-text-editor\" data-id=\"956f5cc\" data-element_type=\"widget\" data-e-type=\"widget\" data-widget_type=\"text-editor.default\">\n\t\t\t\t\t\t\t\t\t<p>Izabel pas\u00f3 sus primeros a\u00f1os trabajando en la costa del Pac\u00edfico de Guatemala, ayudando a su madre en su trabajo como recolectora.<\/p><p>Desde muy peque\u00f1a tuvo que trabajar en empleos humildes para contribuir al sustento de su gran familia, viajando a San Juan La Laguna y dejando atr\u00e1s a sus seres queridos para asumir estas responsabilidades, ya que perdi\u00f3 a su padre a los 6 a\u00f1os. Aprendi\u00f3 la lengua maya nativa tz\u2019utujil a los 15 a\u00f1os y conoci\u00f3 a Izaias m\u00e1s tarde en San Marcos. <\/p><p>Esta relaci\u00f3n impuls\u00f3 el inicio de su camino de sanaci\u00f3n, en el que pudo asistir a ceremonias de Cacao, liberando el sufrimiento ancestral ligado a ella.<\/p><p>Gracias al cacao, crecieron juntos y se fortalecieron en su relaci\u00f3n; esto les ayud\u00f3 a liberar sufrimiento y a conectar m\u00e1s profundamente el uno con el otro.<\/p><p>Despu\u00e9s de ser madre de 2 hijos y de apoyar a su marido en su camino para convertirse en Cham\u00e1n del Fuego, Izabel fue iniciada un a\u00f1o despu\u00e9s por su maestra Nan Candelaria Xitamul como chamana. Su llamada a trabajar con embarazos, empoderar a las mujeres y ampliar su conocimiento de las hierbas empez\u00f3 a florecer en esos a\u00f1os. Ahora est\u00e1 consolidada como sanadora, centrando su trabajo en el masaje abdominal tradicional, los ba\u00f1os de temazcal y como herbolaria.<\/p>\t\t\t\t\t\t\t\t<\/div>\n\t\t\t\t<div class=\"elementor-element elementor-element-04e014a elementor-widget elementor-widget-heading\" data-id=\"04e014a\" data-element_type=\"widget\" data-e-type=\"widget\" data-widget_type=\"heading.default\">\n\t\t\t\t\t<h6 class=\"elementor-heading-title elementor-size-default\">Cr\u00e9ditos de fotograf\u00eda: Daniel Lopez P\u00e9rez<\/h6>\t\t\t\t<\/div>\n\t\t\t\t\t<\/div>\n\t\t<\/div>\n\t\t\t\t<div class=\"elementor-column elementor-col-16 elementor-inner-column elementor-element elementor-element-8ed2beb\" data-id=\"8ed2beb\" data-element_type=\"column\" data-e-type=\"column\">\n\t\t\t<div class=\"elementor-widget-wrap\">\n\t\t\t\t\t\t\t<\/div>\n\t\t<\/div>\n\t\t\t\t\t<\/div>\n\t\t<\/section>\n\t\t\t\t\t<\/div>\n\t\t<\/div>\n\t\t\t\t\t<\/div>\n\t\t<\/section>\n\t\t\t\t<\/div>\n\t\t","protected":false},"excerpt":{"rendered":"<p>Nuestro cacao, nuestra historia y valores Nuestro cacao Nuestro cacao se cosecha en la costa del Pac\u00edfico de Guatemala. Nuestra mezcla es el resultado de una selecci\u00f3n de varios agricultores locales que preservan sus \u00e1rboles de cacao Criollo y cuidan sus plantaciones de forma org\u00e1nica (sin fertilizantes qu\u00edmicos). Nuestro cacao crece en las estribaciones de [&hellip;]<\/p>\n","protected":false},"author":1,"featured_media":3598,"parent":0,"menu_order":0,"comment_status":"closed","ping_status":"closed","template":"elementor_header_footer","meta":{"footnotes":""},"class_list":["post-3597","page","type-page","status-publish","has-post-thumbnail","hentry"],"_links":{"self":[{"href":"https:\/\/lavalovecacao.com\/es\/wp-json\/wp\/v2\/pages\/3597","targetHints":{"allow":["GET"]}}],"collection":[{"href":"https:\/\/lavalovecacao.com\/es\/wp-json\/wp\/v2\/pages"}],"about":[{"href":"https:\/\/lavalovecacao.com\/es\/wp-json\/wp\/v2\/types\/page"}],"author":[{"embeddable":true,"href":"https:\/\/lavalovecacao.com\/es\/wp-json\/wp\/v2\/users\/1"}],"replies":[{"embeddable":true,"href":"https:\/\/lavalovecacao.com\/es\/wp-json\/wp\/v2\/comments?post=3597"}],"version-history":[{"count":3,"href":"https:\/\/lavalovecacao.com\/es\/wp-json\/wp\/v2\/pages\/3597\/revisions"}],"predecessor-version":[{"id":3606,"href":"https:\/\/lavalovecacao.com\/es\/wp-json\/wp\/v2\/pages\/3597\/revisions\/3606"}],"wp:featuredmedia":[{"embeddable":true,"href":"https:\/\/lavalovecacao.com\/es\/wp-json\/wp\/v2\/media\/3598"}],"wp:attachment":[{"href":"https:\/\/lavalovecacao.com\/es\/wp-json\/wp\/v2\/media?parent=3597"}],"curies":[{"name":"wp","href":"https:\/\/api.w.org\/{rel}","templated":true}]}}