{"id":3579,"date":"2020-10-15T09:56:12","date_gmt":"2020-10-15T09:56:12","guid":{"rendered":"https:\/\/lavalovecacao.com\/bodas-sagradas\/"},"modified":"2026-02-21T22:18:14","modified_gmt":"2026-02-21T22:18:14","slug":"bodas-sagradas","status":"publish","type":"page","link":"https:\/\/lavalovecacao.com\/es\/bodas-sagradas\/","title":{"rendered":"Bodas Sagradas"},"content":{"rendered":"\t\t<div data-elementor-type=\"wp-page\" data-elementor-id=\"3579\" class=\"elementor elementor-3579 elementor-71\" data-elementor-post-type=\"page\">\n\t\t\t\t\t\t<section class=\"elementor-section elementor-top-section elementor-element elementor-element-fbb0839 elementor-section-full_width elementor-section-height-default elementor-section-height-default\" data-id=\"fbb0839\" data-element_type=\"section\" data-e-type=\"section\" data-settings=\"{&quot;background_background&quot;:&quot;classic&quot;}\">\n\t\t\t\t\t\t<div class=\"elementor-container elementor-column-gap-default\">\n\t\t\t\t\t<div class=\"elementor-column elementor-col-100 elementor-top-column elementor-element elementor-element-a0eae01\" data-id=\"a0eae01\" data-element_type=\"column\" data-e-type=\"column\">\n\t\t\t<div class=\"elementor-widget-wrap elementor-element-populated\">\n\t\t\t\t\t\t<section class=\"elementor-section elementor-inner-section elementor-element elementor-element-5bb7a80 elementor-section-full_width elementor-section-height-default elementor-section-height-default\" data-id=\"5bb7a80\" data-element_type=\"section\" data-e-type=\"section\" data-settings=\"{&quot;background_background&quot;:&quot;classic&quot;}\">\n\t\t\t\t\t\t<div class=\"elementor-container elementor-column-gap-default\">\n\t\t\t\t\t<div class=\"elementor-column elementor-col-100 elementor-inner-column elementor-element elementor-element-5ae4f32\" data-id=\"5ae4f32\" data-element_type=\"column\" data-e-type=\"column\">\n\t\t\t<div class=\"elementor-widget-wrap elementor-element-populated\">\n\t\t\t\t\t\t<div class=\"elementor-element elementor-element-d7d4c49 elementor-widget elementor-widget-heading\" data-id=\"d7d4c49\" data-element_type=\"widget\" data-e-type=\"widget\" data-widget_type=\"heading.default\">\n\t\t\t\t\t<h1 class=\"elementor-heading-title elementor-size-default\">Boda Sagrada Maya<\/h1>\t\t\t\t<\/div>\n\t\t\t\t<div class=\"elementor-element elementor-element-177af52 elementor-widget-divider--view-line elementor-widget elementor-widget-divider\" data-id=\"177af52\" data-element_type=\"widget\" data-e-type=\"widget\" data-widget_type=\"divider.default\">\n\t\t\t\t\t\t\t<div class=\"elementor-divider\">\n\t\t\t<span class=\"elementor-divider-separator\">\n\t\t\t\t\t\t<\/span>\n\t\t<\/div>\n\t\t\t\t\t\t<\/div>\n\t\t\t\t<div class=\"elementor-element elementor-element-99d76ca elementor-widget elementor-widget-image\" data-id=\"99d76ca\" data-element_type=\"widget\" data-e-type=\"widget\" data-widget_type=\"image.default\">\n\t\t\t\t\t\t\t\t\t\t\t\t\t\t\t<img fetchpriority=\"high\" decoding=\"async\" width=\"800\" height=\"336\" src=\"https:\/\/lavalovecacao.com\/wp-content\/uploads\/2020\/10\/DanielSonyaMayanCeremony-DanielLopezPerez-051-scaled-e1603110560925-1024x430.jpg\" class=\"attachment-large size-large wp-image-3581\" alt=\"\" srcset=\"https:\/\/lavalovecacao.com\/wp-content\/uploads\/2020\/10\/DanielSonyaMayanCeremony-DanielLopezPerez-051-scaled-e1603110560925-1024x430.jpg 1024w, https:\/\/lavalovecacao.com\/wp-content\/uploads\/2020\/10\/DanielSonyaMayanCeremony-DanielLopezPerez-051-scaled-e1603110560925-600x252.jpg 600w, https:\/\/lavalovecacao.com\/wp-content\/uploads\/2020\/10\/DanielSonyaMayanCeremony-DanielLopezPerez-051-scaled-e1603110560925-300x126.jpg 300w, https:\/\/lavalovecacao.com\/wp-content\/uploads\/2020\/10\/DanielSonyaMayanCeremony-DanielLopezPerez-051-scaled-e1603110560925-768x323.jpg 768w, https:\/\/lavalovecacao.com\/wp-content\/uploads\/2020\/10\/DanielSonyaMayanCeremony-DanielLopezPerez-051-scaled-e1603110560925-1536x645.jpg 1536w, https:\/\/lavalovecacao.com\/wp-content\/uploads\/2020\/10\/DanielSonyaMayanCeremony-DanielLopezPerez-051-scaled-e1603110560925-2048x860.jpg 2048w\" sizes=\"(max-width: 800px) 100vw, 800px\" \/>\t\t\t\t\t\t\t\t\t\t\t\t\t\t\t<\/div>\n\t\t\t\t\t<\/div>\n\t\t<\/div>\n\t\t\t\t\t<\/div>\n\t\t<\/section>\n\t\t\t\t\t<\/div>\n\t\t<\/div>\n\t\t\t\t\t<\/div>\n\t\t<\/section>\n\t\t\t\t<section class=\"elementor-section elementor-top-section elementor-element elementor-element-e65712d elementor-section-full_width elementor-section-height-default elementor-section-height-default\" data-id=\"e65712d\" data-element_type=\"section\" data-e-type=\"section\" data-settings=\"{&quot;background_background&quot;:&quot;classic&quot;}\">\n\t\t\t\t\t\t<div class=\"elementor-container elementor-column-gap-default\">\n\t\t\t\t\t<div class=\"elementor-column elementor-col-100 elementor-top-column elementor-element elementor-element-e1c165d\" data-id=\"e1c165d\" data-element_type=\"column\" data-e-type=\"column\">\n\t\t\t<div class=\"elementor-widget-wrap elementor-element-populated\">\n\t\t\t\t\t\t<section class=\"elementor-section elementor-inner-section elementor-element elementor-element-1220bc2 elementor-section-full_width elementor-section-height-default elementor-section-height-default\" data-id=\"1220bc2\" data-element_type=\"section\" data-e-type=\"section\" data-settings=\"{&quot;background_background&quot;:&quot;classic&quot;}\">\n\t\t\t\t\t\t<div class=\"elementor-container elementor-column-gap-default\">\n\t\t\t\t\t<div class=\"elementor-column elementor-col-16 elementor-inner-column elementor-element elementor-element-42ef9b6\" data-id=\"42ef9b6\" data-element_type=\"column\" data-e-type=\"column\">\n\t\t\t<div class=\"elementor-widget-wrap\">\n\t\t\t\t\t\t\t<\/div>\n\t\t<\/div>\n\t\t\t\t<div class=\"elementor-column elementor-col-66 elementor-inner-column elementor-element elementor-element-6c9f807\" data-id=\"6c9f807\" data-element_type=\"column\" data-e-type=\"column\">\n\t\t\t<div class=\"elementor-widget-wrap elementor-element-populated\">\n\t\t\t\t\t\t<div class=\"elementor-element elementor-element-86e0fe4 elementor-widget elementor-widget-heading\" data-id=\"86e0fe4\" data-element_type=\"widget\" data-e-type=\"widget\" data-widget_type=\"heading.default\">\n\t\t\t\t\t<h2 class=\"elementor-heading-title elementor-size-default\">Lo Femenino<\/h2>\t\t\t\t<\/div>\n\t\t\t\t<div class=\"elementor-element elementor-element-30e2a32 elementor-widget elementor-widget-text-editor\" data-id=\"30e2a32\" data-element_type=\"widget\" data-e-type=\"widget\" data-widget_type=\"text-editor.default\">\n\t\t\t\t\t\t\t\t\t<p>Bisabuela, abuela, madre, hija y nieta. Su misi\u00f3n es dar a luz, crear, hacer crecer y embellecer la vida. La mujer es quien cocina el Tz\u2019oo (ma\u00edz precocido con cal), lo muele en la piedra de moler y hace Way\u2019 (tortillas). La mujer lleva la esencia de la Luna y la Madre Tierra, ambas ancestrales, sabias y hermosas, guardan los profundos secretos de la creaci\u00f3n. Todas las mujeres son hermosas y merecen ser amadas, respetadas y bien acompa\u00f1adas.<\/p>\t\t\t\t\t\t\t\t<\/div>\n\t\t\t\t<div class=\"elementor-element elementor-element-2798ace elementor-widget elementor-widget-heading\" data-id=\"2798ace\" data-element_type=\"widget\" data-e-type=\"widget\" data-widget_type=\"heading.default\">\n\t\t\t\t\t<h2 class=\"elementor-heading-title elementor-size-default\">Lo Masculino<\/h2>\t\t\t\t<\/div>\n\t\t\t\t<div class=\"elementor-element elementor-element-29a8507 elementor-widget elementor-widget-text-editor\" data-id=\"29a8507\" data-element_type=\"widget\" data-e-type=\"widget\" data-widget_type=\"text-editor.default\">\n\t\t\t\t\t\t\t\t\t<p>Bisabuelo, abuelo, padre, hijo y nieto. Su misi\u00f3n en la vida es proveer, crecer. Representan el cielo, el sol, son un gran servidor de Dios que complementa la Tierra. Todos los hombres son guardianes de la fuerza, tienen el coraje para defender, para dar protecci\u00f3n de todo lo que les amenaza. El hombre es quien siembra el ma\u00edz y los frijoles, quien trae la cosecha y guarda las semillas para sembrar ma\u00f1ana, trae la le\u00f1a cargada, cuenta las historias a los ni\u00f1os. Cuando los hombres est\u00e1n conectados con sus corazones, pueden sembrar la semilla de la esperanza para una nueva era. Todos los hombres merecen ser amados, alimentados, respetados y bien acompa\u00f1ados.<\/p>\t\t\t\t\t\t\t\t<\/div>\n\t\t\t\t<div class=\"elementor-element elementor-element-7ce32c0 elementor-widget elementor-widget-heading\" data-id=\"7ce32c0\" data-element_type=\"widget\" data-e-type=\"widget\" data-widget_type=\"heading.default\">\n\t\t\t\t\t<h2 class=\"elementor-heading-title elementor-size-default\">La Ceremonia<\/h2>\t\t\t\t<\/div>\n\t\t\t\t<div class=\"elementor-element elementor-element-a426f5a elementor-widget elementor-widget-text-editor\" data-id=\"a426f5a\" data-element_type=\"widget\" data-e-type=\"widget\" data-widget_type=\"text-editor.default\">\n\t\t\t\t\t\t\t\t\t<p>Cuando la mujer es presentada ante el fuego sagrado, es presentada a todos los abuelos guardianes, esp\u00edritus, seres de todo tipo, al igual que el hombre. El cham\u00e1n los gu\u00eda para jurar ante el fuego sagrado con ofrendas. Cada ofrenda y cada palabra ofrecida al fuego es un juramento de compromiso mutuo.<\/p><p> Nuestra Nan (Maestra, Sacerdotisa) Candelaria Xitamul nos dijo que cuando uno se compromete frente al fuego no hay separaci\u00f3n ni divorcio, porque al casarse con el esp\u00edritu del d\u00eda, en ese momento se invoca el esp\u00edritu de todos los ancestros para que sean testigos de la uni\u00f3n. Los ancestros viven en el aire, en las flores, en los aromas de las hierbas ofrecidas. Reciben la esencia en los regalos para el matrimonio sagrado y se les pide que bendigan lo que est\u00e1 por venir.<\/p>\t\t\t\t\t\t\t\t<\/div>\n\t\t\t\t<div class=\"elementor-element elementor-element-926ecfe elementor-widget elementor-widget-heading\" data-id=\"926ecfe\" data-element_type=\"widget\" data-e-type=\"widget\" data-widget_type=\"heading.default\">\n\t\t\t\t\t<h4 class=\"elementor-heading-title elementor-size-default\">Qu\u00e9 sucede durante la ceremonia<\/h4>\t\t\t\t<\/div>\n\t\t\t\t<div class=\"elementor-element elementor-element-2221c96 elementor-widget elementor-widget-image\" data-id=\"2221c96\" data-element_type=\"widget\" data-e-type=\"widget\" data-widget_type=\"image.default\">\n\t\t\t\t\t\t\t\t\t\t\t\t\t\t\t<img decoding=\"async\" width=\"800\" height=\"534\" src=\"https:\/\/lavalovecacao.com\/wp-content\/uploads\/2020\/10\/DanielSonyaMayanCeremony-DanielLopezPerez-002-1024x684.jpg\" class=\"attachment-large size-large wp-image-3582\" alt=\"\" srcset=\"https:\/\/lavalovecacao.com\/wp-content\/uploads\/2020\/10\/DanielSonyaMayanCeremony-DanielLopezPerez-002-1024x684.jpg 1024w, https:\/\/lavalovecacao.com\/wp-content\/uploads\/2020\/10\/DanielSonyaMayanCeremony-DanielLopezPerez-002-scaled-600x401.jpg 600w, https:\/\/lavalovecacao.com\/wp-content\/uploads\/2020\/10\/DanielSonyaMayanCeremony-DanielLopezPerez-002-300x200.jpg 300w, https:\/\/lavalovecacao.com\/wp-content\/uploads\/2020\/10\/DanielSonyaMayanCeremony-DanielLopezPerez-002-768x513.jpg 768w, https:\/\/lavalovecacao.com\/wp-content\/uploads\/2020\/10\/DanielSonyaMayanCeremony-DanielLopezPerez-002-1536x1025.jpg 1536w, https:\/\/lavalovecacao.com\/wp-content\/uploads\/2020\/10\/DanielSonyaMayanCeremony-DanielLopezPerez-002-2048x1367.jpg 2048w\" sizes=\"(max-width: 800px) 100vw, 800px\" \/>\t\t\t\t\t\t\t\t\t\t\t\t\t\t\t<\/div>\n\t\t\t\t<div class=\"elementor-element elementor-element-82b3e96 elementor-widget elementor-widget-image\" data-id=\"82b3e96\" data-element_type=\"widget\" data-e-type=\"widget\" data-widget_type=\"image.default\">\n\t\t\t\t\t\t\t\t\t\t\t\t\t\t\t<img decoding=\"async\" width=\"800\" height=\"534\" src=\"https:\/\/lavalovecacao.com\/wp-content\/uploads\/2020\/10\/DanielSonyaMayanCeremony-DanielLopezPerez-127-1024x684.jpg\" class=\"attachment-large size-large wp-image-3583\" alt=\"\" srcset=\"https:\/\/lavalovecacao.com\/wp-content\/uploads\/2020\/10\/DanielSonyaMayanCeremony-DanielLopezPerez-127-1024x684.jpg 1024w, https:\/\/lavalovecacao.com\/wp-content\/uploads\/2020\/10\/DanielSonyaMayanCeremony-DanielLopezPerez-127-scaled-600x401.jpg 600w, https:\/\/lavalovecacao.com\/wp-content\/uploads\/2020\/10\/DanielSonyaMayanCeremony-DanielLopezPerez-127-300x200.jpg 300w, https:\/\/lavalovecacao.com\/wp-content\/uploads\/2020\/10\/DanielSonyaMayanCeremony-DanielLopezPerez-127-768x513.jpg 768w, https:\/\/lavalovecacao.com\/wp-content\/uploads\/2020\/10\/DanielSonyaMayanCeremony-DanielLopezPerez-127-1536x1025.jpg 1536w, https:\/\/lavalovecacao.com\/wp-content\/uploads\/2020\/10\/DanielSonyaMayanCeremony-DanielLopezPerez-127-2048x1367.jpg 2048w\" sizes=\"(max-width: 800px) 100vw, 800px\" \/>\t\t\t\t\t\t\t\t\t\t\t\t\t\t\t<\/div>\n\t\t\t\t<div class=\"elementor-element elementor-element-c59ec8f elementor-widget elementor-widget-image\" data-id=\"c59ec8f\" data-element_type=\"widget\" data-e-type=\"widget\" data-widget_type=\"image.default\">\n\t\t\t\t\t\t\t\t\t\t\t\t\t\t\t<img loading=\"lazy\" decoding=\"async\" width=\"800\" height=\"534\" src=\"https:\/\/lavalovecacao.com\/wp-content\/uploads\/2020\/10\/DanielSonyaMayanCeremony-DanielLopezPerez-083-1024x684.jpg\" class=\"attachment-large size-large wp-image-3580\" alt=\"\" srcset=\"https:\/\/lavalovecacao.com\/wp-content\/uploads\/2020\/10\/DanielSonyaMayanCeremony-DanielLopezPerez-083-1024x684.jpg 1024w, https:\/\/lavalovecacao.com\/wp-content\/uploads\/2020\/10\/DanielSonyaMayanCeremony-DanielLopezPerez-083-scaled-600x401.jpg 600w, https:\/\/lavalovecacao.com\/wp-content\/uploads\/2020\/10\/DanielSonyaMayanCeremony-DanielLopezPerez-083-300x200.jpg 300w, https:\/\/lavalovecacao.com\/wp-content\/uploads\/2020\/10\/DanielSonyaMayanCeremony-DanielLopezPerez-083-768x513.jpg 768w, https:\/\/lavalovecacao.com\/wp-content\/uploads\/2020\/10\/DanielSonyaMayanCeremony-DanielLopezPerez-083-1536x1025.jpg 1536w, https:\/\/lavalovecacao.com\/wp-content\/uploads\/2020\/10\/DanielSonyaMayanCeremony-DanielLopezPerez-083-2048x1367.jpg 2048w\" sizes=\"(max-width: 800px) 100vw, 800px\" \/>\t\t\t\t\t\t\t\t\t\t\t\t\t\t\t<\/div>\n\t\t\t\t<div class=\"elementor-element elementor-element-7dd5d05 elementor-widget elementor-widget-text-editor\" data-id=\"7dd5d05\" data-element_type=\"widget\" data-e-type=\"widget\" data-widget_type=\"text-editor.default\">\n\t\t\t\t\t\t\t\t\t<p>La pareja se casa jurando con un antiguo <em>Ch\u2019amey<\/em>, una vara de madera en forma de serpiente que une al ser humano con su energ\u00eda vital, entregada a Izaias cuando recibi\u00f3 su misi\u00f3n de ser Ajq&#8217;ij. Es una vara de compromiso para mantener la palabra de sabidur\u00eda.<\/p><p>Mientras la pareja est\u00e1 atada con cintas sagradas, Izabel e Izaias los alimentan con una comida tradicional que simboliza la convivencia en el hogar. Beben cacao ceremonial para pedir conexi\u00f3n con el coraz\u00f3n y una relaci\u00f3n armoniosa y amorosa. Se utiliza un chal ceremonial que simboliza el hogar y el refugio para cubrirlos. Los caminos de la pareja son bendecidos con un Kajb\u2019aal (cruz de madera) que contiene los caminos blanco y amarillo del recuerdo, un s\u00edmbolo de la uni\u00f3n de los 4 caminos.<\/p>\t\t\t\t\t\t\t\t<\/div>\n\t\t\t\t<div class=\"elementor-element elementor-element-d147bab elementor-widget elementor-widget-heading\" data-id=\"d147bab\" data-element_type=\"widget\" data-e-type=\"widget\" data-widget_type=\"heading.default\">\n\t\t\t\t\t<h4 class=\"elementor-heading-title elementor-size-default\">Recibir\u00e1n<\/h4>\t\t\t\t<\/div>\n\t\t\t\t<div class=\"elementor-element elementor-element-30ff3e3 elementor-widget elementor-widget-text-editor\" data-id=\"30ff3e3\" data-element_type=\"widget\" data-e-type=\"widget\" data-widget_type=\"text-editor.default\">\n\t\t\t\t\t\t\t\t\t<div>1 s\u00edmbolo de matrimonio de piedra<\/div><div>1 chal ceremonial<\/div><div>1 cruz de las cuatro direcciones, s\u00edmbolo de los caminos<\/div><div>2 collares Nahuales hechos de piedras de jade<\/div>\t\t\t\t\t\t\t\t<\/div>\n\t\t\t\t<div class=\"elementor-element elementor-element-a44f65a elementor-widget elementor-widget-text-editor\" data-id=\"a44f65a\" data-element_type=\"widget\" data-e-type=\"widget\" data-widget_type=\"text-editor.default\">\n\t\t\t\t\t\t\t\t\t<p>\u27d0\u27d0\u27d0\u27d0\u27d0<\/p>\t\t\t\t\t\t\t\t<\/div>\n\t\t\t\t<div class=\"elementor-element elementor-element-609032a elementor-widget elementor-widget-image\" data-id=\"609032a\" data-element_type=\"widget\" data-e-type=\"widget\" data-widget_type=\"image.default\">\n\t\t\t\t\t\t\t\t\t\t\t\t\t\t\t<img loading=\"lazy\" decoding=\"async\" width=\"684\" height=\"1024\" src=\"https:\/\/lavalovecacao.com\/wp-content\/uploads\/2020\/10\/DanielSonyaMayanCeremony-DanielLopezPerez-121-684x1024.jpg\" class=\"attachment-large size-large wp-image-3584\" alt=\"\" srcset=\"https:\/\/lavalovecacao.com\/wp-content\/uploads\/2020\/10\/DanielSonyaMayanCeremony-DanielLopezPerez-121-684x1024.jpg 684w, https:\/\/lavalovecacao.com\/wp-content\/uploads\/2020\/10\/DanielSonyaMayanCeremony-DanielLopezPerez-121-scaled-600x899.jpg 600w, https:\/\/lavalovecacao.com\/wp-content\/uploads\/2020\/10\/DanielSonyaMayanCeremony-DanielLopezPerez-121-200x300.jpg 200w, https:\/\/lavalovecacao.com\/wp-content\/uploads\/2020\/10\/DanielSonyaMayanCeremony-DanielLopezPerez-121-768x1151.jpg 768w, https:\/\/lavalovecacao.com\/wp-content\/uploads\/2020\/10\/DanielSonyaMayanCeremony-DanielLopezPerez-121-1025x1536.jpg 1025w, https:\/\/lavalovecacao.com\/wp-content\/uploads\/2020\/10\/DanielSonyaMayanCeremony-DanielLopezPerez-121-1367x2048.jpg 1367w, https:\/\/lavalovecacao.com\/wp-content\/uploads\/2020\/10\/DanielSonyaMayanCeremony-DanielLopezPerez-121-scaled.jpg 1709w\" sizes=\"(max-width: 684px) 100vw, 684px\" \/>\t\t\t\t\t\t\t\t\t\t\t\t\t\t\t<\/div>\n\t\t\t\t<div class=\"elementor-element elementor-element-9a021da elementor-widget elementor-widget-heading\" data-id=\"9a021da\" data-element_type=\"widget\" data-e-type=\"widget\" data-widget_type=\"heading.default\">\n\t\t\t\t\t<h6 class=\"elementor-heading-title elementor-size-default\">Cr\u00e9ditos de fotograf\u00eda a Daniel Lopez P\u00e9rez<\/h6>\t\t\t\t<\/div>\n\t\t\t\t<div class=\"elementor-element elementor-element-2a84b17 elementor-widget elementor-widget-heading\" data-id=\"2a84b17\" data-element_type=\"widget\" data-e-type=\"widget\" data-widget_type=\"heading.default\">\n\t\t\t\t\t<h3 class=\"elementor-heading-title elementor-size-default\">CONTACTA CON NOSOTROS<\/h3>\t\t\t\t<\/div>\n\t\t\t\t<div class=\"elementor-element elementor-element-af78fc9 elementor-widget elementor-widget-text-editor\" data-id=\"af78fc9\" data-element_type=\"widget\" data-e-type=\"widget\" data-widget_type=\"text-editor.default\">\n\t\t\t\t\t\t\t\t\t<p>Si est\u00e1s planeando casarte y te interesa nuestra Ceremonia de Boda Sagrada Maya, no dudes en contactarnos para informarte sobre este d\u00eda tan especial. Nos encantar\u00eda conocer tu opini\u00f3n. <\/p>\t\t\t\t\t\t\t\t<\/div>\n\t\t\t\t<div class=\"elementor-element elementor-element-52f2918 elementor-button-info elementor-align-center elementor-widget elementor-widget-button\" data-id=\"52f2918\" data-element_type=\"widget\" data-e-type=\"widget\" data-widget_type=\"button.default\">\n\t\t\t\t\t\t\t\t\t\t<a class=\"elementor-button elementor-button-link elementor-size-sm elementor-animation-float\" href=\"mailto:sales@lavalovecacao.com\">\n\t\t\t\t\t\t<span class=\"elementor-button-content-wrapper\">\n\t\t\t\t\t\t\t\t\t<span class=\"elementor-button-text\">Cont\u00e1ctanos<\/span>\n\t\t\t\t\t<\/span>\n\t\t\t\t\t<\/a>\n\t\t\t\t\t\t\t\t<\/div>\n\t\t\t\t\t<\/div>\n\t\t<\/div>\n\t\t\t\t<div class=\"elementor-column elementor-col-16 elementor-inner-column elementor-element elementor-element-bfa7e4f\" data-id=\"bfa7e4f\" data-element_type=\"column\" data-e-type=\"column\">\n\t\t\t<div class=\"elementor-widget-wrap\">\n\t\t\t\t\t\t\t<\/div>\n\t\t<\/div>\n\t\t\t\t\t<\/div>\n\t\t<\/section>\n\t\t\t\t\t<\/div>\n\t\t<\/div>\n\t\t\t\t\t<\/div>\n\t\t<\/section>\n\t\t\t\t<\/div>\n\t\t","protected":false},"excerpt":{"rendered":"<p>Boda Sagrada Maya Lo Femenino Bisabuela, abuela, madre, hija y nieta. Su misi\u00f3n es dar a luz, crear, hacer crecer y embellecer la vida. La mujer es quien cocina el Tz\u2019oo (ma\u00edz precocido con cal), lo muele en la piedra de moler y hace Way\u2019 (tortillas). La mujer lleva la esencia de la Luna y [&hellip;]<\/p>\n","protected":false},"author":1,"featured_media":3580,"parent":0,"menu_order":0,"comment_status":"closed","ping_status":"closed","template":"elementor_header_footer","meta":{"footnotes":""},"class_list":["post-3579","page","type-page","status-publish","has-post-thumbnail","hentry"],"_links":{"self":[{"href":"https:\/\/lavalovecacao.com\/es\/wp-json\/wp\/v2\/pages\/3579","targetHints":{"allow":["GET"]}}],"collection":[{"href":"https:\/\/lavalovecacao.com\/es\/wp-json\/wp\/v2\/pages"}],"about":[{"href":"https:\/\/lavalovecacao.com\/es\/wp-json\/wp\/v2\/types\/page"}],"author":[{"embeddable":true,"href":"https:\/\/lavalovecacao.com\/es\/wp-json\/wp\/v2\/users\/1"}],"replies":[{"embeddable":true,"href":"https:\/\/lavalovecacao.com\/es\/wp-json\/wp\/v2\/comments?post=3579"}],"version-history":[{"count":3,"href":"https:\/\/lavalovecacao.com\/es\/wp-json\/wp\/v2\/pages\/3579\/revisions"}],"predecessor-version":[{"id":3587,"href":"https:\/\/lavalovecacao.com\/es\/wp-json\/wp\/v2\/pages\/3579\/revisions\/3587"}],"wp:featuredmedia":[{"embeddable":true,"href":"https:\/\/lavalovecacao.com\/es\/wp-json\/wp\/v2\/media\/3580"}],"wp:attachment":[{"href":"https:\/\/lavalovecacao.com\/es\/wp-json\/wp\/v2\/media?parent=3579"}],"curies":[{"name":"wp","href":"https:\/\/api.w.org\/{rel}","templated":true}]}}